{"id":14037,"date":"2023-03-30T14:50:11","date_gmt":"2023-03-30T12:50:11","guid":{"rendered":"https:\/\/www.leslosanges.com\/berber-carpet-azilal-175x250-cm\/"},"modified":"2023-04-26T15:18:50","modified_gmt":"2023-04-26T13:18:50","slug":"tapis-berbere-azilal-175x250-cm","status":"publish","type":"product","link":"https:\/\/www.leslosanges.com\/en\/product\/tapis-berbere-azilal-175x250-cm\/","title":{"rendered":"Berber carpet Azilal 175&#215;250 cm"},"content":{"rendered":"","protected":false},"excerpt":{"rendered":"<p><strong>Type <\/strong>: Azilal RUGS<br \/>\n<strong>Origin <\/strong>: High atlas , Morocco<br \/>\n<strong>Construction <\/strong>: Hand made<br \/>\n<strong>Material<\/strong>: Wool<br \/>\n<strong>Dimensions<\/strong>: 175&#215;250 cm<br \/>\n<strong>Condition<\/strong>: New<\/p>\n<p><img decoding=\"async\" class=\"alignright wp-image-6717 size-thumbnail\" src=\"https:\/\/www.leslosanges.com\/wp-content\/uploads\/2022\/12\/tapisberberesfaitmain-1-150x150.png\" alt=\"Handmade Berber Rug\" width=\"150\" height=\"150\" srcset=\"https:\/\/www.leslosanges.com\/wp-content\/uploads\/2022\/12\/tapisberberesfaitmain-1-66x66.png 66w, https:\/\/www.leslosanges.com\/wp-content\/uploads\/2022\/12\/tapisberberesfaitmain-1-150x150.png 150w, https:\/\/www.leslosanges.com\/wp-content\/uploads\/2022\/12\/tapisberberesfaitmain-1.png 200w\" sizes=\"(max-width: 150px) 100vw, 150px\" \/><\/p>\n","protected":false},"featured_media":13910,"comment_status":"open","ping_status":"closed","template":"","meta":{"_acf_changed":false},"product_brand":[],"product_cat":[110,117],"product_tag":[],"class_list":{"0":"post-14037","1":"product","2":"type-product","3":"status-publish","4":"has-post-thumbnail","6":"product_cat-azilal-rugs","7":"product_cat-moroccan-rug","8":"pa_couleur-multicolor","9":"pa_epoque-nine","10":"pa_fabrication-handmade-berber-rug","11":"pa_forme-rectangle-en","12":"pa_forme-square","13":"pa_matiere-thick","14":"pa_matiere-wool","15":"pa_piece-bedroom","16":"pa_piece-kitchen","17":"pa_piece-livingroom","18":"pa_style-modern-en","19":"pa_style-shaggy-en","20":"pa_style-traditional","22":"first","23":"outofstock","24":"taxable","25":"shipping-taxable","26":"purchasable","27":"product-type-simple"},"acf":[],"aioseo_notices":[],"aioseo_head":"\n\t\t<!-- All in One SEO Pro 4.9.6.2 - aioseo.com -->\n\t<meta name=\"description\" content=\"Bring a touch of cheerfulness to your home with our Berber carpet Azilal. Hand woven in Morocco with unique geometric patterns.\" \/>\n\t<meta name=\"robots\" content=\"max-image-preview:large\" \/>\n\t<meta name=\"google-site-verification\" content=\"TR79bayUbOqoarOKumvWsio6rmdIusJNq3SVVCbDl8g\" \/>\n\t<link rel=\"canonical\" href=\"https:\/\/www.leslosanges.com\/en\/product\/tapis-berbere-azilal-175x250-cm\/\" \/>\n\t<meta name=\"generator\" content=\"All in One SEO Pro (AIOSEO) 4.9.6.2\" \/>\n\t\t<meta property=\"og:locale\" content=\"en_US\" \/>\n\t\t<meta property=\"og:site_name\" content=\"Les Losanges - La boutique sp\u00e9cialis\u00e9e de tapis berbere\" \/>\n\t\t<meta property=\"og:type\" content=\"article\" \/>\n\t\t<meta property=\"og:title\" content=\"Berber carpet Azilal 175\u00d7250 cm - Free Shipping\" \/>\n\t\t<meta property=\"og:description\" content=\"Bring a touch of cheerfulness to your home with our Berber carpet Azilal. Hand woven in Morocco with unique geometric patterns.\" \/>\n\t\t<meta property=\"og:url\" content=\"https:\/\/www.leslosanges.com\/en\/product\/tapis-berbere-azilal-175x250-cm\/\" \/>\n\t\t<meta property=\"article:published_time\" content=\"2023-03-30T12:50:11+00:00\" \/>\n\t\t<meta property=\"article:modified_time\" content=\"2023-04-26T13:18:50+00:00\" \/>\n\t\t<meta name=\"twitter:card\" content=\"summary_large_image\" \/>\n\t\t<meta name=\"twitter:title\" content=\"Berber carpet Azilal 175\u00d7250 cm - Free Shipping\" \/>\n\t\t<meta name=\"twitter:description\" content=\"Bring a touch of cheerfulness to your home with our Berber carpet Azilal. Hand woven in Morocco with unique geometric patterns.\" \/>\n\t\t<script type=\"application\/ld+json\" class=\"aioseo-schema\">\n\t\t\t{\"@context\":\"https:\\\/\\\/schema.org\",\"@graph\":[{\"@type\":\"BreadcrumbList\",\"@id\":\"https:\\\/\\\/www.leslosanges.com\\\/en\\\/product\\\/tapis-berbere-azilal-175x250-cm\\\/#breadcrumblist\",\"itemListElement\":[{\"@type\":\"ListItem\",\"@id\":\"https:\\\/\\\/www.leslosanges.com\\\/en\\\/#listItem\",\"position\":1,\"name\":\"Accueil\",\"item\":\"https:\\\/\\\/www.leslosanges.com\\\/en\\\/\",\"nextItem\":{\"@type\":\"ListItem\",\"@id\":\"https:\\\/\\\/www.leslosanges.com\\\/en\\\/shop\\\/#listItem\",\"name\":\"Shop\"}},{\"@type\":\"ListItem\",\"@id\":\"https:\\\/\\\/www.leslosanges.com\\\/en\\\/shop\\\/#listItem\",\"position\":2,\"name\":\"Shop\",\"item\":\"https:\\\/\\\/www.leslosanges.com\\\/en\\\/shop\\\/\",\"nextItem\":{\"@type\":\"ListItem\",\"@id\":\"https:\\\/\\\/www.leslosanges.com\\\/en\\\/moroccan-rug\\\/#listItem\",\"name\":\"Moroccan rug\"},\"previousItem\":{\"@type\":\"ListItem\",\"@id\":\"https:\\\/\\\/www.leslosanges.com\\\/en\\\/#listItem\",\"name\":\"Accueil\"}},{\"@type\":\"ListItem\",\"@id\":\"https:\\\/\\\/www.leslosanges.com\\\/en\\\/moroccan-rug\\\/#listItem\",\"position\":3,\"name\":\"Moroccan rug\",\"item\":\"https:\\\/\\\/www.leslosanges.com\\\/en\\\/moroccan-rug\\\/\",\"nextItem\":{\"@type\":\"ListItem\",\"@id\":\"https:\\\/\\\/www.leslosanges.com\\\/en\\\/azilal-rugs\\\/#listItem\",\"name\":\"Azilal Rug\"},\"previousItem\":{\"@type\":\"ListItem\",\"@id\":\"https:\\\/\\\/www.leslosanges.com\\\/en\\\/shop\\\/#listItem\",\"name\":\"Shop\"}},{\"@type\":\"ListItem\",\"@id\":\"https:\\\/\\\/www.leslosanges.com\\\/en\\\/azilal-rugs\\\/#listItem\",\"position\":4,\"name\":\"Azilal Rug\",\"item\":\"https:\\\/\\\/www.leslosanges.com\\\/en\\\/azilal-rugs\\\/\",\"nextItem\":{\"@type\":\"ListItem\",\"@id\":\"https:\\\/\\\/www.leslosanges.com\\\/en\\\/product\\\/tapis-berbere-azilal-175x250-cm\\\/#listItem\",\"name\":\"Berber carpet Azilal 175&#215;250 cm\"},\"previousItem\":{\"@type\":\"ListItem\",\"@id\":\"https:\\\/\\\/www.leslosanges.com\\\/en\\\/moroccan-rug\\\/#listItem\",\"name\":\"Moroccan rug\"}},{\"@type\":\"ListItem\",\"@id\":\"https:\\\/\\\/www.leslosanges.com\\\/en\\\/product\\\/tapis-berbere-azilal-175x250-cm\\\/#listItem\",\"position\":5,\"name\":\"Berber carpet Azilal 175&#215;250 cm\",\"previousItem\":{\"@type\":\"ListItem\",\"@id\":\"https:\\\/\\\/www.leslosanges.com\\\/en\\\/azilal-rugs\\\/#listItem\",\"name\":\"Azilal Rug\"}}]},{\"@type\":\"Organization\",\"@id\":\"https:\\\/\\\/www.leslosanges.com\\\/en\\\/#organization\",\"name\":\"Les losanges\",\"description\":\"La boutique sp\\u00e9cialis\\u00e9e de tapis berbere\",\"url\":\"https:\\\/\\\/www.leslosanges.com\\\/en\\\/\",\"telephone\":\"+33783785254\",\"logo\":{\"@type\":\"ImageObject\",\"url\":\"https:\\\/\\\/www.leslosanges.com\\\/wp-content\\\/uploads\\\/2022\\\/11\\\/Leslosangeslogo.png\",\"@id\":\"https:\\\/\\\/www.leslosanges.com\\\/en\\\/product\\\/tapis-berbere-azilal-175x250-cm\\\/#organizationLogo\",\"width\":500,\"height\":300},\"image\":{\"@id\":\"https:\\\/\\\/www.leslosanges.com\\\/en\\\/product\\\/tapis-berbere-azilal-175x250-cm\\\/#organizationLogo\"},\"sameAs\":[\"https:\\\/\\\/www.instagram.com\\\/leslosangesshop\\\/\",\"https:\\\/\\\/www.pinterest.fr\\\/sbonnord\\\/leslosanges\\\/\"]},{\"@type\":\"Product\",\"@id\":\"https:\\\/\\\/www.leslosanges.com\\\/en\\\/product\\\/tapis-berbere-azilal-175x250-cm\\\/#wooCommerceProduct\",\"name\":\"Berber carpet Azilal 175x250 cm\",\"description\":\"Type : Azilal RUGS\\nOrigin : High atlas , Morocco\\nConstruction : Hand made\\nMaterial: Wool\\nDimensions: 175x250 cm\\nCondition: New\",\"url\":\"https:\\\/\\\/www.leslosanges.com\\\/en\\\/product\\\/tapis-berbere-azilal-175x250-cm\\\/\",\"image\":{\"@type\":\"ImageObject\",\"url\":\"https:\\\/\\\/www.leslosanges.com\\\/wp-content\\\/uploads\\\/2023\\\/03\\\/tapis-berbere-moderne-azilal-175x250-cm_original.jpeg\",\"@id\":\"https:\\\/\\\/www.leslosanges.com\\\/en\\\/product\\\/tapis-berbere-azilal-175x250-cm\\\/#productImage\",\"width\":1360,\"height\":1360},\"offers\":{\"@type\":\"Offer\",\"url\":\"https:\\\/\\\/www.leslosanges.com\\\/en\\\/product\\\/tapis-berbere-azilal-175x250-cm\\\/#wooCommerceOffer\",\"price\":800,\"priceCurrency\":\"EUR\",\"category\":\"Azilal Rug\",\"availability\":\"https:\\\/\\\/schema.org\\\/OutOfStock\",\"priceSpecification\":{\"@type\":\"PriceSpecification\",\"price\":800,\"priceCurrency\":\"EUR\",\"valueAddedTaxIncluded\":\"true\"},\"seller\":{\"@type\":\"Organization\",\"@id\":\"https:\\\/\\\/www.leslosanges.com\\\/en\\\/#organization\"}}},{\"@type\":\"WebPage\",\"@id\":\"https:\\\/\\\/www.leslosanges.com\\\/en\\\/product\\\/tapis-berbere-azilal-175x250-cm\\\/#webpage\",\"url\":\"https:\\\/\\\/www.leslosanges.com\\\/en\\\/product\\\/tapis-berbere-azilal-175x250-cm\\\/\",\"name\":\"Berber carpet Azilal 175\\u00d7250 cm - Free Shipping\",\"description\":\"Bring a touch of cheerfulness to your home with our Berber carpet Azilal. Hand woven in Morocco with unique geometric patterns.\",\"inLanguage\":\"en-US\",\"isPartOf\":{\"@id\":\"https:\\\/\\\/www.leslosanges.com\\\/en\\\/#website\"},\"breadcrumb\":{\"@id\":\"https:\\\/\\\/www.leslosanges.com\\\/en\\\/product\\\/tapis-berbere-azilal-175x250-cm\\\/#breadcrumblist\"},\"image\":{\"@type\":\"ImageObject\",\"url\":\"https:\\\/\\\/www.leslosanges.com\\\/wp-content\\\/uploads\\\/2023\\\/03\\\/tapis-berbere-moderne-azilal-175x250-cm_original.jpeg\",\"@id\":\"https:\\\/\\\/www.leslosanges.com\\\/en\\\/product\\\/tapis-berbere-azilal-175x250-cm\\\/#mainImage\",\"width\":1360,\"height\":1360},\"primaryImageOfPage\":{\"@id\":\"https:\\\/\\\/www.leslosanges.com\\\/en\\\/product\\\/tapis-berbere-azilal-175x250-cm\\\/#mainImage\"},\"datePublished\":\"2023-03-30T14:50:11+02:00\",\"dateModified\":\"2023-04-26T15:18:50+02:00\"},{\"@type\":\"WebSite\",\"@id\":\"https:\\\/\\\/www.leslosanges.com\\\/en\\\/#website\",\"url\":\"https:\\\/\\\/www.leslosanges.com\\\/en\\\/\",\"name\":\"Les Losanges, vente de tapis berbere\",\"alternateName\":\"Les Losanges\",\"description\":\"La boutique sp\\u00e9cialis\\u00e9e de tapis berbere\",\"inLanguage\":\"en-US\",\"publisher\":{\"@id\":\"https:\\\/\\\/www.leslosanges.com\\\/en\\\/#organization\"}}]}\n\t\t<\/script>\n\t\t<!-- All in One SEO Pro -->\r\n\t\t<title>Berber carpet Azilal 175\u00d7250 cm - Free Shipping<\/title>\n\n","aioseo_head_json":{"title":"Berber carpet Azilal 175\u00d7250 cm - Free Shipping","description":"Bring a touch of cheerfulness to your home with our Berber carpet Azilal. Hand woven in Morocco with unique geometric patterns.","canonical_url":"https:\/\/www.leslosanges.com\/en\/product\/tapis-berbere-azilal-175x250-cm\/","robots":"max-image-preview:large","keywords":"","webmasterTools":{"google-site-verification":"TR79bayUbOqoarOKumvWsio6rmdIusJNq3SVVCbDl8g","miscellaneous":""},"schema":{"@context":"https:\/\/schema.org","@graph":[{"@type":"BreadcrumbList","@id":"https:\/\/www.leslosanges.com\/en\/product\/tapis-berbere-azilal-175x250-cm\/#breadcrumblist","itemListElement":[{"@type":"ListItem","@id":"https:\/\/www.leslosanges.com\/en\/#listItem","position":1,"name":"Accueil","item":"https:\/\/www.leslosanges.com\/en\/","nextItem":{"@type":"ListItem","@id":"https:\/\/www.leslosanges.com\/en\/shop\/#listItem","name":"Shop"}},{"@type":"ListItem","@id":"https:\/\/www.leslosanges.com\/en\/shop\/#listItem","position":2,"name":"Shop","item":"https:\/\/www.leslosanges.com\/en\/shop\/","nextItem":{"@type":"ListItem","@id":"https:\/\/www.leslosanges.com\/en\/moroccan-rug\/#listItem","name":"Moroccan rug"},"previousItem":{"@type":"ListItem","@id":"https:\/\/www.leslosanges.com\/en\/#listItem","name":"Accueil"}},{"@type":"ListItem","@id":"https:\/\/www.leslosanges.com\/en\/moroccan-rug\/#listItem","position":3,"name":"Moroccan rug","item":"https:\/\/www.leslosanges.com\/en\/moroccan-rug\/","nextItem":{"@type":"ListItem","@id":"https:\/\/www.leslosanges.com\/en\/azilal-rugs\/#listItem","name":"Azilal Rug"},"previousItem":{"@type":"ListItem","@id":"https:\/\/www.leslosanges.com\/en\/shop\/#listItem","name":"Shop"}},{"@type":"ListItem","@id":"https:\/\/www.leslosanges.com\/en\/azilal-rugs\/#listItem","position":4,"name":"Azilal Rug","item":"https:\/\/www.leslosanges.com\/en\/azilal-rugs\/","nextItem":{"@type":"ListItem","@id":"https:\/\/www.leslosanges.com\/en\/product\/tapis-berbere-azilal-175x250-cm\/#listItem","name":"Berber carpet Azilal 175&#215;250 cm"},"previousItem":{"@type":"ListItem","@id":"https:\/\/www.leslosanges.com\/en\/moroccan-rug\/#listItem","name":"Moroccan rug"}},{"@type":"ListItem","@id":"https:\/\/www.leslosanges.com\/en\/product\/tapis-berbere-azilal-175x250-cm\/#listItem","position":5,"name":"Berber carpet Azilal 175&#215;250 cm","previousItem":{"@type":"ListItem","@id":"https:\/\/www.leslosanges.com\/en\/azilal-rugs\/#listItem","name":"Azilal Rug"}}]},{"@type":"Organization","@id":"https:\/\/www.leslosanges.com\/en\/#organization","name":"Les losanges","description":"La boutique sp\u00e9cialis\u00e9e de tapis berbere","url":"https:\/\/www.leslosanges.com\/en\/","telephone":"+33783785254","logo":{"@type":"ImageObject","url":"https:\/\/www.leslosanges.com\/wp-content\/uploads\/2022\/11\/Leslosangeslogo.png","@id":"https:\/\/www.leslosanges.com\/en\/product\/tapis-berbere-azilal-175x250-cm\/#organizationLogo","width":500,"height":300},"image":{"@id":"https:\/\/www.leslosanges.com\/en\/product\/tapis-berbere-azilal-175x250-cm\/#organizationLogo"},"sameAs":["https:\/\/www.instagram.com\/leslosangesshop\/","https:\/\/www.pinterest.fr\/sbonnord\/leslosanges\/"]},{"@type":"Product","@id":"https:\/\/www.leslosanges.com\/en\/product\/tapis-berbere-azilal-175x250-cm\/#wooCommerceProduct","name":"Berber carpet Azilal 175x250 cm","description":"Type : Azilal RUGS\nOrigin : High atlas , Morocco\nConstruction : Hand made\nMaterial: Wool\nDimensions: 175x250 cm\nCondition: New","url":"https:\/\/www.leslosanges.com\/en\/product\/tapis-berbere-azilal-175x250-cm\/","image":{"@type":"ImageObject","url":"https:\/\/www.leslosanges.com\/wp-content\/uploads\/2023\/03\/tapis-berbere-moderne-azilal-175x250-cm_original.jpeg","@id":"https:\/\/www.leslosanges.com\/en\/product\/tapis-berbere-azilal-175x250-cm\/#productImage","width":1360,"height":1360},"offers":{"@type":"Offer","url":"https:\/\/www.leslosanges.com\/en\/product\/tapis-berbere-azilal-175x250-cm\/#wooCommerceOffer","price":800,"priceCurrency":"EUR","category":"Azilal Rug","availability":"https:\/\/schema.org\/OutOfStock","priceSpecification":{"@type":"PriceSpecification","price":800,"priceCurrency":"EUR","valueAddedTaxIncluded":"true"},"seller":{"@type":"Organization","@id":"https:\/\/www.leslosanges.com\/en\/#organization"}}},{"@type":"WebPage","@id":"https:\/\/www.leslosanges.com\/en\/product\/tapis-berbere-azilal-175x250-cm\/#webpage","url":"https:\/\/www.leslosanges.com\/en\/product\/tapis-berbere-azilal-175x250-cm\/","name":"Berber carpet Azilal 175\u00d7250 cm - Free Shipping","description":"Bring a touch of cheerfulness to your home with our Berber carpet Azilal. Hand woven in Morocco with unique geometric patterns.","inLanguage":"en-US","isPartOf":{"@id":"https:\/\/www.leslosanges.com\/en\/#website"},"breadcrumb":{"@id":"https:\/\/www.leslosanges.com\/en\/product\/tapis-berbere-azilal-175x250-cm\/#breadcrumblist"},"image":{"@type":"ImageObject","url":"https:\/\/www.leslosanges.com\/wp-content\/uploads\/2023\/03\/tapis-berbere-moderne-azilal-175x250-cm_original.jpeg","@id":"https:\/\/www.leslosanges.com\/en\/product\/tapis-berbere-azilal-175x250-cm\/#mainImage","width":1360,"height":1360},"primaryImageOfPage":{"@id":"https:\/\/www.leslosanges.com\/en\/product\/tapis-berbere-azilal-175x250-cm\/#mainImage"},"datePublished":"2023-03-30T14:50:11+02:00","dateModified":"2023-04-26T15:18:50+02:00"},{"@type":"WebSite","@id":"https:\/\/www.leslosanges.com\/en\/#website","url":"https:\/\/www.leslosanges.com\/en\/","name":"Les Losanges, vente de tapis berbere","alternateName":"Les Losanges","description":"La boutique sp\u00e9cialis\u00e9e de tapis berbere","inLanguage":"en-US","publisher":{"@id":"https:\/\/www.leslosanges.com\/en\/#organization"}}]},"og:locale":"en_US","og:site_name":"Les Losanges - La boutique sp\u00e9cialis\u00e9e de tapis berbere","og:type":"article","og:title":"Berber carpet Azilal 175\u00d7250 cm - Free Shipping","og:description":"Bring a touch of cheerfulness to your home with our Berber carpet Azilal. Hand woven in Morocco with unique geometric patterns.","og:url":"https:\/\/www.leslosanges.com\/en\/product\/tapis-berbere-azilal-175x250-cm\/","article:published_time":"2023-03-30T12:50:11+00:00","article:modified_time":"2023-04-26T13:18:50+00:00","twitter:card":"summary_large_image","twitter:title":"Berber carpet Azilal 175\u00d7250 cm - Free Shipping","twitter:description":"Bring a touch of cheerfulness to your home with our Berber carpet Azilal. Hand woven in Morocco with unique geometric patterns."},"aioseo_meta_data":{"post_id":"14037","title":"#post_title #separator_sa Free Shipping","description":"Bring a touch of cheerfulness to your home with our Berber carpet Azilal. Hand woven in Morocco with unique geometric patterns.","keywords":[],"keyphrases":{"focus":{"keyphrase":"","score":0,"analysis":{"keyphraseInTitle":{"score":0,"maxScore":9,"error":1}}},"additional":[]},"primary_term":null,"canonical_url":null,"og_title":null,"og_description":null,"og_object_type":"default","og_image_type":"default","og_image_url":null,"og_image_width":null,"og_image_height":null,"og_image_custom_url":null,"og_image_custom_fields":null,"og_video":"","og_custom_url":null,"og_article_section":null,"og_article_tags":[],"twitter_use_og":false,"twitter_card":"default","twitter_image_type":"default","twitter_image_url":null,"twitter_image_custom_url":null,"twitter_image_custom_fields":null,"twitter_title":null,"twitter_description":null,"schema":{"blockGraphs":[],"customGraphs":[],"default":{"data":{"Article":[],"Course":[],"Dataset":[],"FAQPage":[],"Movie":[],"Person":[],"Product":[],"ProductReview":[],"Car":[],"Recipe":[],"Service":[],"SoftwareApplication":[],"WebPage":[]},"graphName":"","isEnabled":true},"graphs":[]},"schema_type":"default","schema_type_options":null,"pillar_content":false,"robots_default":true,"robots_noindex":false,"robots_noarchive":false,"robots_nosnippet":false,"robots_nofollow":false,"robots_noimageindex":false,"robots_noodp":false,"robots_notranslate":false,"robots_max_snippet":"-1","robots_max_videopreview":"-1","robots_max_imagepreview":"large","priority":null,"frequency":"default","local_seo":null,"seo_analyzer_scan_date":"2025-10-09 04:10:51","breadcrumb_settings":null,"limit_modified_date":false,"open_ai":"{\"title\":{\"suggestions\":[],\"usage\":0},\"description\":{\"suggestions\":[],\"usage\":0}}","ai":null,"created":"2023-03-31 11:25:12","updated":"2025-10-09 04:10:51"},"aioseo_breadcrumb":"<div class=\"aioseo-breadcrumbs\"><span class=\"aioseo-breadcrumb\">\n\t<a href=\"https:\/\/www.leslosanges.com\/en\/\" title=\"Accueil\">Accueil<\/a>\n<\/span><span class=\"aioseo-breadcrumb-separator\">\u203a<\/span><span class=\"aioseo-breadcrumb\">\n\t<a href=\"https:\/\/www.leslosanges.com\/en\/shop\/\" title=\"Shop\">Shop<\/a>\n<\/span><span class=\"aioseo-breadcrumb-separator\">\u203a<\/span><span class=\"aioseo-breadcrumb\">\n\t<a href=\"https:\/\/www.leslosanges.com\/en\/moroccan-rug\/\" title=\"Moroccan rug\">Moroccan rug<\/a>\n<\/span><span class=\"aioseo-breadcrumb-separator\">\u203a<\/span><span class=\"aioseo-breadcrumb\">\n\t<a href=\"https:\/\/www.leslosanges.com\/en\/azilal-rugs\/\" title=\"Azilal Rug\">Azilal Rug<\/a>\n<\/span><span class=\"aioseo-breadcrumb-separator\">\u203a<\/span><span class=\"aioseo-breadcrumb\">\n\tBerber carpet Azilal 175\u00d7250 cm\n<\/span><\/div>","aioseo_breadcrumb_json":[{"label":"Accueil","link":"https:\/\/www.leslosanges.com\/en\/"},{"label":"Shop","link":"https:\/\/www.leslosanges.com\/en\/shop\/"},{"label":"Moroccan rug","link":"https:\/\/www.leslosanges.com\/en\/moroccan-rug\/"},{"label":"Azilal Rug","link":"https:\/\/www.leslosanges.com\/en\/azilal-rugs\/"},{"label":"Berber carpet Azilal 175&#215;250 cm","link":"https:\/\/www.leslosanges.com\/en\/product\/tapis-berbere-azilal-175x250-cm\/"}],"_links":{"self":[{"href":"https:\/\/www.leslosanges.com\/en\/wp-json\/wp\/v2\/product\/14037","targetHints":{"allow":["GET"]}}],"collection":[{"href":"https:\/\/www.leslosanges.com\/en\/wp-json\/wp\/v2\/product"}],"about":[{"href":"https:\/\/www.leslosanges.com\/en\/wp-json\/wp\/v2\/types\/product"}],"replies":[{"embeddable":true,"href":"https:\/\/www.leslosanges.com\/en\/wp-json\/wp\/v2\/comments?post=14037"}],"wp:featuredmedia":[{"embeddable":true,"href":"https:\/\/www.leslosanges.com\/en\/wp-json\/wp\/v2\/media\/13910"}],"wp:attachment":[{"href":"https:\/\/www.leslosanges.com\/en\/wp-json\/wp\/v2\/media?parent=14037"}],"wp:term":[{"taxonomy":"product_brand","embeddable":true,"href":"https:\/\/www.leslosanges.com\/en\/wp-json\/wp\/v2\/product_brand?post=14037"},{"taxonomy":"product_cat","embeddable":true,"href":"https:\/\/www.leslosanges.com\/en\/wp-json\/wp\/v2\/product_cat?post=14037"},{"taxonomy":"product_tag","embeddable":true,"href":"https:\/\/www.leslosanges.com\/en\/wp-json\/wp\/v2\/product_tag?post=14037"}],"curies":[{"name":"wp","href":"https:\/\/api.w.org\/{rel}","templated":true}]}}