{"id":21747,"date":"2024-04-15T10:13:52","date_gmt":"2024-04-15T08:13:52","guid":{"rendered":"https:\/\/www.leslosanges.com\/?post_type=product&#038;p=21747"},"modified":"2024-11-09T20:42:41","modified_gmt":"2024-11-09T19:42:41","slug":"beni-ouarain-berber-rug-220x290-cm","status":"publish","type":"product","link":"https:\/\/www.leslosanges.com\/en\/product\/beni-ouarain-berber-rug-220x290-cm\/","title":{"rendered":"Beni Ouarain Berber Rug 220&#215;290 cm"},"content":{"rendered":"<p>Add a touch of understated luxury to your living room or bedroom with this sumptuous new Beni Ouarain rug, sourced directly from the Moroccan Middle Atlas. This rug, hand-woven from the finest quality wool, measures 220&#215;290 cm and is perfect for adding a touch of comfort and elegance to large spaces. The minimalist design and natural wool color create a soothing atmosphere, while the traditional geometric patterns inject subtle sophistication. The exceptional durability and softness of this rug make it an ideal choice for rooms where comfort is king, transforming your living room or bedroom into a haven of tranquility and style.<\/p>\n","protected":false},"excerpt":{"rendered":"<p><strong>Type\u00a0<\/strong>: RUGS Beni Ouarain<br \/>\n<strong>Origin\u00a0<\/strong>: Middle Atlas , Morocco<br \/>\n<strong>Construction\u00a0<\/strong>: Hand made<br \/>\n<strong>Material<\/strong>: Wool<br \/>\n<strong>Dimensions<\/strong>: 220\u00d7290 cm<br \/>\n<strong>Year<\/strong>\u00a0: 2023<br \/>\n<img decoding=\"async\" class=\"alignright wp-image-6717 size-thumbnail\" src=\"https:\/\/www.leslosanges.com\/wp-content\/uploads\/2022\/12\/tapisberberesfaitmain-1-150x150.png\" alt=\"tapisberberesfaitmain\" width=\"150\" height=\"150\" srcset=\"https:\/\/www.leslosanges.com\/wp-content\/uploads\/2022\/12\/tapisberberesfaitmain-1-66x66.png 66w, https:\/\/www.leslosanges.com\/wp-content\/uploads\/2022\/12\/tapisberberesfaitmain-1-150x150.png 150w, https:\/\/www.leslosanges.com\/wp-content\/uploads\/2022\/12\/tapisberberesfaitmain-1.png 200w\" sizes=\"(max-width: 150px) 100vw, 150px\" \/><\/p>\n","protected":false},"featured_media":21739,"comment_status":"open","ping_status":"closed","template":"","meta":{"_acf_changed":false},"product_brand":[],"product_cat":[300,112,185,117],"product_tag":[],"class_list":{"0":"post-21747","1":"product","2":"type-product","3":"status-publish","4":"has-post-thumbnail","6":"product_cat-all-our-carpets","7":"product_cat-beni-ouarain-rugs","8":"product_cat-berber-carpet","9":"product_cat-moroccan-rug","10":"pa_couleur-beige-en","11":"pa_epoque-nine","12":"pa_fabrication-handmade-berber-rug","13":"pa_forme-rectangle-en","14":"pa_matiere-wool","15":"pa_piece-bedroom","16":"pa_piece-livingroom","17":"pa_style-modern-en","18":"pa_taille-extra-large-en","20":"first","21":"outofstock","22":"taxable","23":"shipping-taxable","24":"purchasable","25":"product-type-simple"},"acf":[],"aioseo_notices":[],"aioseo_head":"\n\t\t<!-- All in One SEO Pro 4.9.6.2 - aioseo.com -->\n\t<meta name=\"description\" content=\"D\u00e9couvrez ce Beni Ouarain Berber Rug 220\u00d7290 cm disponible sur notre site en ligne. Ajoutez une touche d&#039;authenticit\u00e9 \u00e0 votre int\u00e9rieur avec ce All our carpets\" \/>\n\t<meta name=\"robots\" content=\"max-image-preview:large\" \/>\n\t<meta name=\"google-site-verification\" content=\"TR79bayUbOqoarOKumvWsio6rmdIusJNq3SVVCbDl8g\" \/>\n\t<link rel=\"canonical\" href=\"https:\/\/www.leslosanges.com\/en\/product\/beni-ouarain-berber-rug-220x290-cm\/\" \/>\n\t<meta name=\"generator\" content=\"All in One SEO Pro (AIOSEO) 4.9.6.2\" \/>\n\t\t<meta property=\"og:locale\" content=\"en_US\" \/>\n\t\t<meta property=\"og:site_name\" content=\"Les Losanges - La boutique sp\u00e9cialis\u00e9e de tapis berbere\" \/>\n\t\t<meta property=\"og:type\" content=\"article\" \/>\n\t\t<meta property=\"og:title\" content=\"Beni Ouarain Berber Rug 220\u00d7290 cm Livraison gratuite\" \/>\n\t\t<meta property=\"og:description\" content=\"D\u00e9couvrez ce Beni Ouarain Berber Rug 220\u00d7290 cm disponible sur notre site en ligne. Ajoutez une touche d&#039;authenticit\u00e9 \u00e0 votre int\u00e9rieur avec ce All our carpets\" \/>\n\t\t<meta property=\"og:url\" content=\"https:\/\/www.leslosanges.com\/en\/product\/beni-ouarain-berber-rug-220x290-cm\/\" \/>\n\t\t<meta property=\"article:published_time\" content=\"2024-04-15T08:13:52+00:00\" \/>\n\t\t<meta property=\"article:modified_time\" content=\"2024-11-09T19:42:41+00:00\" \/>\n\t\t<meta name=\"twitter:card\" content=\"summary_large_image\" \/>\n\t\t<meta name=\"twitter:title\" content=\"Beni Ouarain Berber Rug 220\u00d7290 cm Livraison gratuite\" \/>\n\t\t<meta name=\"twitter:description\" content=\"D\u00e9couvrez ce Beni Ouarain Berber Rug 220\u00d7290 cm disponible sur notre site en ligne. Ajoutez une touche d&#039;authenticit\u00e9 \u00e0 votre int\u00e9rieur avec ce All our carpets\" \/>\n\t\t<script type=\"application\/ld+json\" class=\"aioseo-schema\">\n\t\t\t{\"@context\":\"https:\\\/\\\/schema.org\",\"@graph\":[{\"@type\":\"BreadcrumbList\",\"@id\":\"https:\\\/\\\/www.leslosanges.com\\\/en\\\/product\\\/beni-ouarain-berber-rug-220x290-cm\\\/#breadcrumblist\",\"itemListElement\":[{\"@type\":\"ListItem\",\"@id\":\"https:\\\/\\\/www.leslosanges.com\\\/en\\\/#listItem\",\"position\":1,\"name\":\"Accueil\",\"item\":\"https:\\\/\\\/www.leslosanges.com\\\/en\\\/\",\"nextItem\":{\"@type\":\"ListItem\",\"@id\":\"https:\\\/\\\/www.leslosanges.com\\\/en\\\/shop\\\/#listItem\",\"name\":\"Shop\"}},{\"@type\":\"ListItem\",\"@id\":\"https:\\\/\\\/www.leslosanges.com\\\/en\\\/shop\\\/#listItem\",\"position\":2,\"name\":\"Shop\",\"item\":\"https:\\\/\\\/www.leslosanges.com\\\/en\\\/shop\\\/\",\"nextItem\":{\"@type\":\"ListItem\",\"@id\":\"https:\\\/\\\/www.leslosanges.com\\\/en\\\/moroccan-rug\\\/#listItem\",\"name\":\"Moroccan rug\"},\"previousItem\":{\"@type\":\"ListItem\",\"@id\":\"https:\\\/\\\/www.leslosanges.com\\\/en\\\/#listItem\",\"name\":\"Accueil\"}},{\"@type\":\"ListItem\",\"@id\":\"https:\\\/\\\/www.leslosanges.com\\\/en\\\/moroccan-rug\\\/#listItem\",\"position\":3,\"name\":\"Moroccan rug\",\"item\":\"https:\\\/\\\/www.leslosanges.com\\\/en\\\/moroccan-rug\\\/\",\"nextItem\":{\"@type\":\"ListItem\",\"@id\":\"https:\\\/\\\/www.leslosanges.com\\\/en\\\/beni-ouarain-rugs\\\/#listItem\",\"name\":\"Beni Ouarain rug\"},\"previousItem\":{\"@type\":\"ListItem\",\"@id\":\"https:\\\/\\\/www.leslosanges.com\\\/en\\\/shop\\\/#listItem\",\"name\":\"Shop\"}},{\"@type\":\"ListItem\",\"@id\":\"https:\\\/\\\/www.leslosanges.com\\\/en\\\/beni-ouarain-rugs\\\/#listItem\",\"position\":4,\"name\":\"Beni Ouarain rug\",\"item\":\"https:\\\/\\\/www.leslosanges.com\\\/en\\\/beni-ouarain-rugs\\\/\",\"nextItem\":{\"@type\":\"ListItem\",\"@id\":\"https:\\\/\\\/www.leslosanges.com\\\/en\\\/product\\\/beni-ouarain-berber-rug-220x290-cm\\\/#listItem\",\"name\":\"Beni Ouarain Berber Rug 220&#215;290 cm\"},\"previousItem\":{\"@type\":\"ListItem\",\"@id\":\"https:\\\/\\\/www.leslosanges.com\\\/en\\\/moroccan-rug\\\/#listItem\",\"name\":\"Moroccan rug\"}},{\"@type\":\"ListItem\",\"@id\":\"https:\\\/\\\/www.leslosanges.com\\\/en\\\/product\\\/beni-ouarain-berber-rug-220x290-cm\\\/#listItem\",\"position\":5,\"name\":\"Beni Ouarain Berber Rug 220&#215;290 cm\",\"previousItem\":{\"@type\":\"ListItem\",\"@id\":\"https:\\\/\\\/www.leslosanges.com\\\/en\\\/beni-ouarain-rugs\\\/#listItem\",\"name\":\"Beni Ouarain rug\"}}]},{\"@type\":\"Organization\",\"@id\":\"https:\\\/\\\/www.leslosanges.com\\\/en\\\/#organization\",\"name\":\"Les losanges\",\"description\":\"La boutique sp\\u00e9cialis\\u00e9e de tapis berbere\",\"url\":\"https:\\\/\\\/www.leslosanges.com\\\/en\\\/\",\"telephone\":\"+33783785254\",\"logo\":{\"@type\":\"ImageObject\",\"url\":\"https:\\\/\\\/www.leslosanges.com\\\/wp-content\\\/uploads\\\/2022\\\/11\\\/Leslosangeslogo.png\",\"@id\":\"https:\\\/\\\/www.leslosanges.com\\\/en\\\/product\\\/beni-ouarain-berber-rug-220x290-cm\\\/#organizationLogo\",\"width\":500,\"height\":300},\"image\":{\"@id\":\"https:\\\/\\\/www.leslosanges.com\\\/en\\\/product\\\/beni-ouarain-berber-rug-220x290-cm\\\/#organizationLogo\"},\"sameAs\":[\"https:\\\/\\\/www.instagram.com\\\/leslosangesshop\\\/\",\"https:\\\/\\\/www.pinterest.fr\\\/sbonnord\\\/leslosanges\\\/\"]},{\"@type\":\"Product\",\"@id\":\"https:\\\/\\\/www.leslosanges.com\\\/en\\\/product\\\/beni-ouarain-berber-rug-220x290-cm\\\/#wooCommerceProduct\",\"name\":\"Beni Ouarain Berber Rug 220x290 cm\",\"description\":\"Type\\u00a0: RUGS Beni Ouarain\\r\\nOrigin\\u00a0: Middle Atlas , Morocco\\r\\nConstruction\\u00a0: Hand made\\r\\nMaterial: Wool\\r\\nDimensions: 220\\u00d7290 cm\\r\\nYear\\u00a0: 2023\",\"url\":\"https:\\\/\\\/www.leslosanges.com\\\/en\\\/product\\\/beni-ouarain-berber-rug-220x290-cm\\\/\",\"image\":{\"@type\":\"ImageObject\",\"url\":\"https:\\\/\\\/www.leslosanges.com\\\/wp-content\\\/uploads\\\/2024\\\/04\\\/tapi-beni.png\",\"@id\":\"https:\\\/\\\/www.leslosanges.com\\\/en\\\/product\\\/beni-ouarain-berber-rug-220x290-cm\\\/#productImage\",\"width\":996,\"height\":998},\"offers\":{\"@type\":\"Offer\",\"url\":\"https:\\\/\\\/www.leslosanges.com\\\/en\\\/product\\\/beni-ouarain-berber-rug-220x290-cm\\\/#wooCommerceOffer\",\"price\":990,\"priceCurrency\":\"EUR\",\"category\":\"All our carpets\",\"availability\":\"https:\\\/\\\/schema.org\\\/OutOfStock\",\"priceSpecification\":{\"@type\":\"PriceSpecification\",\"price\":990,\"priceCurrency\":\"EUR\",\"valueAddedTaxIncluded\":\"true\"},\"seller\":{\"@type\":\"Organization\",\"@id\":\"https:\\\/\\\/www.leslosanges.com\\\/en\\\/#organization\"}}},{\"@type\":\"WebPage\",\"@id\":\"https:\\\/\\\/www.leslosanges.com\\\/en\\\/product\\\/beni-ouarain-berber-rug-220x290-cm\\\/#webpage\",\"url\":\"https:\\\/\\\/www.leslosanges.com\\\/en\\\/product\\\/beni-ouarain-berber-rug-220x290-cm\\\/\",\"name\":\"Beni Ouarain Berber Rug 220\\u00d7290 cm Livraison gratuite\",\"description\":\"D\\u00e9couvrez ce Beni Ouarain Berber Rug 220\\u00d7290 cm disponible sur notre site en ligne. Ajoutez une touche d'authenticit\\u00e9 \\u00e0 votre int\\u00e9rieur avec ce All our carpets\",\"inLanguage\":\"en-US\",\"isPartOf\":{\"@id\":\"https:\\\/\\\/www.leslosanges.com\\\/en\\\/#website\"},\"breadcrumb\":{\"@id\":\"https:\\\/\\\/www.leslosanges.com\\\/en\\\/product\\\/beni-ouarain-berber-rug-220x290-cm\\\/#breadcrumblist\"},\"image\":{\"@type\":\"ImageObject\",\"url\":\"https:\\\/\\\/www.leslosanges.com\\\/wp-content\\\/uploads\\\/2024\\\/04\\\/tapi-beni.png\",\"@id\":\"https:\\\/\\\/www.leslosanges.com\\\/en\\\/product\\\/beni-ouarain-berber-rug-220x290-cm\\\/#mainImage\",\"width\":996,\"height\":998},\"primaryImageOfPage\":{\"@id\":\"https:\\\/\\\/www.leslosanges.com\\\/en\\\/product\\\/beni-ouarain-berber-rug-220x290-cm\\\/#mainImage\"},\"datePublished\":\"2024-04-15T10:13:52+02:00\",\"dateModified\":\"2024-11-09T20:42:41+01:00\"},{\"@type\":\"WebSite\",\"@id\":\"https:\\\/\\\/www.leslosanges.com\\\/en\\\/#website\",\"url\":\"https:\\\/\\\/www.leslosanges.com\\\/en\\\/\",\"name\":\"Les Losanges, vente de tapis berbere\",\"alternateName\":\"Les Losanges\",\"description\":\"La boutique sp\\u00e9cialis\\u00e9e de tapis berbere\",\"inLanguage\":\"en-US\",\"publisher\":{\"@id\":\"https:\\\/\\\/www.leslosanges.com\\\/en\\\/#organization\"}}]}\n\t\t<\/script>\n\t\t<!-- All in One SEO Pro -->\r\n\t\t<title>Beni Ouarain Berber Rug 220\u00d7290 cm Livraison gratuite<\/title>\n\n","aioseo_head_json":{"title":"Beni Ouarain Berber Rug 220\u00d7290 cm Livraison gratuite","description":"D\u00e9couvrez ce Beni Ouarain Berber Rug 220\u00d7290 cm disponible sur notre site en ligne. Ajoutez une touche d'authenticit\u00e9 \u00e0 votre int\u00e9rieur avec ce All our carpets","canonical_url":"https:\/\/www.leslosanges.com\/en\/product\/beni-ouarain-berber-rug-220x290-cm\/","robots":"max-image-preview:large","keywords":"","webmasterTools":{"google-site-verification":"TR79bayUbOqoarOKumvWsio6rmdIusJNq3SVVCbDl8g","miscellaneous":""},"schema":{"@context":"https:\/\/schema.org","@graph":[{"@type":"BreadcrumbList","@id":"https:\/\/www.leslosanges.com\/en\/product\/beni-ouarain-berber-rug-220x290-cm\/#breadcrumblist","itemListElement":[{"@type":"ListItem","@id":"https:\/\/www.leslosanges.com\/en\/#listItem","position":1,"name":"Accueil","item":"https:\/\/www.leslosanges.com\/en\/","nextItem":{"@type":"ListItem","@id":"https:\/\/www.leslosanges.com\/en\/shop\/#listItem","name":"Shop"}},{"@type":"ListItem","@id":"https:\/\/www.leslosanges.com\/en\/shop\/#listItem","position":2,"name":"Shop","item":"https:\/\/www.leslosanges.com\/en\/shop\/","nextItem":{"@type":"ListItem","@id":"https:\/\/www.leslosanges.com\/en\/moroccan-rug\/#listItem","name":"Moroccan rug"},"previousItem":{"@type":"ListItem","@id":"https:\/\/www.leslosanges.com\/en\/#listItem","name":"Accueil"}},{"@type":"ListItem","@id":"https:\/\/www.leslosanges.com\/en\/moroccan-rug\/#listItem","position":3,"name":"Moroccan rug","item":"https:\/\/www.leslosanges.com\/en\/moroccan-rug\/","nextItem":{"@type":"ListItem","@id":"https:\/\/www.leslosanges.com\/en\/beni-ouarain-rugs\/#listItem","name":"Beni Ouarain rug"},"previousItem":{"@type":"ListItem","@id":"https:\/\/www.leslosanges.com\/en\/shop\/#listItem","name":"Shop"}},{"@type":"ListItem","@id":"https:\/\/www.leslosanges.com\/en\/beni-ouarain-rugs\/#listItem","position":4,"name":"Beni Ouarain rug","item":"https:\/\/www.leslosanges.com\/en\/beni-ouarain-rugs\/","nextItem":{"@type":"ListItem","@id":"https:\/\/www.leslosanges.com\/en\/product\/beni-ouarain-berber-rug-220x290-cm\/#listItem","name":"Beni Ouarain Berber Rug 220&#215;290 cm"},"previousItem":{"@type":"ListItem","@id":"https:\/\/www.leslosanges.com\/en\/moroccan-rug\/#listItem","name":"Moroccan rug"}},{"@type":"ListItem","@id":"https:\/\/www.leslosanges.com\/en\/product\/beni-ouarain-berber-rug-220x290-cm\/#listItem","position":5,"name":"Beni Ouarain Berber Rug 220&#215;290 cm","previousItem":{"@type":"ListItem","@id":"https:\/\/www.leslosanges.com\/en\/beni-ouarain-rugs\/#listItem","name":"Beni Ouarain rug"}}]},{"@type":"Organization","@id":"https:\/\/www.leslosanges.com\/en\/#organization","name":"Les losanges","description":"La boutique sp\u00e9cialis\u00e9e de tapis berbere","url":"https:\/\/www.leslosanges.com\/en\/","telephone":"+33783785254","logo":{"@type":"ImageObject","url":"https:\/\/www.leslosanges.com\/wp-content\/uploads\/2022\/11\/Leslosangeslogo.png","@id":"https:\/\/www.leslosanges.com\/en\/product\/beni-ouarain-berber-rug-220x290-cm\/#organizationLogo","width":500,"height":300},"image":{"@id":"https:\/\/www.leslosanges.com\/en\/product\/beni-ouarain-berber-rug-220x290-cm\/#organizationLogo"},"sameAs":["https:\/\/www.instagram.com\/leslosangesshop\/","https:\/\/www.pinterest.fr\/sbonnord\/leslosanges\/"]},{"@type":"Product","@id":"https:\/\/www.leslosanges.com\/en\/product\/beni-ouarain-berber-rug-220x290-cm\/#wooCommerceProduct","name":"Beni Ouarain Berber Rug 220x290 cm","description":"Type\u00a0: RUGS Beni Ouarain\r\nOrigin\u00a0: Middle Atlas , Morocco\r\nConstruction\u00a0: Hand made\r\nMaterial: Wool\r\nDimensions: 220\u00d7290 cm\r\nYear\u00a0: 2023","url":"https:\/\/www.leslosanges.com\/en\/product\/beni-ouarain-berber-rug-220x290-cm\/","image":{"@type":"ImageObject","url":"https:\/\/www.leslosanges.com\/wp-content\/uploads\/2024\/04\/tapi-beni.png","@id":"https:\/\/www.leslosanges.com\/en\/product\/beni-ouarain-berber-rug-220x290-cm\/#productImage","width":996,"height":998},"offers":{"@type":"Offer","url":"https:\/\/www.leslosanges.com\/en\/product\/beni-ouarain-berber-rug-220x290-cm\/#wooCommerceOffer","price":990,"priceCurrency":"EUR","category":"All our carpets","availability":"https:\/\/schema.org\/OutOfStock","priceSpecification":{"@type":"PriceSpecification","price":990,"priceCurrency":"EUR","valueAddedTaxIncluded":"true"},"seller":{"@type":"Organization","@id":"https:\/\/www.leslosanges.com\/en\/#organization"}}},{"@type":"WebPage","@id":"https:\/\/www.leslosanges.com\/en\/product\/beni-ouarain-berber-rug-220x290-cm\/#webpage","url":"https:\/\/www.leslosanges.com\/en\/product\/beni-ouarain-berber-rug-220x290-cm\/","name":"Beni Ouarain Berber Rug 220\u00d7290 cm Livraison gratuite","description":"D\u00e9couvrez ce Beni Ouarain Berber Rug 220\u00d7290 cm disponible sur notre site en ligne. Ajoutez une touche d'authenticit\u00e9 \u00e0 votre int\u00e9rieur avec ce All our carpets","inLanguage":"en-US","isPartOf":{"@id":"https:\/\/www.leslosanges.com\/en\/#website"},"breadcrumb":{"@id":"https:\/\/www.leslosanges.com\/en\/product\/beni-ouarain-berber-rug-220x290-cm\/#breadcrumblist"},"image":{"@type":"ImageObject","url":"https:\/\/www.leslosanges.com\/wp-content\/uploads\/2024\/04\/tapi-beni.png","@id":"https:\/\/www.leslosanges.com\/en\/product\/beni-ouarain-berber-rug-220x290-cm\/#mainImage","width":996,"height":998},"primaryImageOfPage":{"@id":"https:\/\/www.leslosanges.com\/en\/product\/beni-ouarain-berber-rug-220x290-cm\/#mainImage"},"datePublished":"2024-04-15T10:13:52+02:00","dateModified":"2024-11-09T20:42:41+01:00"},{"@type":"WebSite","@id":"https:\/\/www.leslosanges.com\/en\/#website","url":"https:\/\/www.leslosanges.com\/en\/","name":"Les Losanges, vente de tapis berbere","alternateName":"Les Losanges","description":"La boutique sp\u00e9cialis\u00e9e de tapis berbere","inLanguage":"en-US","publisher":{"@id":"https:\/\/www.leslosanges.com\/en\/#organization"}}]},"og:locale":"en_US","og:site_name":"Les Losanges - La boutique sp\u00e9cialis\u00e9e de tapis berbere","og:type":"article","og:title":"Beni Ouarain Berber Rug 220\u00d7290 cm Livraison gratuite","og:description":"D\u00e9couvrez ce Beni Ouarain Berber Rug 220\u00d7290 cm disponible sur notre site en ligne. Ajoutez une touche d'authenticit\u00e9 \u00e0 votre int\u00e9rieur avec ce All our carpets","og:url":"https:\/\/www.leslosanges.com\/en\/product\/beni-ouarain-berber-rug-220x290-cm\/","article:published_time":"2024-04-15T08:13:52+00:00","article:modified_time":"2024-11-09T19:42:41+00:00","twitter:card":"summary_large_image","twitter:title":"Beni Ouarain Berber Rug 220\u00d7290 cm Livraison gratuite","twitter:description":"D\u00e9couvrez ce Beni Ouarain Berber Rug 220\u00d7290 cm disponible sur notre site en ligne. Ajoutez une touche d'authenticit\u00e9 \u00e0 votre int\u00e9rieur avec ce All our carpets"},"aioseo_meta_data":{"post_id":"21747","title":null,"description":null,"keywords":[],"keyphrases":{"focus":{"keyphrase":"","score":0,"analysis":{"keyphraseInTitle":{"score":0,"maxScore":9,"error":1}}},"additional":[]},"primary_term":null,"canonical_url":null,"og_title":null,"og_description":null,"og_object_type":"default","og_image_type":"default","og_image_url":null,"og_image_width":null,"og_image_height":null,"og_image_custom_url":null,"og_image_custom_fields":null,"og_video":"","og_custom_url":null,"og_article_section":null,"og_article_tags":[],"twitter_use_og":false,"twitter_card":"default","twitter_image_type":"default","twitter_image_url":null,"twitter_image_custom_url":null,"twitter_image_custom_fields":null,"twitter_title":null,"twitter_description":null,"schema":{"blockGraphs":[],"customGraphs":[],"default":{"data":{"Article":[],"Course":[],"Dataset":[],"FAQPage":[],"Movie":[],"Person":[],"Product":[],"ProductReview":[],"Car":[],"Recipe":[],"Service":[],"SoftwareApplication":[],"WebPage":[]},"graphName":"Product","isEnabled":true},"graphs":[]},"schema_type":"default","schema_type_options":null,"pillar_content":false,"robots_default":true,"robots_noindex":false,"robots_noarchive":false,"robots_nosnippet":false,"robots_nofollow":false,"robots_noimageindex":false,"robots_noodp":false,"robots_notranslate":false,"robots_max_snippet":"-1","robots_max_videopreview":"-1","robots_max_imagepreview":"large","priority":null,"frequency":"default","local_seo":null,"seo_analyzer_scan_date":"2025-10-09 04:08:30","breadcrumb_settings":null,"limit_modified_date":false,"open_ai":"{\"title\":{\"suggestions\":[],\"usage\":0},\"description\":{\"suggestions\":[],\"usage\":0}}","ai":null,"created":"2024-04-16 15:03:38","updated":"2025-10-09 04:08:30"},"aioseo_breadcrumb":"<div class=\"aioseo-breadcrumbs\"><span class=\"aioseo-breadcrumb\">\n\t<a href=\"https:\/\/www.leslosanges.com\/en\/\" title=\"Accueil\">Accueil<\/a>\n<\/span><span class=\"aioseo-breadcrumb-separator\">\u203a<\/span><span class=\"aioseo-breadcrumb\">\n\t<a href=\"https:\/\/www.leslosanges.com\/en\/shop\/\" title=\"Shop\">Shop<\/a>\n<\/span><span class=\"aioseo-breadcrumb-separator\">\u203a<\/span><span class=\"aioseo-breadcrumb\">\n\t<a href=\"https:\/\/www.leslosanges.com\/en\/moroccan-rug\/\" title=\"Moroccan rug\">Moroccan rug<\/a>\n<\/span><span class=\"aioseo-breadcrumb-separator\">\u203a<\/span><span class=\"aioseo-breadcrumb\">\n\t<a href=\"https:\/\/www.leslosanges.com\/en\/beni-ouarain-rugs\/\" title=\"Beni Ouarain rug\">Beni Ouarain rug<\/a>\n<\/span><span class=\"aioseo-breadcrumb-separator\">\u203a<\/span><span class=\"aioseo-breadcrumb\">\n\tBeni Ouarain Berber Rug 220\u00d7290 cm\n<\/span><\/div>","aioseo_breadcrumb_json":[{"label":"Accueil","link":"https:\/\/www.leslosanges.com\/en\/"},{"label":"Shop","link":"https:\/\/www.leslosanges.com\/en\/shop\/"},{"label":"Moroccan rug","link":"https:\/\/www.leslosanges.com\/en\/moroccan-rug\/"},{"label":"Beni Ouarain rug","link":"https:\/\/www.leslosanges.com\/en\/beni-ouarain-rugs\/"},{"label":"Beni Ouarain Berber Rug 220&#215;290 cm","link":"https:\/\/www.leslosanges.com\/en\/product\/beni-ouarain-berber-rug-220x290-cm\/"}],"_links":{"self":[{"href":"https:\/\/www.leslosanges.com\/en\/wp-json\/wp\/v2\/product\/21747","targetHints":{"allow":["GET"]}}],"collection":[{"href":"https:\/\/www.leslosanges.com\/en\/wp-json\/wp\/v2\/product"}],"about":[{"href":"https:\/\/www.leslosanges.com\/en\/wp-json\/wp\/v2\/types\/product"}],"replies":[{"embeddable":true,"href":"https:\/\/www.leslosanges.com\/en\/wp-json\/wp\/v2\/comments?post=21747"}],"wp:featuredmedia":[{"embeddable":true,"href":"https:\/\/www.leslosanges.com\/en\/wp-json\/wp\/v2\/media\/21739"}],"wp:attachment":[{"href":"https:\/\/www.leslosanges.com\/en\/wp-json\/wp\/v2\/media?parent=21747"}],"wp:term":[{"taxonomy":"product_brand","embeddable":true,"href":"https:\/\/www.leslosanges.com\/en\/wp-json\/wp\/v2\/product_brand?post=21747"},{"taxonomy":"product_cat","embeddable":true,"href":"https:\/\/www.leslosanges.com\/en\/wp-json\/wp\/v2\/product_cat?post=21747"},{"taxonomy":"product_tag","embeddable":true,"href":"https:\/\/www.leslosanges.com\/en\/wp-json\/wp\/v2\/product_tag?post=21747"}],"curies":[{"name":"wp","href":"https:\/\/api.w.org\/{rel}","templated":true}]}}