{"id":25578,"date":"2024-11-20T11:18:14","date_gmt":"2024-11-20T10:18:14","guid":{"rendered":"https:\/\/www.leslosanges.com\/tigro-beni-ouarain-modern-moroccan-rug-black-stripes-pattern-215-x-250-cm\/"},"modified":"2024-11-20T11:18:14","modified_gmt":"2024-11-20T10:18:14","slug":"tigro-beni-ouarain-modern-moroccan-rug-black-stripes-pattern-215-x-250-cm","status":"publish","type":"product","link":"https:\/\/www.leslosanges.com\/en\/product\/tigro-beni-ouarain-modern-moroccan-rug-black-stripes-pattern-215-x-250-cm\/","title":{"rendered":"Tigro\/ Beni Ouarain Modern Moroccan rug &#8211; Black stripes pattern &#8211; 215 x 250 cm"},"content":{"rendered":"<p>Bring timeless elegance to your home with this modern Beni Ouarain Moroccan rug. Hand-woven by Berber craftsmen, it is crafted from natural wool, guaranteeing exceptional quality and incomparable softness. Its bold black stripes on a beige background add a contemporary touch while paying homage to Berber tradition.  <\/p>\n<p>This modern Beni Ouarain Moroccan rug is a tribute to Berber craft traditions while incorporating contemporary elements. Handcrafted by Moroccan artisans, this rug combines minimalist design with high-quality materials. Black stripes on a beige background create a bold contrast that&#8217;s perfect for modern, industrial or Scandinavian decors.  <\/p>\n<p>Ideal for bright rooms or spaces requiring a touch of sophistication, this rug is both durable and easy to integrate. As well as being a decorative object, it provides warmth and comfort thanks to its thick, soft wool. <\/p>\n<p>&nbsp;<\/p>\n<p>&nbsp;<\/p>\n","protected":false},"excerpt":{"rendered":"<ul>\n<li><strong>Origin:<\/strong> Middle Atlas region, Morocco<\/li>\n<li><strong>Material:<\/strong> 100% natural wool<\/li>\n<li><strong>Dimensions:<\/strong> 215 x 250 cm<\/li>\n<li><strong>Design:<\/strong> Modern black stripes on a beige background<\/li>\n<li><strong>Technique:<\/strong> Handcrafted weaving<\/li>\n<li><strong>Use:<\/strong> Ideal for living rooms, bedrooms or offices<\/li>\n<\/ul>\n<p><img decoding=\"async\" class=\"alignright wp-image-6717 size-thumbnail\" src=\"https:\/\/www.leslosanges.com\/wp-content\/uploads\/2022\/12\/tapisberberesfaitmain-1-150x150.png\" alt=\"carpetberberesfaitmain\" width=\"150\" height=\"150\" srcset=\"https:\/\/www.leslosanges.com\/wp-content\/uploads\/2022\/12\/tapisberberesfaitmain-1-66x66.png 66w, https:\/\/www.leslosanges.com\/wp-content\/uploads\/2022\/12\/tapisberberesfaitmain-1-150x150.png 150w, https:\/\/www.leslosanges.com\/wp-content\/uploads\/2022\/12\/tapisberberesfaitmain-1.png 200w\" sizes=\"(max-width: 150px) 100vw, 150px\" \/><\/p>\n","protected":false},"featured_media":22904,"comment_status":"open","ping_status":"closed","template":"","meta":{"_acf_changed":false},"product_brand":[],"product_cat":[300,112,117],"product_tag":[],"class_list":{"0":"post-25578","1":"product","2":"type-product","3":"status-publish","4":"has-post-thumbnail","6":"product_cat-all-our-carpets","7":"product_cat-beni-ouarain-rugs","8":"product_cat-moroccan-rug","9":"pa_couleur-black","10":"pa_couleur-multicolor","11":"pa_couleur-orange-en","12":"pa_epoque-nine","13":"pa_fabrication-handmade-berber-rug","14":"pa_forme-rectangle-en","15":"pa_matiere-wool","16":"pa_piece-livingroom","17":"pa_style-modern-en","18":"pa_taille-large","20":"first","21":"instock","22":"taxable","23":"shipping-taxable","24":"purchasable","25":"product-type-simple"},"acf":[],"aioseo_notices":[],"aioseo_head":"\n\t\t<!-- All in One SEO Pro 4.9.6.2 - aioseo.com -->\n\t<meta name=\"description\" content=\"D\u00e9couvrez ce Tigro\/ Beni Ouarain Modern Moroccan rug \u2013 Black stripes pattern \u2013 215 x 250 cm disponible sur notre site en ligne. Ajoutez une touche d&#039;authenticit\u00e9 \u00e0 votre int\u00e9rieur avec ce All our carpets\" \/>\n\t<meta name=\"robots\" content=\"max-image-preview:large\" \/>\n\t<meta name=\"google-site-verification\" content=\"TR79bayUbOqoarOKumvWsio6rmdIusJNq3SVVCbDl8g\" \/>\n\t<link rel=\"canonical\" href=\"https:\/\/www.leslosanges.com\/en\/product\/tigro-beni-ouarain-modern-moroccan-rug-black-stripes-pattern-215-x-250-cm\/\" \/>\n\t<meta name=\"generator\" content=\"All in One SEO Pro (AIOSEO) 4.9.6.2\" \/>\n\t\t<meta property=\"og:locale\" content=\"en_US\" \/>\n\t\t<meta property=\"og:site_name\" content=\"Les Losanges - La boutique sp\u00e9cialis\u00e9e de tapis berbere\" \/>\n\t\t<meta property=\"og:type\" content=\"article\" \/>\n\t\t<meta property=\"og:title\" content=\"Tigro\/ Beni Ouarain Modern Moroccan rug \u2013 Black stripes pattern \u2013 215 x 250 cm Livraison gratuite\" \/>\n\t\t<meta property=\"og:description\" content=\"D\u00e9couvrez ce Tigro\/ Beni Ouarain Modern Moroccan rug \u2013 Black stripes pattern \u2013 215 x 250 cm disponible sur notre site en ligne. Ajoutez une touche d&#039;authenticit\u00e9 \u00e0 votre int\u00e9rieur avec ce All our carpets\" \/>\n\t\t<meta property=\"og:url\" content=\"https:\/\/www.leslosanges.com\/en\/product\/tigro-beni-ouarain-modern-moroccan-rug-black-stripes-pattern-215-x-250-cm\/\" \/>\n\t\t<meta property=\"article:published_time\" content=\"2024-11-20T10:18:14+00:00\" \/>\n\t\t<meta property=\"article:modified_time\" content=\"2024-11-20T10:18:14+00:00\" \/>\n\t\t<meta name=\"twitter:card\" content=\"summary_large_image\" \/>\n\t\t<meta name=\"twitter:title\" content=\"Tigro\/ Beni Ouarain Modern Moroccan rug \u2013 Black stripes pattern \u2013 215 x 250 cm Livraison gratuite\" \/>\n\t\t<meta name=\"twitter:description\" content=\"D\u00e9couvrez ce Tigro\/ Beni Ouarain Modern Moroccan rug \u2013 Black stripes pattern \u2013 215 x 250 cm disponible sur notre site en ligne. Ajoutez une touche d&#039;authenticit\u00e9 \u00e0 votre int\u00e9rieur avec ce All our carpets\" \/>\n\t\t<script type=\"application\/ld+json\" class=\"aioseo-schema\">\n\t\t\t{\"@context\":\"https:\\\/\\\/schema.org\",\"@graph\":[{\"@type\":\"BreadcrumbList\",\"@id\":\"https:\\\/\\\/www.leslosanges.com\\\/en\\\/product\\\/tigro-beni-ouarain-modern-moroccan-rug-black-stripes-pattern-215-x-250-cm\\\/#breadcrumblist\",\"itemListElement\":[{\"@type\":\"ListItem\",\"@id\":\"https:\\\/\\\/www.leslosanges.com\\\/en\\\/#listItem\",\"position\":1,\"name\":\"Accueil\",\"item\":\"https:\\\/\\\/www.leslosanges.com\\\/en\\\/\",\"nextItem\":{\"@type\":\"ListItem\",\"@id\":\"https:\\\/\\\/www.leslosanges.com\\\/en\\\/shop\\\/#listItem\",\"name\":\"Shop\"}},{\"@type\":\"ListItem\",\"@id\":\"https:\\\/\\\/www.leslosanges.com\\\/en\\\/shop\\\/#listItem\",\"position\":2,\"name\":\"Shop\",\"item\":\"https:\\\/\\\/www.leslosanges.com\\\/en\\\/shop\\\/\",\"nextItem\":{\"@type\":\"ListItem\",\"@id\":\"https:\\\/\\\/www.leslosanges.com\\\/en\\\/moroccan-rug\\\/#listItem\",\"name\":\"Moroccan rug\"},\"previousItem\":{\"@type\":\"ListItem\",\"@id\":\"https:\\\/\\\/www.leslosanges.com\\\/en\\\/#listItem\",\"name\":\"Accueil\"}},{\"@type\":\"ListItem\",\"@id\":\"https:\\\/\\\/www.leslosanges.com\\\/en\\\/moroccan-rug\\\/#listItem\",\"position\":3,\"name\":\"Moroccan rug\",\"item\":\"https:\\\/\\\/www.leslosanges.com\\\/en\\\/moroccan-rug\\\/\",\"nextItem\":{\"@type\":\"ListItem\",\"@id\":\"https:\\\/\\\/www.leslosanges.com\\\/en\\\/beni-ouarain-rugs\\\/#listItem\",\"name\":\"Beni Ouarain rug\"},\"previousItem\":{\"@type\":\"ListItem\",\"@id\":\"https:\\\/\\\/www.leslosanges.com\\\/en\\\/shop\\\/#listItem\",\"name\":\"Shop\"}},{\"@type\":\"ListItem\",\"@id\":\"https:\\\/\\\/www.leslosanges.com\\\/en\\\/beni-ouarain-rugs\\\/#listItem\",\"position\":4,\"name\":\"Beni Ouarain rug\",\"item\":\"https:\\\/\\\/www.leslosanges.com\\\/en\\\/beni-ouarain-rugs\\\/\",\"nextItem\":{\"@type\":\"ListItem\",\"@id\":\"https:\\\/\\\/www.leslosanges.com\\\/en\\\/product\\\/tigro-beni-ouarain-modern-moroccan-rug-black-stripes-pattern-215-x-250-cm\\\/#listItem\",\"name\":\"Tigro\\\/ Beni Ouarain Modern Moroccan rug &#8211; Black stripes pattern &#8211; 215 x 250 cm\"},\"previousItem\":{\"@type\":\"ListItem\",\"@id\":\"https:\\\/\\\/www.leslosanges.com\\\/en\\\/moroccan-rug\\\/#listItem\",\"name\":\"Moroccan rug\"}},{\"@type\":\"ListItem\",\"@id\":\"https:\\\/\\\/www.leslosanges.com\\\/en\\\/product\\\/tigro-beni-ouarain-modern-moroccan-rug-black-stripes-pattern-215-x-250-cm\\\/#listItem\",\"position\":5,\"name\":\"Tigro\\\/ Beni Ouarain Modern Moroccan rug &#8211; Black stripes pattern &#8211; 215 x 250 cm\",\"previousItem\":{\"@type\":\"ListItem\",\"@id\":\"https:\\\/\\\/www.leslosanges.com\\\/en\\\/beni-ouarain-rugs\\\/#listItem\",\"name\":\"Beni Ouarain rug\"}}]},{\"@type\":\"Organization\",\"@id\":\"https:\\\/\\\/www.leslosanges.com\\\/en\\\/#organization\",\"name\":\"Les losanges\",\"description\":\"La boutique sp\\u00e9cialis\\u00e9e de tapis berbere\",\"url\":\"https:\\\/\\\/www.leslosanges.com\\\/en\\\/\",\"telephone\":\"+33783785254\",\"logo\":{\"@type\":\"ImageObject\",\"url\":\"https:\\\/\\\/www.leslosanges.com\\\/wp-content\\\/uploads\\\/2022\\\/11\\\/Leslosangeslogo.png\",\"@id\":\"https:\\\/\\\/www.leslosanges.com\\\/en\\\/product\\\/tigro-beni-ouarain-modern-moroccan-rug-black-stripes-pattern-215-x-250-cm\\\/#organizationLogo\",\"width\":500,\"height\":300},\"image\":{\"@id\":\"https:\\\/\\\/www.leslosanges.com\\\/en\\\/product\\\/tigro-beni-ouarain-modern-moroccan-rug-black-stripes-pattern-215-x-250-cm\\\/#organizationLogo\"},\"sameAs\":[\"https:\\\/\\\/www.instagram.com\\\/leslosangesshop\\\/\",\"https:\\\/\\\/www.pinterest.fr\\\/sbonnord\\\/leslosanges\\\/\"]},{\"@type\":\"Product\",\"@id\":\"https:\\\/\\\/www.leslosanges.com\\\/en\\\/product\\\/tigro-beni-ouarain-modern-moroccan-rug-black-stripes-pattern-215-x-250-cm\\\/#wooCommerceProduct\",\"name\":\"Tigro\\\/ Beni Ouarain Modern Moroccan rug - Black stripes pattern - 215 x 250 cm\",\"description\":\"Origin: Middle Atlas region, Morocco\\n \\tMaterial: 100% natural wool\\n \\tDimensions: 215 x 250 cm\\n \\tDesign: Modern black stripes on a beige background\\n \\tTechnique: Handcrafted weaving\\n \\tUse: Ideal for living rooms, bedrooms or offices\",\"url\":\"https:\\\/\\\/www.leslosanges.com\\\/en\\\/product\\\/tigro-beni-ouarain-modern-moroccan-rug-black-stripes-pattern-215-x-250-cm\\\/\",\"image\":{\"@type\":\"ImageObject\",\"url\":\"https:\\\/\\\/www.leslosanges.com\\\/wp-content\\\/uploads\\\/2024\\\/11\\\/IMG_7793-Photoroom.jpeg\",\"@id\":\"https:\\\/\\\/www.leslosanges.com\\\/en\\\/product\\\/tigro-beni-ouarain-modern-moroccan-rug-black-stripes-pattern-215-x-250-cm\\\/#productImage\",\"width\":1466,\"height\":1785,\"caption\":\"Moroccan Berber rug in natural wool with abstract and geometric motifs\"},\"offers\":{\"@type\":\"Offer\",\"url\":\"https:\\\/\\\/www.leslosanges.com\\\/en\\\/product\\\/tigro-beni-ouarain-modern-moroccan-rug-black-stripes-pattern-215-x-250-cm\\\/#wooCommerceOffer\",\"price\":800,\"priceCurrency\":\"EUR\",\"category\":\"All our carpets\",\"availability\":\"https:\\\/\\\/schema.org\\\/InStock\",\"priceSpecification\":{\"@type\":\"PriceSpecification\",\"price\":800,\"priceCurrency\":\"EUR\",\"valueAddedTaxIncluded\":\"true\"},\"seller\":{\"@type\":\"Organization\",\"@id\":\"https:\\\/\\\/www.leslosanges.com\\\/en\\\/#organization\"}}},{\"@type\":\"WebPage\",\"@id\":\"https:\\\/\\\/www.leslosanges.com\\\/en\\\/product\\\/tigro-beni-ouarain-modern-moroccan-rug-black-stripes-pattern-215-x-250-cm\\\/#webpage\",\"url\":\"https:\\\/\\\/www.leslosanges.com\\\/en\\\/product\\\/tigro-beni-ouarain-modern-moroccan-rug-black-stripes-pattern-215-x-250-cm\\\/\",\"name\":\"Tigro\\\/ Beni Ouarain Modern Moroccan rug \\u2013 Black stripes pattern \\u2013 215 x 250 cm Livraison gratuite\",\"description\":\"D\\u00e9couvrez ce Tigro\\\/ Beni Ouarain Modern Moroccan rug \\u2013 Black stripes pattern \\u2013 215 x 250 cm disponible sur notre site en ligne. Ajoutez une touche d'authenticit\\u00e9 \\u00e0 votre int\\u00e9rieur avec ce All our carpets\",\"inLanguage\":\"en-US\",\"isPartOf\":{\"@id\":\"https:\\\/\\\/www.leslosanges.com\\\/en\\\/#website\"},\"breadcrumb\":{\"@id\":\"https:\\\/\\\/www.leslosanges.com\\\/en\\\/product\\\/tigro-beni-ouarain-modern-moroccan-rug-black-stripes-pattern-215-x-250-cm\\\/#breadcrumblist\"},\"image\":{\"@type\":\"ImageObject\",\"url\":\"https:\\\/\\\/www.leslosanges.com\\\/wp-content\\\/uploads\\\/2024\\\/11\\\/IMG_7793-Photoroom.jpeg\",\"@id\":\"https:\\\/\\\/www.leslosanges.com\\\/en\\\/product\\\/tigro-beni-ouarain-modern-moroccan-rug-black-stripes-pattern-215-x-250-cm\\\/#mainImage\",\"width\":1466,\"height\":1785,\"caption\":\"Moroccan Berber rug in natural wool with abstract and geometric motifs\"},\"primaryImageOfPage\":{\"@id\":\"https:\\\/\\\/www.leslosanges.com\\\/en\\\/product\\\/tigro-beni-ouarain-modern-moroccan-rug-black-stripes-pattern-215-x-250-cm\\\/#mainImage\"},\"datePublished\":\"2024-11-20T11:18:14+01:00\",\"dateModified\":\"2024-11-20T11:18:14+01:00\"},{\"@type\":\"WebSite\",\"@id\":\"https:\\\/\\\/www.leslosanges.com\\\/en\\\/#website\",\"url\":\"https:\\\/\\\/www.leslosanges.com\\\/en\\\/\",\"name\":\"Les Losanges, vente de tapis berbere\",\"alternateName\":\"Les Losanges\",\"description\":\"La boutique sp\\u00e9cialis\\u00e9e de tapis berbere\",\"inLanguage\":\"en-US\",\"publisher\":{\"@id\":\"https:\\\/\\\/www.leslosanges.com\\\/en\\\/#organization\"}}]}\n\t\t<\/script>\n\t\t<!-- All in One SEO Pro -->\r\n\t\t<title>Tigro\/ Beni Ouarain Modern Moroccan rug \u2013 Black stripes pattern \u2013 215 x 250 cm Livraison gratuite<\/title>\n\n","aioseo_head_json":{"title":"Tigro\/ Beni Ouarain Modern Moroccan rug \u2013 Black stripes pattern \u2013 215 x 250 cm Livraison gratuite","description":"D\u00e9couvrez ce Tigro\/ Beni Ouarain Modern Moroccan rug \u2013 Black stripes pattern \u2013 215 x 250 cm disponible sur notre site en ligne. Ajoutez une touche d'authenticit\u00e9 \u00e0 votre int\u00e9rieur avec ce All our carpets","canonical_url":"https:\/\/www.leslosanges.com\/en\/product\/tigro-beni-ouarain-modern-moroccan-rug-black-stripes-pattern-215-x-250-cm\/","robots":"max-image-preview:large","keywords":"","webmasterTools":{"google-site-verification":"TR79bayUbOqoarOKumvWsio6rmdIusJNq3SVVCbDl8g","miscellaneous":""},"schema":{"@context":"https:\/\/schema.org","@graph":[{"@type":"BreadcrumbList","@id":"https:\/\/www.leslosanges.com\/en\/product\/tigro-beni-ouarain-modern-moroccan-rug-black-stripes-pattern-215-x-250-cm\/#breadcrumblist","itemListElement":[{"@type":"ListItem","@id":"https:\/\/www.leslosanges.com\/en\/#listItem","position":1,"name":"Accueil","item":"https:\/\/www.leslosanges.com\/en\/","nextItem":{"@type":"ListItem","@id":"https:\/\/www.leslosanges.com\/en\/shop\/#listItem","name":"Shop"}},{"@type":"ListItem","@id":"https:\/\/www.leslosanges.com\/en\/shop\/#listItem","position":2,"name":"Shop","item":"https:\/\/www.leslosanges.com\/en\/shop\/","nextItem":{"@type":"ListItem","@id":"https:\/\/www.leslosanges.com\/en\/moroccan-rug\/#listItem","name":"Moroccan rug"},"previousItem":{"@type":"ListItem","@id":"https:\/\/www.leslosanges.com\/en\/#listItem","name":"Accueil"}},{"@type":"ListItem","@id":"https:\/\/www.leslosanges.com\/en\/moroccan-rug\/#listItem","position":3,"name":"Moroccan rug","item":"https:\/\/www.leslosanges.com\/en\/moroccan-rug\/","nextItem":{"@type":"ListItem","@id":"https:\/\/www.leslosanges.com\/en\/beni-ouarain-rugs\/#listItem","name":"Beni Ouarain rug"},"previousItem":{"@type":"ListItem","@id":"https:\/\/www.leslosanges.com\/en\/shop\/#listItem","name":"Shop"}},{"@type":"ListItem","@id":"https:\/\/www.leslosanges.com\/en\/beni-ouarain-rugs\/#listItem","position":4,"name":"Beni Ouarain rug","item":"https:\/\/www.leslosanges.com\/en\/beni-ouarain-rugs\/","nextItem":{"@type":"ListItem","@id":"https:\/\/www.leslosanges.com\/en\/product\/tigro-beni-ouarain-modern-moroccan-rug-black-stripes-pattern-215-x-250-cm\/#listItem","name":"Tigro\/ Beni Ouarain Modern Moroccan rug &#8211; Black stripes pattern &#8211; 215 x 250 cm"},"previousItem":{"@type":"ListItem","@id":"https:\/\/www.leslosanges.com\/en\/moroccan-rug\/#listItem","name":"Moroccan rug"}},{"@type":"ListItem","@id":"https:\/\/www.leslosanges.com\/en\/product\/tigro-beni-ouarain-modern-moroccan-rug-black-stripes-pattern-215-x-250-cm\/#listItem","position":5,"name":"Tigro\/ Beni Ouarain Modern Moroccan rug &#8211; Black stripes pattern &#8211; 215 x 250 cm","previousItem":{"@type":"ListItem","@id":"https:\/\/www.leslosanges.com\/en\/beni-ouarain-rugs\/#listItem","name":"Beni Ouarain rug"}}]},{"@type":"Organization","@id":"https:\/\/www.leslosanges.com\/en\/#organization","name":"Les losanges","description":"La boutique sp\u00e9cialis\u00e9e de tapis berbere","url":"https:\/\/www.leslosanges.com\/en\/","telephone":"+33783785254","logo":{"@type":"ImageObject","url":"https:\/\/www.leslosanges.com\/wp-content\/uploads\/2022\/11\/Leslosangeslogo.png","@id":"https:\/\/www.leslosanges.com\/en\/product\/tigro-beni-ouarain-modern-moroccan-rug-black-stripes-pattern-215-x-250-cm\/#organizationLogo","width":500,"height":300},"image":{"@id":"https:\/\/www.leslosanges.com\/en\/product\/tigro-beni-ouarain-modern-moroccan-rug-black-stripes-pattern-215-x-250-cm\/#organizationLogo"},"sameAs":["https:\/\/www.instagram.com\/leslosangesshop\/","https:\/\/www.pinterest.fr\/sbonnord\/leslosanges\/"]},{"@type":"Product","@id":"https:\/\/www.leslosanges.com\/en\/product\/tigro-beni-ouarain-modern-moroccan-rug-black-stripes-pattern-215-x-250-cm\/#wooCommerceProduct","name":"Tigro\/ Beni Ouarain Modern Moroccan rug - Black stripes pattern - 215 x 250 cm","description":"Origin: Middle Atlas region, Morocco\n \tMaterial: 100% natural wool\n \tDimensions: 215 x 250 cm\n \tDesign: Modern black stripes on a beige background\n \tTechnique: Handcrafted weaving\n \tUse: Ideal for living rooms, bedrooms or offices","url":"https:\/\/www.leslosanges.com\/en\/product\/tigro-beni-ouarain-modern-moroccan-rug-black-stripes-pattern-215-x-250-cm\/","image":{"@type":"ImageObject","url":"https:\/\/www.leslosanges.com\/wp-content\/uploads\/2024\/11\/IMG_7793-Photoroom.jpeg","@id":"https:\/\/www.leslosanges.com\/en\/product\/tigro-beni-ouarain-modern-moroccan-rug-black-stripes-pattern-215-x-250-cm\/#productImage","width":1466,"height":1785,"caption":"Moroccan Berber rug in natural wool with abstract and geometric motifs"},"offers":{"@type":"Offer","url":"https:\/\/www.leslosanges.com\/en\/product\/tigro-beni-ouarain-modern-moroccan-rug-black-stripes-pattern-215-x-250-cm\/#wooCommerceOffer","price":800,"priceCurrency":"EUR","category":"All our carpets","availability":"https:\/\/schema.org\/InStock","priceSpecification":{"@type":"PriceSpecification","price":800,"priceCurrency":"EUR","valueAddedTaxIncluded":"true"},"seller":{"@type":"Organization","@id":"https:\/\/www.leslosanges.com\/en\/#organization"}}},{"@type":"WebPage","@id":"https:\/\/www.leslosanges.com\/en\/product\/tigro-beni-ouarain-modern-moroccan-rug-black-stripes-pattern-215-x-250-cm\/#webpage","url":"https:\/\/www.leslosanges.com\/en\/product\/tigro-beni-ouarain-modern-moroccan-rug-black-stripes-pattern-215-x-250-cm\/","name":"Tigro\/ Beni Ouarain Modern Moroccan rug \u2013 Black stripes pattern \u2013 215 x 250 cm Livraison gratuite","description":"D\u00e9couvrez ce Tigro\/ Beni Ouarain Modern Moroccan rug \u2013 Black stripes pattern \u2013 215 x 250 cm disponible sur notre site en ligne. Ajoutez une touche d'authenticit\u00e9 \u00e0 votre int\u00e9rieur avec ce All our carpets","inLanguage":"en-US","isPartOf":{"@id":"https:\/\/www.leslosanges.com\/en\/#website"},"breadcrumb":{"@id":"https:\/\/www.leslosanges.com\/en\/product\/tigro-beni-ouarain-modern-moroccan-rug-black-stripes-pattern-215-x-250-cm\/#breadcrumblist"},"image":{"@type":"ImageObject","url":"https:\/\/www.leslosanges.com\/wp-content\/uploads\/2024\/11\/IMG_7793-Photoroom.jpeg","@id":"https:\/\/www.leslosanges.com\/en\/product\/tigro-beni-ouarain-modern-moroccan-rug-black-stripes-pattern-215-x-250-cm\/#mainImage","width":1466,"height":1785,"caption":"Moroccan Berber rug in natural wool with abstract and geometric motifs"},"primaryImageOfPage":{"@id":"https:\/\/www.leslosanges.com\/en\/product\/tigro-beni-ouarain-modern-moroccan-rug-black-stripes-pattern-215-x-250-cm\/#mainImage"},"datePublished":"2024-11-20T11:18:14+01:00","dateModified":"2024-11-20T11:18:14+01:00"},{"@type":"WebSite","@id":"https:\/\/www.leslosanges.com\/en\/#website","url":"https:\/\/www.leslosanges.com\/en\/","name":"Les Losanges, vente de tapis berbere","alternateName":"Les Losanges","description":"La boutique sp\u00e9cialis\u00e9e de tapis berbere","inLanguage":"en-US","publisher":{"@id":"https:\/\/www.leslosanges.com\/en\/#organization"}}]},"og:locale":"en_US","og:site_name":"Les Losanges - La boutique sp\u00e9cialis\u00e9e de tapis berbere","og:type":"article","og:title":"Tigro\/ Beni Ouarain Modern Moroccan rug \u2013 Black stripes pattern \u2013 215 x 250 cm Livraison gratuite","og:description":"D\u00e9couvrez ce Tigro\/ Beni Ouarain Modern Moroccan rug \u2013 Black stripes pattern \u2013 215 x 250 cm disponible sur notre site en ligne. Ajoutez une touche d'authenticit\u00e9 \u00e0 votre int\u00e9rieur avec ce All our carpets","og:url":"https:\/\/www.leslosanges.com\/en\/product\/tigro-beni-ouarain-modern-moroccan-rug-black-stripes-pattern-215-x-250-cm\/","article:published_time":"2024-11-20T10:18:14+00:00","article:modified_time":"2024-11-20T10:18:14+00:00","twitter:card":"summary_large_image","twitter:title":"Tigro\/ Beni Ouarain Modern Moroccan rug \u2013 Black stripes pattern \u2013 215 x 250 cm Livraison gratuite","twitter:description":"D\u00e9couvrez ce Tigro\/ Beni Ouarain Modern Moroccan rug \u2013 Black stripes pattern \u2013 215 x 250 cm disponible sur notre site en ligne. Ajoutez une touche d'authenticit\u00e9 \u00e0 votre int\u00e9rieur avec ce All our carpets"},"aioseo_meta_data":{"post_id":"25578","title":null,"description":null,"keywords":[],"keyphrases":{"focus":{"keyphrase":"","score":0,"analysis":{"keyphraseInTitle":{"score":0,"maxScore":9,"error":1}}},"additional":[]},"primary_term":null,"canonical_url":null,"og_title":null,"og_description":null,"og_object_type":"default","og_image_type":"default","og_image_url":null,"og_image_width":null,"og_image_height":null,"og_image_custom_url":null,"og_image_custom_fields":null,"og_video":"","og_custom_url":null,"og_article_section":null,"og_article_tags":[],"twitter_use_og":false,"twitter_card":"default","twitter_image_type":"default","twitter_image_url":null,"twitter_image_custom_url":null,"twitter_image_custom_fields":null,"twitter_title":null,"twitter_description":null,"schema":{"blockGraphs":[],"customGraphs":[],"default":{"data":{"Article":[],"Course":[],"Dataset":[],"FAQPage":[],"Movie":[],"Person":[],"Product":[],"ProductReview":[],"Car":[],"Recipe":[],"Service":[],"SoftwareApplication":[],"WebPage":[]},"graphName":"Product","isEnabled":true},"graphs":[]},"schema_type":"default","schema_type_options":null,"pillar_content":false,"robots_default":true,"robots_noindex":false,"robots_noarchive":false,"robots_nosnippet":false,"robots_nofollow":false,"robots_noimageindex":false,"robots_noodp":false,"robots_notranslate":false,"robots_max_snippet":"-1","robots_max_videopreview":"-1","robots_max_imagepreview":"large","priority":null,"frequency":"default","local_seo":null,"seo_analyzer_scan_date":"2025-10-09 03:16:43","breadcrumb_settings":null,"limit_modified_date":false,"open_ai":"{\"title\":{\"suggestions\":[],\"usage\":0},\"description\":{\"suggestions\":[],\"usage\":0}}","ai":null,"created":"2026-01-11 12:34:11","updated":"2026-01-11 12:34:14"},"aioseo_breadcrumb":"<div class=\"aioseo-breadcrumbs\"><span class=\"aioseo-breadcrumb\">\n\t<a href=\"https:\/\/www.leslosanges.com\/en\/\" title=\"Accueil\">Accueil<\/a>\n<\/span><span class=\"aioseo-breadcrumb-separator\">\u203a<\/span><span class=\"aioseo-breadcrumb\">\n\t<a href=\"https:\/\/www.leslosanges.com\/en\/shop\/\" title=\"Shop\">Shop<\/a>\n<\/span><span class=\"aioseo-breadcrumb-separator\">\u203a<\/span><span class=\"aioseo-breadcrumb\">\n\t<a href=\"https:\/\/www.leslosanges.com\/en\/moroccan-rug\/\" title=\"Moroccan rug\">Moroccan rug<\/a>\n<\/span><span class=\"aioseo-breadcrumb-separator\">\u203a<\/span><span class=\"aioseo-breadcrumb\">\n\t<a href=\"https:\/\/www.leslosanges.com\/en\/beni-ouarain-rugs\/\" title=\"Beni Ouarain rug\">Beni Ouarain rug<\/a>\n<\/span><span class=\"aioseo-breadcrumb-separator\">\u203a<\/span><span class=\"aioseo-breadcrumb\">\n\tTigro\/ Beni Ouarain Modern Moroccan rug \u2013 Black stripes pattern \u2013 215 x 250 cm\n<\/span><\/div>","aioseo_breadcrumb_json":[{"label":"Accueil","link":"https:\/\/www.leslosanges.com\/en\/"},{"label":"Shop","link":"https:\/\/www.leslosanges.com\/en\/shop\/"},{"label":"Moroccan rug","link":"https:\/\/www.leslosanges.com\/en\/moroccan-rug\/"},{"label":"Beni Ouarain rug","link":"https:\/\/www.leslosanges.com\/en\/beni-ouarain-rugs\/"},{"label":"Tigro\/ Beni Ouarain Modern Moroccan rug &#8211; Black stripes pattern &#8211; 215 x 250 cm","link":"https:\/\/www.leslosanges.com\/en\/product\/tigro-beni-ouarain-modern-moroccan-rug-black-stripes-pattern-215-x-250-cm\/"}],"_links":{"self":[{"href":"https:\/\/www.leslosanges.com\/en\/wp-json\/wp\/v2\/product\/25578","targetHints":{"allow":["GET"]}}],"collection":[{"href":"https:\/\/www.leslosanges.com\/en\/wp-json\/wp\/v2\/product"}],"about":[{"href":"https:\/\/www.leslosanges.com\/en\/wp-json\/wp\/v2\/types\/product"}],"replies":[{"embeddable":true,"href":"https:\/\/www.leslosanges.com\/en\/wp-json\/wp\/v2\/comments?post=25578"}],"wp:featuredmedia":[{"embeddable":true,"href":"https:\/\/www.leslosanges.com\/en\/wp-json\/wp\/v2\/media\/22904"}],"wp:attachment":[{"href":"https:\/\/www.leslosanges.com\/en\/wp-json\/wp\/v2\/media?parent=25578"}],"wp:term":[{"taxonomy":"product_brand","embeddable":true,"href":"https:\/\/www.leslosanges.com\/en\/wp-json\/wp\/v2\/product_brand?post=25578"},{"taxonomy":"product_cat","embeddable":true,"href":"https:\/\/www.leslosanges.com\/en\/wp-json\/wp\/v2\/product_cat?post=25578"},{"taxonomy":"product_tag","embeddable":true,"href":"https:\/\/www.leslosanges.com\/en\/wp-json\/wp\/v2\/product_tag?post=25578"}],"curies":[{"name":"wp","href":"https:\/\/api.w.org\/{rel}","templated":true}]}}