{"id":25601,"date":"2025-07-30T12:58:01","date_gmt":"2025-07-30T10:58:01","guid":{"rendered":"https:\/\/www.leslosanges.com\/amazigh-contemporary-handmade-wool-berber-rugs-190x250-cm\/"},"modified":"2025-07-30T12:58:01","modified_gmt":"2025-07-30T10:58:01","slug":"amazigh-contemporary-handmade-wool-berber-rugs-190x250-cm","status":"publish","type":"product","link":"https:\/\/www.leslosanges.com\/en\/product\/amazigh-contemporary-handmade-wool-berber-rugs-190x250-cm\/","title":{"rendered":"Amazigh-Contemporary Handmade Wool Berber Rugs 190&#215;250 cm"},"content":{"rendered":"<h3 data-start=\"299\" data-end=\"383\"><strong data-start=\"303\" data-end=\"383\">Exceptional graphic rug in bold colors and striking design<\/strong><\/h3>\n<p data-start=\"385\" data-end=\"698\">This sumptuous <strong data-start=\"417\" data-end=\"431\">200&#215;300 cm<\/strong> <strong data-start=\"398\" data-end=\"413\">Mrirt rug<\/strong> combines the authenticity of Berber craftsmanship with a bold contemporary aesthetic. Its <strong data-start=\"526\" data-end=\"553\">black and gray mottled background<\/strong>, contrasted by two <strong data-start=\"596\" data-end=\"620\">vibrant saffron yellow<\/strong> side stripes, evokes a textile work halfway between abstract art and graphic design. <\/p>\n<p data-start=\"700\" data-end=\"974\">Each piece is <strong data-start=\"717\" data-end=\"748\">entirely hand-knotted<\/strong> in the Middle Atlas Mountains, using locally harvested, <strong data-start=\"793\" data-end=\"821\">untreated virgin wool<\/strong>. This rug offers a dense, soft and warm texture, ideal for creating a <strong data-start=\"935\" data-end=\"973\">strong, expressive and contemporary<\/strong> ambience. <\/p>\n<h3 data-start=\"976\" data-end=\"1019\"><strong data-start=\"980\" data-end=\"1019\">Interior use &amp; decorating ideas<\/strong><\/h3>\n<p data-start=\"1021\" data-end=\"1317\">This rug is for <strong data-start=\"1044\" data-end=\"1067\">creative<\/strong>, <strong data-start=\"1069\" data-end=\"1080\">urban<\/strong> or <strong data-start=\"1084\" data-end=\"1092\">arty<\/strong> <strong data-start=\"1044\" data-end=\"1067\">interiors<\/strong>, where chromatic contrasts and noble materials come into their own. It&#8217;s perfect for a <strong data-start=\"1215\" data-end=\"1252\">living room with an industrial aesthetic<\/strong>, a <strong data-start=\"1257\" data-end=\"1284\">contemporary open space<\/strong>, or even a <strong data-start=\"1298\" data-end=\"1316\">private gallery<\/strong>. <\/p>\n<p data-start=\"1319\" data-end=\"1515\">Combined with black leather sofas, raw metal, modern artworks or sober Scandinavian furniture, this rug becomes a <strong data-start=\"1444\" data-end=\"1472\">visual centerpiece<\/strong>, structuring and deeply identifying.<\/p>\n<h3 data-start=\"1517\" data-end=\"1552\"><strong data-start=\"1521\" data-end=\"1552\">Technical specifications<\/strong><\/h3>\n<ul data-start=\"1554\" data-end=\"1913\">\n<li data-start=\"1554\" data-end=\"1587\">\n<p data-start=\"1556\" data-end=\"1587\"><strong data-start=\"1556\" data-end=\"1570\">Dimensions<\/strong>: 190&#215;250 cm<\/p>\n<\/li>\n<li data-start=\"1588\" data-end=\"1634\">\n<p data-start=\"1590\" data-end=\"1634\"><strong data-start=\"1590\" data-end=\"1601\">Origin<\/strong>: Morocco, Middle Atlas region<\/p>\n<\/li>\n<li data-start=\"1635\" data-end=\"1678\">\n<p data-start=\"1637\" data-end=\"1678\"><strong data-start=\"1637\" data-end=\"1652\">Composition<\/strong>: 100% natural wool<\/p>\n<\/li>\n<li data-start=\"1679\" data-end=\"1740\">\n<p data-start=\"1681\" data-end=\"1740\"><strong data-start=\"1681\" data-end=\"1692\">Colors<\/strong>: Mix of black, mottled gray and saffron yellow<\/p>\n<\/li>\n<li data-start=\"1741\" data-end=\"1811\">\n<p data-start=\"1743\" data-end=\"1811\"><strong data-start=\"1743\" data-end=\"1752\">Pattern<\/strong>: Alternating horizontal stripes and colored borders<\/p>\n<\/li>\n<li data-start=\"1812\" data-end=\"1868\">\n<p data-start=\"1814\" data-end=\"1868\"><strong data-start=\"1814\" data-end=\"1825\">Texture<\/strong>: Dense, thick, hand-knotted velvet<\/p>\n<\/li>\n<li data-start=\"1869\" data-end=\"1913\">\n<p data-start=\"1871\" data-end=\"1913\"><strong data-start=\"1871\" data-end=\"1883\">Finish<\/strong>: Hand-knotted bangs<\/p>\n<\/li>\n<\/ul>\n<h3 data-start=\"1915\" data-end=\"1951\"><strong data-start=\"1919\" data-end=\"1951\">Commitment to quality &amp; ethics<\/strong><\/h3>\n<p data-start=\"1953\" data-end=\"2352\">\u2714\ufe0f 100% handmade with respect for traditions<br data-start=\"2002\" data-end=\"2005\">\u2714\ufe0f Natural, pure, local and untreated wool<br data-start=\"2052\" data-end=\"2055\">\u2714\ufe0f Eco-design and chemical-free dyeing<br data-start=\"2108\" data-end=\"2111\">\u2714\ufe0f Ethical and fair trade carpet<br data-start=\"2149\" data-end=\"2152\">\u2714\ufe0f Free delivery in Europe (shipped from France)<br data-start=\"2210\" data-end=\"2213\">\u2714\ufe0f No customs fees for the EU<br data-start=\"2286\" data-end=\"2289\">\u2714\ufe0f Returns accepted<\/p>\n","protected":false},"excerpt":{"rendered":"<p><strong>Type <\/strong>: Mrirt RUG<br \/>\n<strong>Origin <\/strong>: Middle Atlas , Morocco<br \/>\n<strong>Construction <\/strong>: Handmade<br \/>\n<strong>Material<\/strong>: Wool<br \/>\n<strong>Dimensions<\/strong>: 190&#215;250 cm<\/p>\n","protected":false},"featured_media":23740,"comment_status":"open","ping_status":"closed","template":"","meta":{"_acf_changed":false},"product_brand":[],"product_cat":[300,112,117],"product_tag":[],"class_list":{"0":"post-25601","1":"product","2":"type-product","3":"status-publish","4":"has-post-thumbnail","6":"product_cat-all-our-carpets","7":"product_cat-beni-ouarain-rugs","8":"product_cat-moroccan-rug","10":"first","11":"instock","12":"taxable","13":"shipping-taxable","14":"purchasable","15":"product-type-simple"},"acf":[],"aioseo_notices":[],"aioseo_head":"\n\t\t<!-- All in One SEO Pro 4.9.6.2 - aioseo.com -->\n\t<meta name=\"description\" content=\"D\u00e9couvrez ce Amazigh-Contemporary Handmade Wool Berber Rugs 190\u00d7250 cm disponible sur notre site en ligne. Ajoutez une touche d&#039;authenticit\u00e9 \u00e0 votre int\u00e9rieur avec ce All our carpets\" \/>\n\t<meta name=\"robots\" content=\"max-image-preview:large\" \/>\n\t<meta name=\"google-site-verification\" content=\"TR79bayUbOqoarOKumvWsio6rmdIusJNq3SVVCbDl8g\" \/>\n\t<link rel=\"canonical\" href=\"https:\/\/www.leslosanges.com\/en\/product\/amazigh-contemporary-handmade-wool-berber-rugs-190x250-cm\/\" \/>\n\t<meta name=\"generator\" content=\"All in One SEO Pro (AIOSEO) 4.9.6.2\" \/>\n\t\t<meta property=\"og:locale\" content=\"en_US\" \/>\n\t\t<meta property=\"og:site_name\" content=\"Les Losanges - La boutique sp\u00e9cialis\u00e9e de tapis berbere\" \/>\n\t\t<meta property=\"og:type\" content=\"article\" \/>\n\t\t<meta property=\"og:title\" content=\"Amazigh-Contemporary Handmade Wool Berber Rugs 190\u00d7250 cm Livraison gratuite\" \/>\n\t\t<meta property=\"og:description\" content=\"D\u00e9couvrez ce Amazigh-Contemporary Handmade Wool Berber Rugs 190\u00d7250 cm disponible sur notre site en ligne. Ajoutez une touche d&#039;authenticit\u00e9 \u00e0 votre int\u00e9rieur avec ce All our carpets\" \/>\n\t\t<meta property=\"og:url\" content=\"https:\/\/www.leslosanges.com\/en\/product\/amazigh-contemporary-handmade-wool-berber-rugs-190x250-cm\/\" \/>\n\t\t<meta property=\"article:published_time\" content=\"2025-07-30T10:58:01+00:00\" \/>\n\t\t<meta property=\"article:modified_time\" content=\"2025-07-30T10:58:01+00:00\" \/>\n\t\t<meta name=\"twitter:card\" content=\"summary_large_image\" \/>\n\t\t<meta name=\"twitter:title\" content=\"Amazigh-Contemporary Handmade Wool Berber Rugs 190\u00d7250 cm Livraison gratuite\" \/>\n\t\t<meta name=\"twitter:description\" content=\"D\u00e9couvrez ce Amazigh-Contemporary Handmade Wool Berber Rugs 190\u00d7250 cm disponible sur notre site en ligne. Ajoutez une touche d&#039;authenticit\u00e9 \u00e0 votre int\u00e9rieur avec ce All our carpets\" \/>\n\t\t<script type=\"application\/ld+json\" class=\"aioseo-schema\">\n\t\t\t{\"@context\":\"https:\\\/\\\/schema.org\",\"@graph\":[{\"@type\":\"BreadcrumbList\",\"@id\":\"https:\\\/\\\/www.leslosanges.com\\\/en\\\/product\\\/amazigh-contemporary-handmade-wool-berber-rugs-190x250-cm\\\/#breadcrumblist\",\"itemListElement\":[{\"@type\":\"ListItem\",\"@id\":\"https:\\\/\\\/www.leslosanges.com\\\/en\\\/#listItem\",\"position\":1,\"name\":\"Accueil\",\"item\":\"https:\\\/\\\/www.leslosanges.com\\\/en\\\/\",\"nextItem\":{\"@type\":\"ListItem\",\"@id\":\"https:\\\/\\\/www.leslosanges.com\\\/en\\\/shop\\\/#listItem\",\"name\":\"Shop\"}},{\"@type\":\"ListItem\",\"@id\":\"https:\\\/\\\/www.leslosanges.com\\\/en\\\/shop\\\/#listItem\",\"position\":2,\"name\":\"Shop\",\"item\":\"https:\\\/\\\/www.leslosanges.com\\\/en\\\/shop\\\/\",\"nextItem\":{\"@type\":\"ListItem\",\"@id\":\"https:\\\/\\\/www.leslosanges.com\\\/en\\\/moroccan-rug\\\/#listItem\",\"name\":\"Moroccan rug\"},\"previousItem\":{\"@type\":\"ListItem\",\"@id\":\"https:\\\/\\\/www.leslosanges.com\\\/en\\\/#listItem\",\"name\":\"Accueil\"}},{\"@type\":\"ListItem\",\"@id\":\"https:\\\/\\\/www.leslosanges.com\\\/en\\\/moroccan-rug\\\/#listItem\",\"position\":3,\"name\":\"Moroccan rug\",\"item\":\"https:\\\/\\\/www.leslosanges.com\\\/en\\\/moroccan-rug\\\/\",\"nextItem\":{\"@type\":\"ListItem\",\"@id\":\"https:\\\/\\\/www.leslosanges.com\\\/en\\\/beni-ouarain-rugs\\\/#listItem\",\"name\":\"Beni Ouarain rug\"},\"previousItem\":{\"@type\":\"ListItem\",\"@id\":\"https:\\\/\\\/www.leslosanges.com\\\/en\\\/shop\\\/#listItem\",\"name\":\"Shop\"}},{\"@type\":\"ListItem\",\"@id\":\"https:\\\/\\\/www.leslosanges.com\\\/en\\\/beni-ouarain-rugs\\\/#listItem\",\"position\":4,\"name\":\"Beni Ouarain rug\",\"item\":\"https:\\\/\\\/www.leslosanges.com\\\/en\\\/beni-ouarain-rugs\\\/\",\"nextItem\":{\"@type\":\"ListItem\",\"@id\":\"https:\\\/\\\/www.leslosanges.com\\\/en\\\/product\\\/amazigh-contemporary-handmade-wool-berber-rugs-190x250-cm\\\/#listItem\",\"name\":\"Amazigh-Contemporary Handmade Wool Berber Rugs 190&#215;250 cm\"},\"previousItem\":{\"@type\":\"ListItem\",\"@id\":\"https:\\\/\\\/www.leslosanges.com\\\/en\\\/moroccan-rug\\\/#listItem\",\"name\":\"Moroccan rug\"}},{\"@type\":\"ListItem\",\"@id\":\"https:\\\/\\\/www.leslosanges.com\\\/en\\\/product\\\/amazigh-contemporary-handmade-wool-berber-rugs-190x250-cm\\\/#listItem\",\"position\":5,\"name\":\"Amazigh-Contemporary Handmade Wool Berber Rugs 190&#215;250 cm\",\"previousItem\":{\"@type\":\"ListItem\",\"@id\":\"https:\\\/\\\/www.leslosanges.com\\\/en\\\/beni-ouarain-rugs\\\/#listItem\",\"name\":\"Beni Ouarain rug\"}}]},{\"@type\":\"Organization\",\"@id\":\"https:\\\/\\\/www.leslosanges.com\\\/en\\\/#organization\",\"name\":\"Les losanges\",\"description\":\"La boutique sp\\u00e9cialis\\u00e9e de tapis berbere\",\"url\":\"https:\\\/\\\/www.leslosanges.com\\\/en\\\/\",\"telephone\":\"+33783785254\",\"logo\":{\"@type\":\"ImageObject\",\"url\":\"https:\\\/\\\/www.leslosanges.com\\\/wp-content\\\/uploads\\\/2022\\\/11\\\/Leslosangeslogo.png\",\"@id\":\"https:\\\/\\\/www.leslosanges.com\\\/en\\\/product\\\/amazigh-contemporary-handmade-wool-berber-rugs-190x250-cm\\\/#organizationLogo\",\"width\":500,\"height\":300},\"image\":{\"@id\":\"https:\\\/\\\/www.leslosanges.com\\\/en\\\/product\\\/amazigh-contemporary-handmade-wool-berber-rugs-190x250-cm\\\/#organizationLogo\"},\"sameAs\":[\"https:\\\/\\\/www.instagram.com\\\/leslosangesshop\\\/\",\"https:\\\/\\\/www.pinterest.fr\\\/sbonnord\\\/leslosanges\\\/\"]},{\"@type\":\"Product\",\"@id\":\"https:\\\/\\\/www.leslosanges.com\\\/en\\\/product\\\/amazigh-contemporary-handmade-wool-berber-rugs-190x250-cm\\\/#wooCommerceProduct\",\"name\":\"Amazigh-Contemporary Handmade Wool Berber Rugs 190x250 cm\",\"description\":\"Type : Mrirt RUG\\nOrigin : Middle Atlas , Morocco\\nConstruction : Handmade\\nMaterial: Wool\\nDimensions: 190x250 cm\",\"url\":\"https:\\\/\\\/www.leslosanges.com\\\/en\\\/product\\\/amazigh-contemporary-handmade-wool-berber-rugs-190x250-cm\\\/\",\"image\":{\"@type\":\"ImageObject\",\"url\":\"https:\\\/\\\/www.leslosanges.com\\\/wp-content\\\/uploads\\\/2025\\\/07\\\/IMG_5412-Photoroom.jpeg\",\"@id\":\"https:\\\/\\\/www.leslosanges.com\\\/en\\\/product\\\/amazigh-contemporary-handmade-wool-berber-rugs-190x250-cm\\\/#productImage\",\"width\":1304,\"height\":1538,\"caption\":\"Carpet Mrirt 200x300 cm - Black, Grey &amp; Saffron Yellow - Handmade Contemporary Berber Wool Carpet\"},\"offers\":{\"@type\":\"Offer\",\"url\":\"https:\\\/\\\/www.leslosanges.com\\\/en\\\/product\\\/amazigh-contemporary-handmade-wool-berber-rugs-190x250-cm\\\/#wooCommerceOffer\",\"price\":700,\"priceCurrency\":\"EUR\",\"category\":\"All our carpets\",\"availability\":\"https:\\\/\\\/schema.org\\\/InStock\",\"priceSpecification\":{\"@type\":\"PriceSpecification\",\"price\":700,\"priceCurrency\":\"EUR\",\"valueAddedTaxIncluded\":\"true\"},\"seller\":{\"@type\":\"Organization\",\"@id\":\"https:\\\/\\\/www.leslosanges.com\\\/en\\\/#organization\"}}},{\"@type\":\"WebPage\",\"@id\":\"https:\\\/\\\/www.leslosanges.com\\\/en\\\/product\\\/amazigh-contemporary-handmade-wool-berber-rugs-190x250-cm\\\/#webpage\",\"url\":\"https:\\\/\\\/www.leslosanges.com\\\/en\\\/product\\\/amazigh-contemporary-handmade-wool-berber-rugs-190x250-cm\\\/\",\"name\":\"Amazigh-Contemporary Handmade Wool Berber Rugs 190\\u00d7250 cm Livraison gratuite\",\"description\":\"D\\u00e9couvrez ce Amazigh-Contemporary Handmade Wool Berber Rugs 190\\u00d7250 cm disponible sur notre site en ligne. Ajoutez une touche d'authenticit\\u00e9 \\u00e0 votre int\\u00e9rieur avec ce All our carpets\",\"inLanguage\":\"en-US\",\"isPartOf\":{\"@id\":\"https:\\\/\\\/www.leslosanges.com\\\/en\\\/#website\"},\"breadcrumb\":{\"@id\":\"https:\\\/\\\/www.leslosanges.com\\\/en\\\/product\\\/amazigh-contemporary-handmade-wool-berber-rugs-190x250-cm\\\/#breadcrumblist\"},\"image\":{\"@type\":\"ImageObject\",\"url\":\"https:\\\/\\\/www.leslosanges.com\\\/wp-content\\\/uploads\\\/2025\\\/07\\\/IMG_5412-Photoroom.jpeg\",\"@id\":\"https:\\\/\\\/www.leslosanges.com\\\/en\\\/product\\\/amazigh-contemporary-handmade-wool-berber-rugs-190x250-cm\\\/#mainImage\",\"width\":1304,\"height\":1538,\"caption\":\"Carpet Mrirt 200x300 cm - Black, Grey &amp; Saffron Yellow - Handmade Contemporary Berber Wool Carpet\"},\"primaryImageOfPage\":{\"@id\":\"https:\\\/\\\/www.leslosanges.com\\\/en\\\/product\\\/amazigh-contemporary-handmade-wool-berber-rugs-190x250-cm\\\/#mainImage\"},\"datePublished\":\"2025-07-30T12:58:01+02:00\",\"dateModified\":\"2025-07-30T12:58:01+02:00\"},{\"@type\":\"WebSite\",\"@id\":\"https:\\\/\\\/www.leslosanges.com\\\/en\\\/#website\",\"url\":\"https:\\\/\\\/www.leslosanges.com\\\/en\\\/\",\"name\":\"Les Losanges, vente de tapis berbere\",\"alternateName\":\"Les Losanges\",\"description\":\"La boutique sp\\u00e9cialis\\u00e9e de tapis berbere\",\"inLanguage\":\"en-US\",\"publisher\":{\"@id\":\"https:\\\/\\\/www.leslosanges.com\\\/en\\\/#organization\"}}]}\n\t\t<\/script>\n\t\t<!-- All in One SEO Pro -->\r\n\t\t<title>Amazigh-Contemporary Handmade Wool Berber Rugs 190\u00d7250 cm Livraison gratuite<\/title>\n\n","aioseo_head_json":{"title":"Amazigh-Contemporary Handmade Wool Berber Rugs 190\u00d7250 cm Livraison gratuite","description":"D\u00e9couvrez ce Amazigh-Contemporary Handmade Wool Berber Rugs 190\u00d7250 cm disponible sur notre site en ligne. Ajoutez une touche d'authenticit\u00e9 \u00e0 votre int\u00e9rieur avec ce All our carpets","canonical_url":"https:\/\/www.leslosanges.com\/en\/product\/amazigh-contemporary-handmade-wool-berber-rugs-190x250-cm\/","robots":"max-image-preview:large","keywords":"","webmasterTools":{"google-site-verification":"TR79bayUbOqoarOKumvWsio6rmdIusJNq3SVVCbDl8g","miscellaneous":""},"schema":{"@context":"https:\/\/schema.org","@graph":[{"@type":"BreadcrumbList","@id":"https:\/\/www.leslosanges.com\/en\/product\/amazigh-contemporary-handmade-wool-berber-rugs-190x250-cm\/#breadcrumblist","itemListElement":[{"@type":"ListItem","@id":"https:\/\/www.leslosanges.com\/en\/#listItem","position":1,"name":"Accueil","item":"https:\/\/www.leslosanges.com\/en\/","nextItem":{"@type":"ListItem","@id":"https:\/\/www.leslosanges.com\/en\/shop\/#listItem","name":"Shop"}},{"@type":"ListItem","@id":"https:\/\/www.leslosanges.com\/en\/shop\/#listItem","position":2,"name":"Shop","item":"https:\/\/www.leslosanges.com\/en\/shop\/","nextItem":{"@type":"ListItem","@id":"https:\/\/www.leslosanges.com\/en\/moroccan-rug\/#listItem","name":"Moroccan rug"},"previousItem":{"@type":"ListItem","@id":"https:\/\/www.leslosanges.com\/en\/#listItem","name":"Accueil"}},{"@type":"ListItem","@id":"https:\/\/www.leslosanges.com\/en\/moroccan-rug\/#listItem","position":3,"name":"Moroccan rug","item":"https:\/\/www.leslosanges.com\/en\/moroccan-rug\/","nextItem":{"@type":"ListItem","@id":"https:\/\/www.leslosanges.com\/en\/beni-ouarain-rugs\/#listItem","name":"Beni Ouarain rug"},"previousItem":{"@type":"ListItem","@id":"https:\/\/www.leslosanges.com\/en\/shop\/#listItem","name":"Shop"}},{"@type":"ListItem","@id":"https:\/\/www.leslosanges.com\/en\/beni-ouarain-rugs\/#listItem","position":4,"name":"Beni Ouarain rug","item":"https:\/\/www.leslosanges.com\/en\/beni-ouarain-rugs\/","nextItem":{"@type":"ListItem","@id":"https:\/\/www.leslosanges.com\/en\/product\/amazigh-contemporary-handmade-wool-berber-rugs-190x250-cm\/#listItem","name":"Amazigh-Contemporary Handmade Wool Berber Rugs 190&#215;250 cm"},"previousItem":{"@type":"ListItem","@id":"https:\/\/www.leslosanges.com\/en\/moroccan-rug\/#listItem","name":"Moroccan rug"}},{"@type":"ListItem","@id":"https:\/\/www.leslosanges.com\/en\/product\/amazigh-contemporary-handmade-wool-berber-rugs-190x250-cm\/#listItem","position":5,"name":"Amazigh-Contemporary Handmade Wool Berber Rugs 190&#215;250 cm","previousItem":{"@type":"ListItem","@id":"https:\/\/www.leslosanges.com\/en\/beni-ouarain-rugs\/#listItem","name":"Beni Ouarain rug"}}]},{"@type":"Organization","@id":"https:\/\/www.leslosanges.com\/en\/#organization","name":"Les losanges","description":"La boutique sp\u00e9cialis\u00e9e de tapis berbere","url":"https:\/\/www.leslosanges.com\/en\/","telephone":"+33783785254","logo":{"@type":"ImageObject","url":"https:\/\/www.leslosanges.com\/wp-content\/uploads\/2022\/11\/Leslosangeslogo.png","@id":"https:\/\/www.leslosanges.com\/en\/product\/amazigh-contemporary-handmade-wool-berber-rugs-190x250-cm\/#organizationLogo","width":500,"height":300},"image":{"@id":"https:\/\/www.leslosanges.com\/en\/product\/amazigh-contemporary-handmade-wool-berber-rugs-190x250-cm\/#organizationLogo"},"sameAs":["https:\/\/www.instagram.com\/leslosangesshop\/","https:\/\/www.pinterest.fr\/sbonnord\/leslosanges\/"]},{"@type":"Product","@id":"https:\/\/www.leslosanges.com\/en\/product\/amazigh-contemporary-handmade-wool-berber-rugs-190x250-cm\/#wooCommerceProduct","name":"Amazigh-Contemporary Handmade Wool Berber Rugs 190x250 cm","description":"Type : Mrirt RUG\nOrigin : Middle Atlas , Morocco\nConstruction : Handmade\nMaterial: Wool\nDimensions: 190x250 cm","url":"https:\/\/www.leslosanges.com\/en\/product\/amazigh-contemporary-handmade-wool-berber-rugs-190x250-cm\/","image":{"@type":"ImageObject","url":"https:\/\/www.leslosanges.com\/wp-content\/uploads\/2025\/07\/IMG_5412-Photoroom.jpeg","@id":"https:\/\/www.leslosanges.com\/en\/product\/amazigh-contemporary-handmade-wool-berber-rugs-190x250-cm\/#productImage","width":1304,"height":1538,"caption":"Carpet Mrirt 200x300 cm - Black, Grey &amp; Saffron Yellow - Handmade Contemporary Berber Wool Carpet"},"offers":{"@type":"Offer","url":"https:\/\/www.leslosanges.com\/en\/product\/amazigh-contemporary-handmade-wool-berber-rugs-190x250-cm\/#wooCommerceOffer","price":700,"priceCurrency":"EUR","category":"All our carpets","availability":"https:\/\/schema.org\/InStock","priceSpecification":{"@type":"PriceSpecification","price":700,"priceCurrency":"EUR","valueAddedTaxIncluded":"true"},"seller":{"@type":"Organization","@id":"https:\/\/www.leslosanges.com\/en\/#organization"}}},{"@type":"WebPage","@id":"https:\/\/www.leslosanges.com\/en\/product\/amazigh-contemporary-handmade-wool-berber-rugs-190x250-cm\/#webpage","url":"https:\/\/www.leslosanges.com\/en\/product\/amazigh-contemporary-handmade-wool-berber-rugs-190x250-cm\/","name":"Amazigh-Contemporary Handmade Wool Berber Rugs 190\u00d7250 cm Livraison gratuite","description":"D\u00e9couvrez ce Amazigh-Contemporary Handmade Wool Berber Rugs 190\u00d7250 cm disponible sur notre site en ligne. Ajoutez une touche d'authenticit\u00e9 \u00e0 votre int\u00e9rieur avec ce All our carpets","inLanguage":"en-US","isPartOf":{"@id":"https:\/\/www.leslosanges.com\/en\/#website"},"breadcrumb":{"@id":"https:\/\/www.leslosanges.com\/en\/product\/amazigh-contemporary-handmade-wool-berber-rugs-190x250-cm\/#breadcrumblist"},"image":{"@type":"ImageObject","url":"https:\/\/www.leslosanges.com\/wp-content\/uploads\/2025\/07\/IMG_5412-Photoroom.jpeg","@id":"https:\/\/www.leslosanges.com\/en\/product\/amazigh-contemporary-handmade-wool-berber-rugs-190x250-cm\/#mainImage","width":1304,"height":1538,"caption":"Carpet Mrirt 200x300 cm - Black, Grey &amp; Saffron Yellow - Handmade Contemporary Berber Wool Carpet"},"primaryImageOfPage":{"@id":"https:\/\/www.leslosanges.com\/en\/product\/amazigh-contemporary-handmade-wool-berber-rugs-190x250-cm\/#mainImage"},"datePublished":"2025-07-30T12:58:01+02:00","dateModified":"2025-07-30T12:58:01+02:00"},{"@type":"WebSite","@id":"https:\/\/www.leslosanges.com\/en\/#website","url":"https:\/\/www.leslosanges.com\/en\/","name":"Les Losanges, vente de tapis berbere","alternateName":"Les Losanges","description":"La boutique sp\u00e9cialis\u00e9e de tapis berbere","inLanguage":"en-US","publisher":{"@id":"https:\/\/www.leslosanges.com\/en\/#organization"}}]},"og:locale":"en_US","og:site_name":"Les Losanges - La boutique sp\u00e9cialis\u00e9e de tapis berbere","og:type":"article","og:title":"Amazigh-Contemporary Handmade Wool Berber Rugs 190\u00d7250 cm Livraison gratuite","og:description":"D\u00e9couvrez ce Amazigh-Contemporary Handmade Wool Berber Rugs 190\u00d7250 cm disponible sur notre site en ligne. Ajoutez une touche d'authenticit\u00e9 \u00e0 votre int\u00e9rieur avec ce All our carpets","og:url":"https:\/\/www.leslosanges.com\/en\/product\/amazigh-contemporary-handmade-wool-berber-rugs-190x250-cm\/","article:published_time":"2025-07-30T10:58:01+00:00","article:modified_time":"2025-07-30T10:58:01+00:00","twitter:card":"summary_large_image","twitter:title":"Amazigh-Contemporary Handmade Wool Berber Rugs 190\u00d7250 cm Livraison gratuite","twitter:description":"D\u00e9couvrez ce Amazigh-Contemporary Handmade Wool Berber Rugs 190\u00d7250 cm disponible sur notre site en ligne. Ajoutez une touche d'authenticit\u00e9 \u00e0 votre int\u00e9rieur avec ce All our carpets"},"aioseo_meta_data":{"post_id":"25601","title":null,"description":null,"keywords":null,"keyphrases":null,"primary_term":null,"canonical_url":null,"og_title":null,"og_description":null,"og_object_type":"default","og_image_type":"default","og_image_url":null,"og_image_width":null,"og_image_height":null,"og_image_custom_url":null,"og_image_custom_fields":null,"og_video":null,"og_custom_url":null,"og_article_section":null,"og_article_tags":null,"twitter_use_og":false,"twitter_card":"default","twitter_image_type":"default","twitter_image_url":null,"twitter_image_custom_url":null,"twitter_image_custom_fields":null,"twitter_title":null,"twitter_description":null,"schema":{"blockGraphs":[],"customGraphs":[],"default":{"data":{"Article":[],"Course":[],"Dataset":[],"FAQPage":[],"Movie":[],"Person":[],"Product":[],"ProductReview":[],"Car":[],"Recipe":[],"Service":[],"SoftwareApplication":[],"WebPage":[]},"graphName":"","isEnabled":true},"graphs":[]},"schema_type":"default","schema_type_options":null,"pillar_content":false,"robots_default":true,"robots_noindex":false,"robots_noarchive":false,"robots_nosnippet":false,"robots_nofollow":false,"robots_noimageindex":false,"robots_noodp":false,"robots_notranslate":false,"robots_max_snippet":null,"robots_max_videopreview":null,"robots_max_imagepreview":"large","priority":null,"frequency":null,"local_seo":null,"seo_analyzer_scan_date":"2025-10-09 03:41:27","breadcrumb_settings":null,"limit_modified_date":false,"open_ai":null,"ai":null,"created":"2026-01-11 12:34:49","updated":"2026-01-11 12:34:51"},"aioseo_breadcrumb":"<div class=\"aioseo-breadcrumbs\"><span class=\"aioseo-breadcrumb\">\n\t<a href=\"https:\/\/www.leslosanges.com\/en\/\" title=\"Accueil\">Accueil<\/a>\n<\/span><span class=\"aioseo-breadcrumb-separator\">\u203a<\/span><span class=\"aioseo-breadcrumb\">\n\t<a href=\"https:\/\/www.leslosanges.com\/en\/shop\/\" title=\"Shop\">Shop<\/a>\n<\/span><span class=\"aioseo-breadcrumb-separator\">\u203a<\/span><span class=\"aioseo-breadcrumb\">\n\t<a href=\"https:\/\/www.leslosanges.com\/en\/moroccan-rug\/\" title=\"Moroccan rug\">Moroccan rug<\/a>\n<\/span><span class=\"aioseo-breadcrumb-separator\">\u203a<\/span><span class=\"aioseo-breadcrumb\">\n\t<a href=\"https:\/\/www.leslosanges.com\/en\/beni-ouarain-rugs\/\" title=\"Beni Ouarain rug\">Beni Ouarain rug<\/a>\n<\/span><span class=\"aioseo-breadcrumb-separator\">\u203a<\/span><span class=\"aioseo-breadcrumb\">\n\tAmazigh-Contemporary Handmade Wool Berber Rugs 190\u00d7250 cm\n<\/span><\/div>","aioseo_breadcrumb_json":[{"label":"Accueil","link":"https:\/\/www.leslosanges.com\/en\/"},{"label":"Shop","link":"https:\/\/www.leslosanges.com\/en\/shop\/"},{"label":"Moroccan rug","link":"https:\/\/www.leslosanges.com\/en\/moroccan-rug\/"},{"label":"Beni Ouarain rug","link":"https:\/\/www.leslosanges.com\/en\/beni-ouarain-rugs\/"},{"label":"Amazigh-Contemporary Handmade Wool Berber Rugs 190&#215;250 cm","link":"https:\/\/www.leslosanges.com\/en\/product\/amazigh-contemporary-handmade-wool-berber-rugs-190x250-cm\/"}],"_links":{"self":[{"href":"https:\/\/www.leslosanges.com\/en\/wp-json\/wp\/v2\/product\/25601","targetHints":{"allow":["GET"]}}],"collection":[{"href":"https:\/\/www.leslosanges.com\/en\/wp-json\/wp\/v2\/product"}],"about":[{"href":"https:\/\/www.leslosanges.com\/en\/wp-json\/wp\/v2\/types\/product"}],"replies":[{"embeddable":true,"href":"https:\/\/www.leslosanges.com\/en\/wp-json\/wp\/v2\/comments?post=25601"}],"wp:featuredmedia":[{"embeddable":true,"href":"https:\/\/www.leslosanges.com\/en\/wp-json\/wp\/v2\/media\/23740"}],"wp:attachment":[{"href":"https:\/\/www.leslosanges.com\/en\/wp-json\/wp\/v2\/media?parent=25601"}],"wp:term":[{"taxonomy":"product_brand","embeddable":true,"href":"https:\/\/www.leslosanges.com\/en\/wp-json\/wp\/v2\/product_brand?post=25601"},{"taxonomy":"product_cat","embeddable":true,"href":"https:\/\/www.leslosanges.com\/en\/wp-json\/wp\/v2\/product_cat?post=25601"},{"taxonomy":"product_tag","embeddable":true,"href":"https:\/\/www.leslosanges.com\/en\/wp-json\/wp\/v2\/product_tag?post=25601"}],"curies":[{"name":"wp","href":"https:\/\/api.w.org\/{rel}","templated":true}]}}