{"id":25602,"date":"2025-07-25T12:07:12","date_gmt":"2025-07-25T10:07:12","guid":{"rendered":"https:\/\/www.leslosanges.com\/lyla-tapis-marocain-epais-berbere-mrirt-en-laine-210x300-cm\/"},"modified":"2026-03-06T13:40:13","modified_gmt":"2026-03-06T12:40:13","slug":"lyla-tapis-marocain-epais-berbere-mrirt-en-laine-210x300-cm","status":"publish","type":"product","link":"https:\/\/www.leslosanges.com\/en\/product\/lyla-tapis-marocain-epais-berbere-mrirt-en-laine-210x300-cm\/","title":{"rendered":"Lyla-Tapis marocain \u00e9pais berb\u00e8re Mrirt en laine 210&#215;300 cm"},"content":{"rendered":"<p data-start=\"405\" data-end=\"813\">Discover the authentic elegance of a <strong data-start=\"443\" data-end=\"484\">Moroccan Berber Mrirt wool rug<\/strong>, entirely hand-woven in the Middle Atlas region of Morocco.<br data-start=\"554\" data-end=\"557\">Generously sized at <strong data-start=\"582\" data-end=\"598\">210 x 300 cm<\/strong>, this unique piece features an extremely soft feel, luxurious thickness and modern graphic lines that blend perfectly into both contemporary and more classic interiors.<\/p>\n<p data-start=\"815\" data-end=\"1255\">Each Mrirt rug is the fruit of ancestral know-how handed down from generation to generation. The carefully selected virgin wool is woven using exacting artisanal techniques, guaranteeing a durable, warm and timeless rug. The discreet geometric pattern brings a <strong data-start=\"1114\" data-end=\"1147\">refined, minimalist design<\/strong>, perfect for a living room, bedroom or office looking for a sophisticated, cocooning atmosphere.  <\/p>\n<p data-start=\"1257\" data-end=\"1281\"><strong data-start=\"1257\" data-end=\"1279\">Features :<\/strong><\/p>\n<ul data-start=\"1282\" data-end=\"1561\">\n<li data-start=\"1282\" data-end=\"1318\">\n<p data-start=\"1284\" data-end=\"1318\">Dimensions: <strong data-start=\"1297\" data-end=\"1316\">210 cm x 300 cm<\/strong><\/p>\n<\/li>\n<li data-start=\"1319\" data-end=\"1367\">\n<p data-start=\"1321\" data-end=\"1367\">Composition: 100% natural Moroccan wool<\/p>\n<\/li>\n<li data-start=\"1368\" data-end=\"1432\">\n<p data-start=\"1370\" data-end=\"1432\">Manufacture: <strong data-start=\"1384\" data-end=\"1397\">handmade<\/strong>, knotted in the Berber tradition<\/p>\n<\/li>\n<li data-start=\"1433\" data-end=\"1483\">\n<p data-start=\"1435\" data-end=\"1483\">Thickness: soft and comfortable to the touch<\/p>\n<\/li>\n<li data-start=\"1484\" data-end=\"1561\">\n<p data-start=\"1486\" data-end=\"1561\">Colors: natural ecru with textured relief and fine contrasting edges<\/p>\n<\/li>\n<\/ul>\n<p data-start=\"1563\" data-end=\"1615\"><strong data-start=\"1563\" data-end=\"1613\">Why choose a Mrirt Les Losanges rug?<\/strong><\/p>\n<ul data-start=\"1616\" data-end=\"1938\">\n<li data-start=\"1616\" data-end=\"1716\">\n<p data-start=\"1618\" data-end=\"1716\">Each rug is <strong data-start=\"1639\" data-end=\"1655\">unique<\/strong>, eco-responsible and fairly-traded.<\/p>\n<\/li>\n<li data-start=\"1717\" data-end=\"1818\">\n<p data-start=\"1719\" data-end=\"1818\">Free delivery from metropolitan France, with no customs charges for the European Union.<\/p>\n<\/li>\n<li data-start=\"1819\" data-end=\"1876\">\n<p data-start=\"1821\" data-end=\"1876\">Fast shipment within 3 working days of order.<\/p>\n<\/li>\n<li data-start=\"1877\" data-end=\"1938\">\n<p data-start=\"1879\" data-end=\"1938\">Returns accepted (return costs at buyer&#8217;s expense).<\/p>\n<\/li>\n<\/ul>\n<p data-start=\"1940\" data-end=\"2089\">Add an <strong data-start=\"1970\" data-end=\"1991\">exceptional rug<\/strong> to your home, combining Moroccan tradition and modernity for unrivalled comfort and timeless style.<\/p>\n","protected":false},"excerpt":{"rendered":"<p><strong>Type <\/strong>: Moroccan RUG<br \/>\n<strong>Origin <\/strong>: Middle Atlas , Morocco<br \/>\n<strong>Construction <\/strong>: Handmade<br \/>\n<strong>Material<\/strong>: Wool<br \/>\n<strong>Dimensions<\/strong>: 210&#215;300 cm<\/p>\n<p><img decoding=\"async\" class=\"alignright wp-image-6717 size-thumbnail\" src=\"https:\/\/www.leslosanges.com\/wp-content\/uploads\/2022\/12\/tapisberberesfaitmain-1-150x150.png\" alt=\"carpetberberesfaitmain\" width=\"150\" height=\"150\" srcset=\"https:\/\/www.leslosanges.com\/wp-content\/uploads\/2022\/12\/tapisberberesfaitmain-1-66x66.png 66w, https:\/\/www.leslosanges.com\/wp-content\/uploads\/2022\/12\/tapisberberesfaitmain-1-150x150.png 150w, https:\/\/www.leslosanges.com\/wp-content\/uploads\/2022\/12\/tapisberberesfaitmain-1.png 200w\" sizes=\"(max-width: 150px) 100vw, 150px\" \/><\/p>\n","protected":false},"featured_media":23652,"comment_status":"open","ping_status":"closed","template":"","meta":{"_acf_changed":false},"product_brand":[],"product_cat":[300,112,117],"product_tag":[],"class_list":{"0":"post-25602","1":"product","2":"type-product","3":"status-publish","4":"has-post-thumbnail","6":"product_cat-all-our-carpets","7":"product_cat-beni-ouarain-rugs","8":"product_cat-moroccan-rug","9":"pa_couleur-white","10":"pa_epoque-nine","11":"pa_fabrication-handmade-berber-rug","12":"pa_forme-rectangle-en","13":"pa_matiere-wool","14":"pa_piece-bedroom","15":"pa_piece-livingroom","16":"pa_style-modern-en","17":"pa_taille-large","19":"first","20":"outofstock","21":"taxable","22":"shipping-taxable","23":"purchasable","24":"product-type-simple"},"acf":[],"aioseo_notices":[],"aioseo_head":"\n\t\t<!-- All in One SEO Pro 4.9.6.2 - aioseo.com -->\n\t<meta name=\"description\" content=\"D\u00e9couvrez ce Lyla-Tapis marocain \u00e9pais berb\u00e8re Mrirt en laine 210\u00d7300 cm disponible sur notre site en ligne. Ajoutez une touche d&#039;authenticit\u00e9 \u00e0 votre int\u00e9rieur avec ce All our carpets\" \/>\n\t<meta name=\"robots\" content=\"max-image-preview:large\" \/>\n\t<meta name=\"google-site-verification\" content=\"TR79bayUbOqoarOKumvWsio6rmdIusJNq3SVVCbDl8g\" \/>\n\t<link rel=\"canonical\" href=\"https:\/\/www.leslosanges.com\/en\/product\/lyla-tapis-marocain-epais-berbere-mrirt-en-laine-210x300-cm\/\" \/>\n\t<meta name=\"generator\" content=\"All in One SEO Pro (AIOSEO) 4.9.6.2\" \/>\n\t\t<meta property=\"og:locale\" content=\"en_US\" \/>\n\t\t<meta property=\"og:site_name\" content=\"Les Losanges - La boutique sp\u00e9cialis\u00e9e de tapis berbere\" \/>\n\t\t<meta property=\"og:type\" content=\"article\" \/>\n\t\t<meta property=\"og:title\" content=\"Lyla-Tapis marocain \u00e9pais berb\u00e8re Mrirt en laine 210\u00d7300 cm Livraison gratuite\" \/>\n\t\t<meta property=\"og:description\" content=\"D\u00e9couvrez ce Lyla-Tapis marocain \u00e9pais berb\u00e8re Mrirt en laine 210\u00d7300 cm disponible sur notre site en ligne. Ajoutez une touche d&#039;authenticit\u00e9 \u00e0 votre int\u00e9rieur avec ce All our carpets\" \/>\n\t\t<meta property=\"og:url\" content=\"https:\/\/www.leslosanges.com\/en\/product\/lyla-tapis-marocain-epais-berbere-mrirt-en-laine-210x300-cm\/\" \/>\n\t\t<meta property=\"article:published_time\" content=\"2025-07-25T10:07:12+00:00\" \/>\n\t\t<meta property=\"article:modified_time\" content=\"2026-03-06T12:40:13+00:00\" \/>\n\t\t<meta name=\"twitter:card\" content=\"summary_large_image\" \/>\n\t\t<meta name=\"twitter:title\" content=\"Lyla-Tapis marocain \u00e9pais berb\u00e8re Mrirt en laine 210\u00d7300 cm Livraison gratuite\" \/>\n\t\t<meta name=\"twitter:description\" content=\"D\u00e9couvrez ce Lyla-Tapis marocain \u00e9pais berb\u00e8re Mrirt en laine 210\u00d7300 cm disponible sur notre site en ligne. Ajoutez une touche d&#039;authenticit\u00e9 \u00e0 votre int\u00e9rieur avec ce All our carpets\" \/>\n\t\t<script type=\"application\/ld+json\" class=\"aioseo-schema\">\n\t\t\t{\"@context\":\"https:\\\/\\\/schema.org\",\"@graph\":[{\"@type\":\"BreadcrumbList\",\"@id\":\"https:\\\/\\\/www.leslosanges.com\\\/en\\\/product\\\/lyla-tapis-marocain-epais-berbere-mrirt-en-laine-210x300-cm\\\/#breadcrumblist\",\"itemListElement\":[{\"@type\":\"ListItem\",\"@id\":\"https:\\\/\\\/www.leslosanges.com\\\/en\\\/#listItem\",\"position\":1,\"name\":\"Accueil\",\"item\":\"https:\\\/\\\/www.leslosanges.com\\\/en\\\/\",\"nextItem\":{\"@type\":\"ListItem\",\"@id\":\"https:\\\/\\\/www.leslosanges.com\\\/en\\\/shop\\\/#listItem\",\"name\":\"Shop\"}},{\"@type\":\"ListItem\",\"@id\":\"https:\\\/\\\/www.leslosanges.com\\\/en\\\/shop\\\/#listItem\",\"position\":2,\"name\":\"Shop\",\"item\":\"https:\\\/\\\/www.leslosanges.com\\\/en\\\/shop\\\/\",\"nextItem\":{\"@type\":\"ListItem\",\"@id\":\"https:\\\/\\\/www.leslosanges.com\\\/en\\\/moroccan-rug\\\/#listItem\",\"name\":\"Moroccan rug\"},\"previousItem\":{\"@type\":\"ListItem\",\"@id\":\"https:\\\/\\\/www.leslosanges.com\\\/en\\\/#listItem\",\"name\":\"Accueil\"}},{\"@type\":\"ListItem\",\"@id\":\"https:\\\/\\\/www.leslosanges.com\\\/en\\\/moroccan-rug\\\/#listItem\",\"position\":3,\"name\":\"Moroccan rug\",\"item\":\"https:\\\/\\\/www.leslosanges.com\\\/en\\\/moroccan-rug\\\/\",\"nextItem\":{\"@type\":\"ListItem\",\"@id\":\"https:\\\/\\\/www.leslosanges.com\\\/en\\\/beni-ouarain-rugs\\\/#listItem\",\"name\":\"Beni Ouarain rug\"},\"previousItem\":{\"@type\":\"ListItem\",\"@id\":\"https:\\\/\\\/www.leslosanges.com\\\/en\\\/shop\\\/#listItem\",\"name\":\"Shop\"}},{\"@type\":\"ListItem\",\"@id\":\"https:\\\/\\\/www.leslosanges.com\\\/en\\\/beni-ouarain-rugs\\\/#listItem\",\"position\":4,\"name\":\"Beni Ouarain rug\",\"item\":\"https:\\\/\\\/www.leslosanges.com\\\/en\\\/beni-ouarain-rugs\\\/\",\"nextItem\":{\"@type\":\"ListItem\",\"@id\":\"https:\\\/\\\/www.leslosanges.com\\\/en\\\/product\\\/lyla-tapis-marocain-epais-berbere-mrirt-en-laine-210x300-cm\\\/#listItem\",\"name\":\"Lyla-Tapis marocain \\u00e9pais berb\\u00e8re Mrirt en laine 210&#215;300 cm\"},\"previousItem\":{\"@type\":\"ListItem\",\"@id\":\"https:\\\/\\\/www.leslosanges.com\\\/en\\\/moroccan-rug\\\/#listItem\",\"name\":\"Moroccan rug\"}},{\"@type\":\"ListItem\",\"@id\":\"https:\\\/\\\/www.leslosanges.com\\\/en\\\/product\\\/lyla-tapis-marocain-epais-berbere-mrirt-en-laine-210x300-cm\\\/#listItem\",\"position\":5,\"name\":\"Lyla-Tapis marocain \\u00e9pais berb\\u00e8re Mrirt en laine 210&#215;300 cm\",\"previousItem\":{\"@type\":\"ListItem\",\"@id\":\"https:\\\/\\\/www.leslosanges.com\\\/en\\\/beni-ouarain-rugs\\\/#listItem\",\"name\":\"Beni Ouarain rug\"}}]},{\"@type\":\"Organization\",\"@id\":\"https:\\\/\\\/www.leslosanges.com\\\/en\\\/#organization\",\"name\":\"Les losanges\",\"description\":\"La boutique sp\\u00e9cialis\\u00e9e de tapis berbere\",\"url\":\"https:\\\/\\\/www.leslosanges.com\\\/en\\\/\",\"telephone\":\"+33783785254\",\"logo\":{\"@type\":\"ImageObject\",\"url\":\"https:\\\/\\\/www.leslosanges.com\\\/wp-content\\\/uploads\\\/2022\\\/11\\\/Leslosangeslogo.png\",\"@id\":\"https:\\\/\\\/www.leslosanges.com\\\/en\\\/product\\\/lyla-tapis-marocain-epais-berbere-mrirt-en-laine-210x300-cm\\\/#organizationLogo\",\"width\":500,\"height\":300},\"image\":{\"@id\":\"https:\\\/\\\/www.leslosanges.com\\\/en\\\/product\\\/lyla-tapis-marocain-epais-berbere-mrirt-en-laine-210x300-cm\\\/#organizationLogo\"},\"sameAs\":[\"https:\\\/\\\/www.instagram.com\\\/leslosangesshop\\\/\",\"https:\\\/\\\/www.pinterest.fr\\\/sbonnord\\\/leslosanges\\\/\"]},{\"@type\":\"Product\",\"@id\":\"https:\\\/\\\/www.leslosanges.com\\\/en\\\/product\\\/lyla-tapis-marocain-epais-berbere-mrirt-en-laine-210x300-cm\\\/#wooCommerceProduct\",\"name\":\"Lyla-Tapis marocain \\u00e9pais berb\\u00e8re Mrirt en laine 210x300 cm\",\"description\":\"Type : Moroccan RUG\\nOrigin : Middle Atlas , Morocco\\nConstruction : Handmade\\nMaterial: Wool\\nDimensions: 210x300 cm\",\"url\":\"https:\\\/\\\/www.leslosanges.com\\\/en\\\/product\\\/lyla-tapis-marocain-epais-berbere-mrirt-en-laine-210x300-cm\\\/\",\"image\":{\"@type\":\"ImageObject\",\"url\":\"https:\\\/\\\/www.leslosanges.com\\\/wp-content\\\/uploads\\\/2025\\\/07\\\/IMG_6077-Photoroom-scaled.jpeg\",\"@id\":\"https:\\\/\\\/www.leslosanges.com\\\/en\\\/product\\\/lyla-tapis-marocain-epais-berbere-mrirt-en-laine-210x300-cm\\\/#productImage\",\"width\":2018,\"height\":2560,\"caption\":\"Handmade Moroccan Berber Mrirt wool carpet 210x300 cm\"},\"offers\":{\"@type\":\"Offer\",\"url\":\"https:\\\/\\\/www.leslosanges.com\\\/en\\\/product\\\/lyla-tapis-marocain-epais-berbere-mrirt-en-laine-210x300-cm\\\/#wooCommerceOffer\",\"price\":900,\"priceCurrency\":\"EUR\",\"category\":\"All our carpets\",\"availability\":\"https:\\\/\\\/schema.org\\\/OutOfStock\",\"priceSpecification\":{\"@type\":\"PriceSpecification\",\"price\":900,\"priceCurrency\":\"EUR\",\"valueAddedTaxIncluded\":\"true\"},\"seller\":{\"@type\":\"Organization\",\"@id\":\"https:\\\/\\\/www.leslosanges.com\\\/en\\\/#organization\"}}},{\"@type\":\"WebPage\",\"@id\":\"https:\\\/\\\/www.leslosanges.com\\\/en\\\/product\\\/lyla-tapis-marocain-epais-berbere-mrirt-en-laine-210x300-cm\\\/#webpage\",\"url\":\"https:\\\/\\\/www.leslosanges.com\\\/en\\\/product\\\/lyla-tapis-marocain-epais-berbere-mrirt-en-laine-210x300-cm\\\/\",\"name\":\"Lyla-Tapis marocain \\u00e9pais berb\\u00e8re Mrirt en laine 210\\u00d7300 cm Livraison gratuite\",\"description\":\"D\\u00e9couvrez ce Lyla-Tapis marocain \\u00e9pais berb\\u00e8re Mrirt en laine 210\\u00d7300 cm disponible sur notre site en ligne. Ajoutez une touche d'authenticit\\u00e9 \\u00e0 votre int\\u00e9rieur avec ce All our carpets\",\"inLanguage\":\"en-US\",\"isPartOf\":{\"@id\":\"https:\\\/\\\/www.leslosanges.com\\\/en\\\/#website\"},\"breadcrumb\":{\"@id\":\"https:\\\/\\\/www.leslosanges.com\\\/en\\\/product\\\/lyla-tapis-marocain-epais-berbere-mrirt-en-laine-210x300-cm\\\/#breadcrumblist\"},\"image\":{\"@type\":\"ImageObject\",\"url\":\"https:\\\/\\\/www.leslosanges.com\\\/wp-content\\\/uploads\\\/2025\\\/07\\\/IMG_6077-Photoroom-scaled.jpeg\",\"@id\":\"https:\\\/\\\/www.leslosanges.com\\\/en\\\/product\\\/lyla-tapis-marocain-epais-berbere-mrirt-en-laine-210x300-cm\\\/#mainImage\",\"width\":2018,\"height\":2560,\"caption\":\"Handmade Moroccan Berber Mrirt wool carpet 210x300 cm\"},\"primaryImageOfPage\":{\"@id\":\"https:\\\/\\\/www.leslosanges.com\\\/en\\\/product\\\/lyla-tapis-marocain-epais-berbere-mrirt-en-laine-210x300-cm\\\/#mainImage\"},\"datePublished\":\"2025-07-25T12:07:12+02:00\",\"dateModified\":\"2026-03-06T13:40:13+01:00\"},{\"@type\":\"WebSite\",\"@id\":\"https:\\\/\\\/www.leslosanges.com\\\/en\\\/#website\",\"url\":\"https:\\\/\\\/www.leslosanges.com\\\/en\\\/\",\"name\":\"Les Losanges, vente de tapis berbere\",\"alternateName\":\"Les Losanges\",\"description\":\"La boutique sp\\u00e9cialis\\u00e9e de tapis berbere\",\"inLanguage\":\"en-US\",\"publisher\":{\"@id\":\"https:\\\/\\\/www.leslosanges.com\\\/en\\\/#organization\"}}]}\n\t\t<\/script>\n\t\t<!-- All in One SEO Pro -->\r\n\t\t<title>Lyla-Tapis marocain \u00e9pais berb\u00e8re Mrirt en laine 210\u00d7300 cm Livraison gratuite<\/title>\n\n","aioseo_head_json":{"title":"Lyla-Tapis marocain \u00e9pais berb\u00e8re Mrirt en laine 210\u00d7300 cm Livraison gratuite","description":"D\u00e9couvrez ce Lyla-Tapis marocain \u00e9pais berb\u00e8re Mrirt en laine 210\u00d7300 cm disponible sur notre site en ligne. Ajoutez une touche d'authenticit\u00e9 \u00e0 votre int\u00e9rieur avec ce All our carpets","canonical_url":"https:\/\/www.leslosanges.com\/en\/product\/lyla-tapis-marocain-epais-berbere-mrirt-en-laine-210x300-cm\/","robots":"max-image-preview:large","keywords":"","webmasterTools":{"google-site-verification":"TR79bayUbOqoarOKumvWsio6rmdIusJNq3SVVCbDl8g","miscellaneous":""},"schema":{"@context":"https:\/\/schema.org","@graph":[{"@type":"BreadcrumbList","@id":"https:\/\/www.leslosanges.com\/en\/product\/lyla-tapis-marocain-epais-berbere-mrirt-en-laine-210x300-cm\/#breadcrumblist","itemListElement":[{"@type":"ListItem","@id":"https:\/\/www.leslosanges.com\/en\/#listItem","position":1,"name":"Accueil","item":"https:\/\/www.leslosanges.com\/en\/","nextItem":{"@type":"ListItem","@id":"https:\/\/www.leslosanges.com\/en\/shop\/#listItem","name":"Shop"}},{"@type":"ListItem","@id":"https:\/\/www.leslosanges.com\/en\/shop\/#listItem","position":2,"name":"Shop","item":"https:\/\/www.leslosanges.com\/en\/shop\/","nextItem":{"@type":"ListItem","@id":"https:\/\/www.leslosanges.com\/en\/moroccan-rug\/#listItem","name":"Moroccan rug"},"previousItem":{"@type":"ListItem","@id":"https:\/\/www.leslosanges.com\/en\/#listItem","name":"Accueil"}},{"@type":"ListItem","@id":"https:\/\/www.leslosanges.com\/en\/moroccan-rug\/#listItem","position":3,"name":"Moroccan rug","item":"https:\/\/www.leslosanges.com\/en\/moroccan-rug\/","nextItem":{"@type":"ListItem","@id":"https:\/\/www.leslosanges.com\/en\/beni-ouarain-rugs\/#listItem","name":"Beni Ouarain rug"},"previousItem":{"@type":"ListItem","@id":"https:\/\/www.leslosanges.com\/en\/shop\/#listItem","name":"Shop"}},{"@type":"ListItem","@id":"https:\/\/www.leslosanges.com\/en\/beni-ouarain-rugs\/#listItem","position":4,"name":"Beni Ouarain rug","item":"https:\/\/www.leslosanges.com\/en\/beni-ouarain-rugs\/","nextItem":{"@type":"ListItem","@id":"https:\/\/www.leslosanges.com\/en\/product\/lyla-tapis-marocain-epais-berbere-mrirt-en-laine-210x300-cm\/#listItem","name":"Lyla-Tapis marocain \u00e9pais berb\u00e8re Mrirt en laine 210&#215;300 cm"},"previousItem":{"@type":"ListItem","@id":"https:\/\/www.leslosanges.com\/en\/moroccan-rug\/#listItem","name":"Moroccan rug"}},{"@type":"ListItem","@id":"https:\/\/www.leslosanges.com\/en\/product\/lyla-tapis-marocain-epais-berbere-mrirt-en-laine-210x300-cm\/#listItem","position":5,"name":"Lyla-Tapis marocain \u00e9pais berb\u00e8re Mrirt en laine 210&#215;300 cm","previousItem":{"@type":"ListItem","@id":"https:\/\/www.leslosanges.com\/en\/beni-ouarain-rugs\/#listItem","name":"Beni Ouarain rug"}}]},{"@type":"Organization","@id":"https:\/\/www.leslosanges.com\/en\/#organization","name":"Les losanges","description":"La boutique sp\u00e9cialis\u00e9e de tapis berbere","url":"https:\/\/www.leslosanges.com\/en\/","telephone":"+33783785254","logo":{"@type":"ImageObject","url":"https:\/\/www.leslosanges.com\/wp-content\/uploads\/2022\/11\/Leslosangeslogo.png","@id":"https:\/\/www.leslosanges.com\/en\/product\/lyla-tapis-marocain-epais-berbere-mrirt-en-laine-210x300-cm\/#organizationLogo","width":500,"height":300},"image":{"@id":"https:\/\/www.leslosanges.com\/en\/product\/lyla-tapis-marocain-epais-berbere-mrirt-en-laine-210x300-cm\/#organizationLogo"},"sameAs":["https:\/\/www.instagram.com\/leslosangesshop\/","https:\/\/www.pinterest.fr\/sbonnord\/leslosanges\/"]},{"@type":"Product","@id":"https:\/\/www.leslosanges.com\/en\/product\/lyla-tapis-marocain-epais-berbere-mrirt-en-laine-210x300-cm\/#wooCommerceProduct","name":"Lyla-Tapis marocain \u00e9pais berb\u00e8re Mrirt en laine 210x300 cm","description":"Type : Moroccan RUG\nOrigin : Middle Atlas , Morocco\nConstruction : Handmade\nMaterial: Wool\nDimensions: 210x300 cm","url":"https:\/\/www.leslosanges.com\/en\/product\/lyla-tapis-marocain-epais-berbere-mrirt-en-laine-210x300-cm\/","image":{"@type":"ImageObject","url":"https:\/\/www.leslosanges.com\/wp-content\/uploads\/2025\/07\/IMG_6077-Photoroom-scaled.jpeg","@id":"https:\/\/www.leslosanges.com\/en\/product\/lyla-tapis-marocain-epais-berbere-mrirt-en-laine-210x300-cm\/#productImage","width":2018,"height":2560,"caption":"Handmade Moroccan Berber Mrirt wool carpet 210x300 cm"},"offers":{"@type":"Offer","url":"https:\/\/www.leslosanges.com\/en\/product\/lyla-tapis-marocain-epais-berbere-mrirt-en-laine-210x300-cm\/#wooCommerceOffer","price":900,"priceCurrency":"EUR","category":"All our carpets","availability":"https:\/\/schema.org\/OutOfStock","priceSpecification":{"@type":"PriceSpecification","price":900,"priceCurrency":"EUR","valueAddedTaxIncluded":"true"},"seller":{"@type":"Organization","@id":"https:\/\/www.leslosanges.com\/en\/#organization"}}},{"@type":"WebPage","@id":"https:\/\/www.leslosanges.com\/en\/product\/lyla-tapis-marocain-epais-berbere-mrirt-en-laine-210x300-cm\/#webpage","url":"https:\/\/www.leslosanges.com\/en\/product\/lyla-tapis-marocain-epais-berbere-mrirt-en-laine-210x300-cm\/","name":"Lyla-Tapis marocain \u00e9pais berb\u00e8re Mrirt en laine 210\u00d7300 cm Livraison gratuite","description":"D\u00e9couvrez ce Lyla-Tapis marocain \u00e9pais berb\u00e8re Mrirt en laine 210\u00d7300 cm disponible sur notre site en ligne. Ajoutez une touche d'authenticit\u00e9 \u00e0 votre int\u00e9rieur avec ce All our carpets","inLanguage":"en-US","isPartOf":{"@id":"https:\/\/www.leslosanges.com\/en\/#website"},"breadcrumb":{"@id":"https:\/\/www.leslosanges.com\/en\/product\/lyla-tapis-marocain-epais-berbere-mrirt-en-laine-210x300-cm\/#breadcrumblist"},"image":{"@type":"ImageObject","url":"https:\/\/www.leslosanges.com\/wp-content\/uploads\/2025\/07\/IMG_6077-Photoroom-scaled.jpeg","@id":"https:\/\/www.leslosanges.com\/en\/product\/lyla-tapis-marocain-epais-berbere-mrirt-en-laine-210x300-cm\/#mainImage","width":2018,"height":2560,"caption":"Handmade Moroccan Berber Mrirt wool carpet 210x300 cm"},"primaryImageOfPage":{"@id":"https:\/\/www.leslosanges.com\/en\/product\/lyla-tapis-marocain-epais-berbere-mrirt-en-laine-210x300-cm\/#mainImage"},"datePublished":"2025-07-25T12:07:12+02:00","dateModified":"2026-03-06T13:40:13+01:00"},{"@type":"WebSite","@id":"https:\/\/www.leslosanges.com\/en\/#website","url":"https:\/\/www.leslosanges.com\/en\/","name":"Les Losanges, vente de tapis berbere","alternateName":"Les Losanges","description":"La boutique sp\u00e9cialis\u00e9e de tapis berbere","inLanguage":"en-US","publisher":{"@id":"https:\/\/www.leslosanges.com\/en\/#organization"}}]},"og:locale":"en_US","og:site_name":"Les Losanges - La boutique sp\u00e9cialis\u00e9e de tapis berbere","og:type":"article","og:title":"Lyla-Tapis marocain \u00e9pais berb\u00e8re Mrirt en laine 210\u00d7300 cm Livraison gratuite","og:description":"D\u00e9couvrez ce Lyla-Tapis marocain \u00e9pais berb\u00e8re Mrirt en laine 210\u00d7300 cm disponible sur notre site en ligne. Ajoutez une touche d'authenticit\u00e9 \u00e0 votre int\u00e9rieur avec ce All our carpets","og:url":"https:\/\/www.leslosanges.com\/en\/product\/lyla-tapis-marocain-epais-berbere-mrirt-en-laine-210x300-cm\/","article:published_time":"2025-07-25T10:07:12+00:00","article:modified_time":"2026-03-06T12:40:13+00:00","twitter:card":"summary_large_image","twitter:title":"Lyla-Tapis marocain \u00e9pais berb\u00e8re Mrirt en laine 210\u00d7300 cm Livraison gratuite","twitter:description":"D\u00e9couvrez ce Lyla-Tapis marocain \u00e9pais berb\u00e8re Mrirt en laine 210\u00d7300 cm disponible sur notre site en ligne. Ajoutez une touche d'authenticit\u00e9 \u00e0 votre int\u00e9rieur avec ce All our carpets"},"aioseo_meta_data":{"post_id":"25602","title":null,"description":null,"keywords":null,"keyphrases":{"focus":{"keyphrase":"","score":0,"analysis":{"keyphraseInTitle":{"score":0,"maxScore":9,"error":1}}},"additional":[]},"primary_term":null,"canonical_url":null,"og_title":null,"og_description":null,"og_object_type":"default","og_image_type":"default","og_image_url":null,"og_image_width":null,"og_image_height":null,"og_image_custom_url":null,"og_image_custom_fields":null,"og_video":"","og_custom_url":null,"og_article_section":null,"og_article_tags":null,"twitter_use_og":false,"twitter_card":"default","twitter_image_type":"default","twitter_image_url":null,"twitter_image_custom_url":null,"twitter_image_custom_fields":null,"twitter_title":null,"twitter_description":null,"schema":{"blockGraphs":[],"customGraphs":[],"default":{"data":{"Article":[],"Course":[],"Dataset":[],"FAQPage":[],"Movie":[],"Person":[],"Product":[],"ProductReview":[],"Car":[],"Recipe":[],"Service":[],"SoftwareApplication":[],"WebPage":[]},"graphName":"Product","isEnabled":true},"graphs":[]},"schema_type":"default","schema_type_options":null,"pillar_content":false,"robots_default":true,"robots_noindex":false,"robots_noarchive":false,"robots_nosnippet":false,"robots_nofollow":false,"robots_noimageindex":false,"robots_noodp":false,"robots_notranslate":false,"robots_max_snippet":"-1","robots_max_videopreview":"-1","robots_max_imagepreview":"large","priority":null,"frequency":"default","local_seo":null,"seo_analyzer_scan_date":"2026-03-06 13:29:30","breadcrumb_settings":null,"limit_modified_date":false,"open_ai":"{\"title\":{\"suggestions\":[],\"usage\":0},\"description\":{\"suggestions\":[],\"usage\":0}}","ai":{"faqs":[],"keyPoints":[],"titles":[],"descriptions":[],"socialPosts":{"email":[],"linkedin":[],"twitter":[],"facebook":[],"instagram":[]}},"created":"2026-01-11 12:34:51","updated":"2026-03-06 13:30:00"},"aioseo_breadcrumb":"<div class=\"aioseo-breadcrumbs\"><span class=\"aioseo-breadcrumb\">\n\t<a href=\"https:\/\/www.leslosanges.com\/en\/\" title=\"Accueil\">Accueil<\/a>\n<\/span><span class=\"aioseo-breadcrumb-separator\">\u203a<\/span><span class=\"aioseo-breadcrumb\">\n\t<a href=\"https:\/\/www.leslosanges.com\/en\/shop\/\" title=\"Shop\">Shop<\/a>\n<\/span><span class=\"aioseo-breadcrumb-separator\">\u203a<\/span><span class=\"aioseo-breadcrumb\">\n\t<a href=\"https:\/\/www.leslosanges.com\/en\/moroccan-rug\/\" title=\"Moroccan rug\">Moroccan rug<\/a>\n<\/span><span class=\"aioseo-breadcrumb-separator\">\u203a<\/span><span class=\"aioseo-breadcrumb\">\n\t<a href=\"https:\/\/www.leslosanges.com\/en\/beni-ouarain-rugs\/\" title=\"Beni Ouarain rug\">Beni Ouarain rug<\/a>\n<\/span><span class=\"aioseo-breadcrumb-separator\">\u203a<\/span><span class=\"aioseo-breadcrumb\">\n\tLyla-Tapis marocain \u00e9pais berb\u00e8re Mrirt en laine 210\u00d7300 cm\n<\/span><\/div>","aioseo_breadcrumb_json":[{"label":"Accueil","link":"https:\/\/www.leslosanges.com\/en\/"},{"label":"Shop","link":"https:\/\/www.leslosanges.com\/en\/shop\/"},{"label":"Moroccan rug","link":"https:\/\/www.leslosanges.com\/en\/moroccan-rug\/"},{"label":"Beni Ouarain rug","link":"https:\/\/www.leslosanges.com\/en\/beni-ouarain-rugs\/"},{"label":"Lyla-Tapis marocain \u00e9pais berb\u00e8re Mrirt en laine 210&#215;300 cm","link":"https:\/\/www.leslosanges.com\/en\/product\/lyla-tapis-marocain-epais-berbere-mrirt-en-laine-210x300-cm\/"}],"_links":{"self":[{"href":"https:\/\/www.leslosanges.com\/en\/wp-json\/wp\/v2\/product\/25602","targetHints":{"allow":["GET"]}}],"collection":[{"href":"https:\/\/www.leslosanges.com\/en\/wp-json\/wp\/v2\/product"}],"about":[{"href":"https:\/\/www.leslosanges.com\/en\/wp-json\/wp\/v2\/types\/product"}],"replies":[{"embeddable":true,"href":"https:\/\/www.leslosanges.com\/en\/wp-json\/wp\/v2\/comments?post=25602"}],"wp:featuredmedia":[{"embeddable":true,"href":"https:\/\/www.leslosanges.com\/en\/wp-json\/wp\/v2\/media\/23652"}],"wp:attachment":[{"href":"https:\/\/www.leslosanges.com\/en\/wp-json\/wp\/v2\/media?parent=25602"}],"wp:term":[{"taxonomy":"product_brand","embeddable":true,"href":"https:\/\/www.leslosanges.com\/en\/wp-json\/wp\/v2\/product_brand?post=25602"},{"taxonomy":"product_cat","embeddable":true,"href":"https:\/\/www.leslosanges.com\/en\/wp-json\/wp\/v2\/product_cat?post=25602"},{"taxonomy":"product_tag","embeddable":true,"href":"https:\/\/www.leslosanges.com\/en\/wp-json\/wp\/v2\/product_tag?post=25602"}],"curies":[{"name":"wp","href":"https:\/\/api.w.org\/{rel}","templated":true}]}}