{"id":25611,"date":"2025-04-16T10:53:26","date_gmt":"2025-04-16T08:53:26","guid":{"rendered":"https:\/\/www.leslosanges.com\/labyrinthe-moroccan-wool-berere-carpet-205x300-cm\/"},"modified":"2025-04-16T10:53:26","modified_gmt":"2025-04-16T08:53:26","slug":"labyrinthe-moroccan-wool-berere-carpet-205x300-cm","status":"publish","type":"product","link":"https:\/\/www.leslosanges.com\/en\/product\/labyrinthe-moroccan-wool-berere-carpet-205x300-cm\/","title":{"rendered":"Labyrinthe -Moroccan wool berere carpet 205&#215;300 cm"},"content":{"rendered":"<p data-start=\"248\" data-end=\"515\">Bring a touch of minimalist elegance to your home with our <strong data-start=\"320\" data-end=\"344\">Mrirt Moroccan rug<\/strong>, a masterpiece of Berber craftsmanship. Hand-woven in the Middle Atlas Mountains, this exceptional rug combines <strong data-start=\"465\" data-end=\"491\">ancestral craftsmanship and<\/strong>contemporary design. <\/p>\n<h3 data-start=\"517\" data-end=\"551\">Main features :<\/h3>\n<ul data-start=\"552\" data-end=\"987\">\n<li data-start=\"552\" data-end=\"580\"><strong data-start=\"554\" data-end=\"565\">Origin<\/strong>: Mrirt, Morocco<\/li>\n<li data-start=\"581\" data-end=\"625\"><strong data-start=\"583\" data-end=\"595\">Material<\/strong>: 100% virgin sheep&#8217;s wool<\/li>\n<li data-start=\"626\" data-end=\"721\"><strong data-start=\"628\" data-end=\"642\">Dimensions<\/strong>: 205&#215;300 cm<\/li>\n<li data-start=\"840\" data-end=\"945\"><strong data-start=\"842\" data-end=\"855\">Technique<\/strong>: Hand-woven with high knot density for an ultra-soft, durable texture<\/li>\n<li data-start=\"946\" data-end=\"987\"><strong data-start=\"948\" data-end=\"960\">Finish<\/strong>: Hand-knotted bangs<\/li>\n<\/ul>\n<h3 data-start=\"989\" data-end=\"1026\">Why choose this Mrirt rug?<\/h3>\n<p data-start=\"1027\" data-end=\"1543\">\u2714 <strong data-start=\"1029\" data-end=\"1054\">Authenticity guaranteed<\/strong>: Each rug is unique, woven by Moroccan craftswomen perpetuating Berber tradition.<br data-start=\"1156\" data-end=\"1159\">\u2714 <strong data-start=\"1161\" data-end=\"1180\">Premium quality<\/strong>: The wool used is carefully selected for its softness, durability and natural sheen.<br data-start=\"1284\" data-end=\"1287\">\u2714 <strong data-start=\"1289\" data-end=\"1309\">Timeless style<\/strong>: Its embossed graphic pattern blends perfectly with modern, Scandinavian, bohemian or minimalist interiors.<br data-start=\"1427\" data-end=\"1430\">\u2714 <strong data-start=\"1432\" data-end=\"1457\">Ethical &amp; responsible<\/strong>: Production respectful of artisan working conditions, without intermediaries.<\/p>\n<h3 data-start=\"1545\" data-end=\"1571\">Care instructions :<\/h3>\n<ul data-start=\"1572\" data-end=\"1709\">\n<li data-start=\"1572\" data-end=\"1617\">Vacuum regularly without a rotating brush.<\/li>\n<li data-start=\"1618\" data-end=\"1709\">In the event of staining, dry-cleaning or specialized professional cleaning is recommended.<\/li>\n<\/ul>\n<h3 data-start=\"1711\" data-end=\"1742\">Delivery &amp; Availability :<\/h3>\n<ul data-start=\"1743\" data-end=\"1852\">\n<li data-start=\"1743\" data-end=\"1793\"><strong data-start=\"1745\" data-end=\"1793\">Free delivery in mainland France.<\/strong><\/li>\n<li data-start=\"1794\" data-end=\"1831\">Shipment within 3 to 5 working days.<\/li>\n<li data-start=\"1832\" data-end=\"1852\">Secure payment.<\/li>\n<\/ul>\n","protected":false},"excerpt":{"rendered":"<p><strong>Type <\/strong>: Mrirt RUG<br \/>\n<strong>Origin <\/strong>: Middle Atlas , Morocco<br \/>\n<strong>Construction <\/strong>: Handmade<br \/>\n<strong>Material<\/strong>: Wool<br \/>\n<strong>Dimensions<\/strong>: 205&#215;300 cm<\/p>\n","protected":false},"featured_media":23511,"comment_status":"open","ping_status":"closed","template":"","meta":{"_acf_changed":false},"product_brand":[],"product_cat":[300,112,117],"product_tag":[],"class_list":{"0":"post-25611","1":"product","2":"type-product","3":"status-publish","4":"has-post-thumbnail","6":"product_cat-all-our-carpets","7":"product_cat-beni-ouarain-rugs","8":"product_cat-moroccan-rug","10":"first","11":"instock","12":"taxable","13":"shipping-taxable","14":"purchasable","15":"product-type-simple"},"acf":[],"aioseo_notices":[],"aioseo_head":"\n\t\t<!-- All in One SEO Pro 4.9.6.2 - aioseo.com -->\n\t<meta name=\"description\" content=\"D\u00e9couvrez ce Labyrinthe -Moroccan wool berere carpet 205\u00d7300 cm disponible sur notre site en ligne. Ajoutez une touche d&#039;authenticit\u00e9 \u00e0 votre int\u00e9rieur avec ce All our carpets\" \/>\n\t<meta name=\"robots\" content=\"max-image-preview:large\" \/>\n\t<meta name=\"google-site-verification\" content=\"TR79bayUbOqoarOKumvWsio6rmdIusJNq3SVVCbDl8g\" \/>\n\t<link rel=\"canonical\" href=\"https:\/\/www.leslosanges.com\/en\/product\/labyrinthe-moroccan-wool-berere-carpet-205x300-cm\/\" \/>\n\t<meta name=\"generator\" content=\"All in One SEO Pro (AIOSEO) 4.9.6.2\" \/>\n\t\t<meta property=\"og:locale\" content=\"en_US\" \/>\n\t\t<meta property=\"og:site_name\" content=\"Les Losanges - La boutique sp\u00e9cialis\u00e9e de tapis berbere\" \/>\n\t\t<meta property=\"og:type\" content=\"article\" \/>\n\t\t<meta property=\"og:title\" content=\"Labyrinthe -Moroccan wool berere carpet 205\u00d7300 cm Livraison gratuite\" \/>\n\t\t<meta property=\"og:description\" content=\"D\u00e9couvrez ce Labyrinthe -Moroccan wool berere carpet 205\u00d7300 cm disponible sur notre site en ligne. Ajoutez une touche d&#039;authenticit\u00e9 \u00e0 votre int\u00e9rieur avec ce All our carpets\" \/>\n\t\t<meta property=\"og:url\" content=\"https:\/\/www.leslosanges.com\/en\/product\/labyrinthe-moroccan-wool-berere-carpet-205x300-cm\/\" \/>\n\t\t<meta property=\"article:published_time\" content=\"2025-04-16T08:53:26+00:00\" \/>\n\t\t<meta property=\"article:modified_time\" content=\"2025-04-16T08:53:26+00:00\" \/>\n\t\t<meta name=\"twitter:card\" content=\"summary_large_image\" \/>\n\t\t<meta name=\"twitter:title\" content=\"Labyrinthe -Moroccan wool berere carpet 205\u00d7300 cm Livraison gratuite\" \/>\n\t\t<meta name=\"twitter:description\" content=\"D\u00e9couvrez ce Labyrinthe -Moroccan wool berere carpet 205\u00d7300 cm disponible sur notre site en ligne. Ajoutez une touche d&#039;authenticit\u00e9 \u00e0 votre int\u00e9rieur avec ce All our carpets\" \/>\n\t\t<script type=\"application\/ld+json\" class=\"aioseo-schema\">\n\t\t\t{\"@context\":\"https:\\\/\\\/schema.org\",\"@graph\":[{\"@type\":\"BreadcrumbList\",\"@id\":\"https:\\\/\\\/www.leslosanges.com\\\/en\\\/product\\\/labyrinthe-moroccan-wool-berere-carpet-205x300-cm\\\/#breadcrumblist\",\"itemListElement\":[{\"@type\":\"ListItem\",\"@id\":\"https:\\\/\\\/www.leslosanges.com\\\/en\\\/#listItem\",\"position\":1,\"name\":\"Accueil\",\"item\":\"https:\\\/\\\/www.leslosanges.com\\\/en\\\/\",\"nextItem\":{\"@type\":\"ListItem\",\"@id\":\"https:\\\/\\\/www.leslosanges.com\\\/en\\\/shop\\\/#listItem\",\"name\":\"Shop\"}},{\"@type\":\"ListItem\",\"@id\":\"https:\\\/\\\/www.leslosanges.com\\\/en\\\/shop\\\/#listItem\",\"position\":2,\"name\":\"Shop\",\"item\":\"https:\\\/\\\/www.leslosanges.com\\\/en\\\/shop\\\/\",\"nextItem\":{\"@type\":\"ListItem\",\"@id\":\"https:\\\/\\\/www.leslosanges.com\\\/en\\\/moroccan-rug\\\/#listItem\",\"name\":\"Moroccan rug\"},\"previousItem\":{\"@type\":\"ListItem\",\"@id\":\"https:\\\/\\\/www.leslosanges.com\\\/en\\\/#listItem\",\"name\":\"Accueil\"}},{\"@type\":\"ListItem\",\"@id\":\"https:\\\/\\\/www.leslosanges.com\\\/en\\\/moroccan-rug\\\/#listItem\",\"position\":3,\"name\":\"Moroccan rug\",\"item\":\"https:\\\/\\\/www.leslosanges.com\\\/en\\\/moroccan-rug\\\/\",\"nextItem\":{\"@type\":\"ListItem\",\"@id\":\"https:\\\/\\\/www.leslosanges.com\\\/en\\\/beni-ouarain-rugs\\\/#listItem\",\"name\":\"Beni Ouarain rug\"},\"previousItem\":{\"@type\":\"ListItem\",\"@id\":\"https:\\\/\\\/www.leslosanges.com\\\/en\\\/shop\\\/#listItem\",\"name\":\"Shop\"}},{\"@type\":\"ListItem\",\"@id\":\"https:\\\/\\\/www.leslosanges.com\\\/en\\\/beni-ouarain-rugs\\\/#listItem\",\"position\":4,\"name\":\"Beni Ouarain rug\",\"item\":\"https:\\\/\\\/www.leslosanges.com\\\/en\\\/beni-ouarain-rugs\\\/\",\"nextItem\":{\"@type\":\"ListItem\",\"@id\":\"https:\\\/\\\/www.leslosanges.com\\\/en\\\/product\\\/labyrinthe-moroccan-wool-berere-carpet-205x300-cm\\\/#listItem\",\"name\":\"Labyrinthe -Moroccan wool berere carpet 205&#215;300 cm\"},\"previousItem\":{\"@type\":\"ListItem\",\"@id\":\"https:\\\/\\\/www.leslosanges.com\\\/en\\\/moroccan-rug\\\/#listItem\",\"name\":\"Moroccan rug\"}},{\"@type\":\"ListItem\",\"@id\":\"https:\\\/\\\/www.leslosanges.com\\\/en\\\/product\\\/labyrinthe-moroccan-wool-berere-carpet-205x300-cm\\\/#listItem\",\"position\":5,\"name\":\"Labyrinthe -Moroccan wool berere carpet 205&#215;300 cm\",\"previousItem\":{\"@type\":\"ListItem\",\"@id\":\"https:\\\/\\\/www.leslosanges.com\\\/en\\\/beni-ouarain-rugs\\\/#listItem\",\"name\":\"Beni Ouarain rug\"}}]},{\"@type\":\"Organization\",\"@id\":\"https:\\\/\\\/www.leslosanges.com\\\/en\\\/#organization\",\"name\":\"Les losanges\",\"description\":\"La boutique sp\\u00e9cialis\\u00e9e de tapis berbere\",\"url\":\"https:\\\/\\\/www.leslosanges.com\\\/en\\\/\",\"telephone\":\"+33783785254\",\"logo\":{\"@type\":\"ImageObject\",\"url\":\"https:\\\/\\\/www.leslosanges.com\\\/wp-content\\\/uploads\\\/2022\\\/11\\\/Leslosangeslogo.png\",\"@id\":\"https:\\\/\\\/www.leslosanges.com\\\/en\\\/product\\\/labyrinthe-moroccan-wool-berere-carpet-205x300-cm\\\/#organizationLogo\",\"width\":500,\"height\":300},\"image\":{\"@id\":\"https:\\\/\\\/www.leslosanges.com\\\/en\\\/product\\\/labyrinthe-moroccan-wool-berere-carpet-205x300-cm\\\/#organizationLogo\"},\"sameAs\":[\"https:\\\/\\\/www.instagram.com\\\/leslosangesshop\\\/\",\"https:\\\/\\\/www.pinterest.fr\\\/sbonnord\\\/leslosanges\\\/\"]},{\"@type\":\"Product\",\"@id\":\"https:\\\/\\\/www.leslosanges.com\\\/en\\\/product\\\/labyrinthe-moroccan-wool-berere-carpet-205x300-cm\\\/#wooCommerceProduct\",\"name\":\"Labyrinthe -Moroccan wool berere carpet 205x300 cm\",\"description\":\"Type : Mrirt RUG\\nOrigin : Middle Atlas , Morocco\\nConstruction : Handmade\\nMaterial: Wool\\nDimensions: 205x300 cm\",\"url\":\"https:\\\/\\\/www.leslosanges.com\\\/en\\\/product\\\/labyrinthe-moroccan-wool-berere-carpet-205x300-cm\\\/\",\"image\":{\"@type\":\"ImageObject\",\"url\":\"https:\\\/\\\/www.leslosanges.com\\\/wp-content\\\/uploads\\\/2025\\\/04\\\/IMG_5761-Photoroom.jpg\",\"@id\":\"https:\\\/\\\/www.leslosanges.com\\\/en\\\/product\\\/labyrinthe-moroccan-wool-berere-carpet-205x300-cm\\\/#productImage\",\"width\":950,\"height\":1273},\"offers\":{\"@type\":\"Offer\",\"url\":\"https:\\\/\\\/www.leslosanges.com\\\/en\\\/product\\\/labyrinthe-moroccan-wool-berere-carpet-205x300-cm\\\/#wooCommerceOffer\",\"price\":900,\"priceCurrency\":\"EUR\",\"category\":\"All our carpets\",\"availability\":\"https:\\\/\\\/schema.org\\\/InStock\",\"priceSpecification\":{\"@type\":\"PriceSpecification\",\"price\":900,\"priceCurrency\":\"EUR\",\"valueAddedTaxIncluded\":\"true\"},\"seller\":{\"@type\":\"Organization\",\"@id\":\"https:\\\/\\\/www.leslosanges.com\\\/en\\\/#organization\"}}},{\"@type\":\"WebPage\",\"@id\":\"https:\\\/\\\/www.leslosanges.com\\\/en\\\/product\\\/labyrinthe-moroccan-wool-berere-carpet-205x300-cm\\\/#webpage\",\"url\":\"https:\\\/\\\/www.leslosanges.com\\\/en\\\/product\\\/labyrinthe-moroccan-wool-berere-carpet-205x300-cm\\\/\",\"name\":\"Labyrinthe -Moroccan wool berere carpet 205\\u00d7300 cm Livraison gratuite\",\"description\":\"D\\u00e9couvrez ce Labyrinthe -Moroccan wool berere carpet 205\\u00d7300 cm disponible sur notre site en ligne. Ajoutez une touche d'authenticit\\u00e9 \\u00e0 votre int\\u00e9rieur avec ce All our carpets\",\"inLanguage\":\"en-US\",\"isPartOf\":{\"@id\":\"https:\\\/\\\/www.leslosanges.com\\\/en\\\/#website\"},\"breadcrumb\":{\"@id\":\"https:\\\/\\\/www.leslosanges.com\\\/en\\\/product\\\/labyrinthe-moroccan-wool-berere-carpet-205x300-cm\\\/#breadcrumblist\"},\"image\":{\"@type\":\"ImageObject\",\"url\":\"https:\\\/\\\/www.leslosanges.com\\\/wp-content\\\/uploads\\\/2025\\\/04\\\/IMG_5761-Photoroom.jpg\",\"@id\":\"https:\\\/\\\/www.leslosanges.com\\\/en\\\/product\\\/labyrinthe-moroccan-wool-berere-carpet-205x300-cm\\\/#mainImage\",\"width\":950,\"height\":1273},\"primaryImageOfPage\":{\"@id\":\"https:\\\/\\\/www.leslosanges.com\\\/en\\\/product\\\/labyrinthe-moroccan-wool-berere-carpet-205x300-cm\\\/#mainImage\"},\"datePublished\":\"2025-04-16T10:53:26+02:00\",\"dateModified\":\"2025-04-16T10:53:26+02:00\"},{\"@type\":\"WebSite\",\"@id\":\"https:\\\/\\\/www.leslosanges.com\\\/en\\\/#website\",\"url\":\"https:\\\/\\\/www.leslosanges.com\\\/en\\\/\",\"name\":\"Les Losanges, vente de tapis berbere\",\"alternateName\":\"Les Losanges\",\"description\":\"La boutique sp\\u00e9cialis\\u00e9e de tapis berbere\",\"inLanguage\":\"en-US\",\"publisher\":{\"@id\":\"https:\\\/\\\/www.leslosanges.com\\\/en\\\/#organization\"}}]}\n\t\t<\/script>\n\t\t<!-- All in One SEO Pro -->\r\n\t\t<title>Labyrinthe -Moroccan wool berere carpet 205\u00d7300 cm Livraison gratuite<\/title>\n\n","aioseo_head_json":{"title":"Labyrinthe -Moroccan wool berere carpet 205\u00d7300 cm Livraison gratuite","description":"D\u00e9couvrez ce Labyrinthe -Moroccan wool berere carpet 205\u00d7300 cm disponible sur notre site en ligne. Ajoutez une touche d'authenticit\u00e9 \u00e0 votre int\u00e9rieur avec ce All our carpets","canonical_url":"https:\/\/www.leslosanges.com\/en\/product\/labyrinthe-moroccan-wool-berere-carpet-205x300-cm\/","robots":"max-image-preview:large","keywords":"","webmasterTools":{"google-site-verification":"TR79bayUbOqoarOKumvWsio6rmdIusJNq3SVVCbDl8g","miscellaneous":""},"schema":{"@context":"https:\/\/schema.org","@graph":[{"@type":"BreadcrumbList","@id":"https:\/\/www.leslosanges.com\/en\/product\/labyrinthe-moroccan-wool-berere-carpet-205x300-cm\/#breadcrumblist","itemListElement":[{"@type":"ListItem","@id":"https:\/\/www.leslosanges.com\/en\/#listItem","position":1,"name":"Accueil","item":"https:\/\/www.leslosanges.com\/en\/","nextItem":{"@type":"ListItem","@id":"https:\/\/www.leslosanges.com\/en\/shop\/#listItem","name":"Shop"}},{"@type":"ListItem","@id":"https:\/\/www.leslosanges.com\/en\/shop\/#listItem","position":2,"name":"Shop","item":"https:\/\/www.leslosanges.com\/en\/shop\/","nextItem":{"@type":"ListItem","@id":"https:\/\/www.leslosanges.com\/en\/moroccan-rug\/#listItem","name":"Moroccan rug"},"previousItem":{"@type":"ListItem","@id":"https:\/\/www.leslosanges.com\/en\/#listItem","name":"Accueil"}},{"@type":"ListItem","@id":"https:\/\/www.leslosanges.com\/en\/moroccan-rug\/#listItem","position":3,"name":"Moroccan rug","item":"https:\/\/www.leslosanges.com\/en\/moroccan-rug\/","nextItem":{"@type":"ListItem","@id":"https:\/\/www.leslosanges.com\/en\/beni-ouarain-rugs\/#listItem","name":"Beni Ouarain rug"},"previousItem":{"@type":"ListItem","@id":"https:\/\/www.leslosanges.com\/en\/shop\/#listItem","name":"Shop"}},{"@type":"ListItem","@id":"https:\/\/www.leslosanges.com\/en\/beni-ouarain-rugs\/#listItem","position":4,"name":"Beni Ouarain rug","item":"https:\/\/www.leslosanges.com\/en\/beni-ouarain-rugs\/","nextItem":{"@type":"ListItem","@id":"https:\/\/www.leslosanges.com\/en\/product\/labyrinthe-moroccan-wool-berere-carpet-205x300-cm\/#listItem","name":"Labyrinthe -Moroccan wool berere carpet 205&#215;300 cm"},"previousItem":{"@type":"ListItem","@id":"https:\/\/www.leslosanges.com\/en\/moroccan-rug\/#listItem","name":"Moroccan rug"}},{"@type":"ListItem","@id":"https:\/\/www.leslosanges.com\/en\/product\/labyrinthe-moroccan-wool-berere-carpet-205x300-cm\/#listItem","position":5,"name":"Labyrinthe -Moroccan wool berere carpet 205&#215;300 cm","previousItem":{"@type":"ListItem","@id":"https:\/\/www.leslosanges.com\/en\/beni-ouarain-rugs\/#listItem","name":"Beni Ouarain rug"}}]},{"@type":"Organization","@id":"https:\/\/www.leslosanges.com\/en\/#organization","name":"Les losanges","description":"La boutique sp\u00e9cialis\u00e9e de tapis berbere","url":"https:\/\/www.leslosanges.com\/en\/","telephone":"+33783785254","logo":{"@type":"ImageObject","url":"https:\/\/www.leslosanges.com\/wp-content\/uploads\/2022\/11\/Leslosangeslogo.png","@id":"https:\/\/www.leslosanges.com\/en\/product\/labyrinthe-moroccan-wool-berere-carpet-205x300-cm\/#organizationLogo","width":500,"height":300},"image":{"@id":"https:\/\/www.leslosanges.com\/en\/product\/labyrinthe-moroccan-wool-berere-carpet-205x300-cm\/#organizationLogo"},"sameAs":["https:\/\/www.instagram.com\/leslosangesshop\/","https:\/\/www.pinterest.fr\/sbonnord\/leslosanges\/"]},{"@type":"Product","@id":"https:\/\/www.leslosanges.com\/en\/product\/labyrinthe-moroccan-wool-berere-carpet-205x300-cm\/#wooCommerceProduct","name":"Labyrinthe -Moroccan wool berere carpet 205x300 cm","description":"Type : Mrirt RUG\nOrigin : Middle Atlas , Morocco\nConstruction : Handmade\nMaterial: Wool\nDimensions: 205x300 cm","url":"https:\/\/www.leslosanges.com\/en\/product\/labyrinthe-moroccan-wool-berere-carpet-205x300-cm\/","image":{"@type":"ImageObject","url":"https:\/\/www.leslosanges.com\/wp-content\/uploads\/2025\/04\/IMG_5761-Photoroom.jpg","@id":"https:\/\/www.leslosanges.com\/en\/product\/labyrinthe-moroccan-wool-berere-carpet-205x300-cm\/#productImage","width":950,"height":1273},"offers":{"@type":"Offer","url":"https:\/\/www.leslosanges.com\/en\/product\/labyrinthe-moroccan-wool-berere-carpet-205x300-cm\/#wooCommerceOffer","price":900,"priceCurrency":"EUR","category":"All our carpets","availability":"https:\/\/schema.org\/InStock","priceSpecification":{"@type":"PriceSpecification","price":900,"priceCurrency":"EUR","valueAddedTaxIncluded":"true"},"seller":{"@type":"Organization","@id":"https:\/\/www.leslosanges.com\/en\/#organization"}}},{"@type":"WebPage","@id":"https:\/\/www.leslosanges.com\/en\/product\/labyrinthe-moroccan-wool-berere-carpet-205x300-cm\/#webpage","url":"https:\/\/www.leslosanges.com\/en\/product\/labyrinthe-moroccan-wool-berere-carpet-205x300-cm\/","name":"Labyrinthe -Moroccan wool berere carpet 205\u00d7300 cm Livraison gratuite","description":"D\u00e9couvrez ce Labyrinthe -Moroccan wool berere carpet 205\u00d7300 cm disponible sur notre site en ligne. Ajoutez une touche d'authenticit\u00e9 \u00e0 votre int\u00e9rieur avec ce All our carpets","inLanguage":"en-US","isPartOf":{"@id":"https:\/\/www.leslosanges.com\/en\/#website"},"breadcrumb":{"@id":"https:\/\/www.leslosanges.com\/en\/product\/labyrinthe-moroccan-wool-berere-carpet-205x300-cm\/#breadcrumblist"},"image":{"@type":"ImageObject","url":"https:\/\/www.leslosanges.com\/wp-content\/uploads\/2025\/04\/IMG_5761-Photoroom.jpg","@id":"https:\/\/www.leslosanges.com\/en\/product\/labyrinthe-moroccan-wool-berere-carpet-205x300-cm\/#mainImage","width":950,"height":1273},"primaryImageOfPage":{"@id":"https:\/\/www.leslosanges.com\/en\/product\/labyrinthe-moroccan-wool-berere-carpet-205x300-cm\/#mainImage"},"datePublished":"2025-04-16T10:53:26+02:00","dateModified":"2025-04-16T10:53:26+02:00"},{"@type":"WebSite","@id":"https:\/\/www.leslosanges.com\/en\/#website","url":"https:\/\/www.leslosanges.com\/en\/","name":"Les Losanges, vente de tapis berbere","alternateName":"Les Losanges","description":"La boutique sp\u00e9cialis\u00e9e de tapis berbere","inLanguage":"en-US","publisher":{"@id":"https:\/\/www.leslosanges.com\/en\/#organization"}}]},"og:locale":"en_US","og:site_name":"Les Losanges - La boutique sp\u00e9cialis\u00e9e de tapis berbere","og:type":"article","og:title":"Labyrinthe -Moroccan wool berere carpet 205\u00d7300 cm Livraison gratuite","og:description":"D\u00e9couvrez ce Labyrinthe -Moroccan wool berere carpet 205\u00d7300 cm disponible sur notre site en ligne. Ajoutez une touche d'authenticit\u00e9 \u00e0 votre int\u00e9rieur avec ce All our carpets","og:url":"https:\/\/www.leslosanges.com\/en\/product\/labyrinthe-moroccan-wool-berere-carpet-205x300-cm\/","article:published_time":"2025-04-16T08:53:26+00:00","article:modified_time":"2025-04-16T08:53:26+00:00","twitter:card":"summary_large_image","twitter:title":"Labyrinthe -Moroccan wool berere carpet 205\u00d7300 cm Livraison gratuite","twitter:description":"D\u00e9couvrez ce Labyrinthe -Moroccan wool berere carpet 205\u00d7300 cm disponible sur notre site en ligne. Ajoutez une touche d'authenticit\u00e9 \u00e0 votre int\u00e9rieur avec ce All our carpets"},"aioseo_meta_data":{"post_id":"25611","title":null,"description":null,"keywords":null,"keyphrases":null,"primary_term":null,"canonical_url":null,"og_title":null,"og_description":null,"og_object_type":"default","og_image_type":"default","og_image_url":null,"og_image_width":null,"og_image_height":null,"og_image_custom_url":null,"og_image_custom_fields":null,"og_video":null,"og_custom_url":null,"og_article_section":null,"og_article_tags":null,"twitter_use_og":false,"twitter_card":"default","twitter_image_type":"default","twitter_image_url":null,"twitter_image_custom_url":null,"twitter_image_custom_fields":null,"twitter_title":null,"twitter_description":null,"schema":{"blockGraphs":[],"customGraphs":[],"default":{"data":{"Article":[],"Course":[],"Dataset":[],"FAQPage":[],"Movie":[],"Person":[],"Product":[],"ProductReview":[],"Car":[],"Recipe":[],"Service":[],"SoftwareApplication":[],"WebPage":[]},"graphName":"","isEnabled":true},"graphs":[]},"schema_type":"default","schema_type_options":null,"pillar_content":false,"robots_default":true,"robots_noindex":false,"robots_noarchive":false,"robots_nosnippet":false,"robots_nofollow":false,"robots_noimageindex":false,"robots_noodp":false,"robots_notranslate":false,"robots_max_snippet":null,"robots_max_videopreview":null,"robots_max_imagepreview":"large","priority":null,"frequency":null,"local_seo":null,"seo_analyzer_scan_date":"2025-10-09 03:14:01","breadcrumb_settings":null,"limit_modified_date":false,"open_ai":null,"ai":null,"created":"2026-01-11 12:34:55","updated":"2026-01-11 12:34:57"},"aioseo_breadcrumb":"<div class=\"aioseo-breadcrumbs\"><span class=\"aioseo-breadcrumb\">\n\t<a href=\"https:\/\/www.leslosanges.com\/en\/\" title=\"Accueil\">Accueil<\/a>\n<\/span><span class=\"aioseo-breadcrumb-separator\">\u203a<\/span><span class=\"aioseo-breadcrumb\">\n\t<a href=\"https:\/\/www.leslosanges.com\/en\/shop\/\" title=\"Shop\">Shop<\/a>\n<\/span><span class=\"aioseo-breadcrumb-separator\">\u203a<\/span><span class=\"aioseo-breadcrumb\">\n\t<a href=\"https:\/\/www.leslosanges.com\/en\/moroccan-rug\/\" title=\"Moroccan rug\">Moroccan rug<\/a>\n<\/span><span class=\"aioseo-breadcrumb-separator\">\u203a<\/span><span class=\"aioseo-breadcrumb\">\n\t<a href=\"https:\/\/www.leslosanges.com\/en\/beni-ouarain-rugs\/\" title=\"Beni Ouarain rug\">Beni Ouarain rug<\/a>\n<\/span><span class=\"aioseo-breadcrumb-separator\">\u203a<\/span><span class=\"aioseo-breadcrumb\">\n\tLabyrinthe -Moroccan wool berere carpet 205\u00d7300 cm\n<\/span><\/div>","aioseo_breadcrumb_json":[{"label":"Accueil","link":"https:\/\/www.leslosanges.com\/en\/"},{"label":"Shop","link":"https:\/\/www.leslosanges.com\/en\/shop\/"},{"label":"Moroccan rug","link":"https:\/\/www.leslosanges.com\/en\/moroccan-rug\/"},{"label":"Beni Ouarain rug","link":"https:\/\/www.leslosanges.com\/en\/beni-ouarain-rugs\/"},{"label":"Labyrinthe -Moroccan wool berere carpet 205&#215;300 cm","link":"https:\/\/www.leslosanges.com\/en\/product\/labyrinthe-moroccan-wool-berere-carpet-205x300-cm\/"}],"_links":{"self":[{"href":"https:\/\/www.leslosanges.com\/en\/wp-json\/wp\/v2\/product\/25611","targetHints":{"allow":["GET"]}}],"collection":[{"href":"https:\/\/www.leslosanges.com\/en\/wp-json\/wp\/v2\/product"}],"about":[{"href":"https:\/\/www.leslosanges.com\/en\/wp-json\/wp\/v2\/types\/product"}],"replies":[{"embeddable":true,"href":"https:\/\/www.leslosanges.com\/en\/wp-json\/wp\/v2\/comments?post=25611"}],"wp:featuredmedia":[{"embeddable":true,"href":"https:\/\/www.leslosanges.com\/en\/wp-json\/wp\/v2\/media\/23511"}],"wp:attachment":[{"href":"https:\/\/www.leslosanges.com\/en\/wp-json\/wp\/v2\/media?parent=25611"}],"wp:term":[{"taxonomy":"product_brand","embeddable":true,"href":"https:\/\/www.leslosanges.com\/en\/wp-json\/wp\/v2\/product_brand?post=25611"},{"taxonomy":"product_cat","embeddable":true,"href":"https:\/\/www.leslosanges.com\/en\/wp-json\/wp\/v2\/product_cat?post=25611"},{"taxonomy":"product_tag","embeddable":true,"href":"https:\/\/www.leslosanges.com\/en\/wp-json\/wp\/v2\/product_tag?post=25611"}],"curies":[{"name":"wp","href":"https:\/\/api.w.org\/{rel}","templated":true}]}}