{"id":25616,"date":"2025-07-23T12:50:51","date_gmt":"2025-07-23T10:50:51","guid":{"rendered":"https:\/\/www.leslosanges.com\/nuit-black-moroccan-berber-carpet-200x280-cm\/"},"modified":"2025-07-23T12:50:51","modified_gmt":"2025-07-23T10:50:51","slug":"nuit-black-moroccan-berber-carpet-200x280-cm","status":"publish","type":"product","link":"https:\/\/www.leslosanges.com\/en\/product\/nuit-black-moroccan-berber-carpet-200x280-cm\/","title":{"rendered":"Nuit- Black Moroccan Berber Carpet 200&#215;280 cm"},"content":{"rendered":"<h4 data-start=\"1333\" data-end=\"1371\">Discover this superb Moroccan wool rug, a unique piece hand-woven in the Middle Atlas region. This full-color black rug, born of the Berber rug tradition, embodies the elegance and craftsmanship of Morocco. With its vibrant, abstract geometric motifs, this Mrirt rug brings a contemporary, artistic touch to any interior. A true work of textile art, this Moroccan rug is soft, warm and durable &#8211; perfect for enhancing a living room, bedroom or living space.   <\/h4>\n<h3 data-start=\"1333\" data-end=\"1371\"><\/h3>\n<h3 class=\"\" data-start=\"1333\" data-end=\"1371\"> <strong data-start=\"1340\" data-end=\"1371\">Technical specifications<\/strong><\/h3>\n<ul data-start=\"1372\" data-end=\"1862\">\n<li class=\"\" data-start=\"1372\" data-end=\"1426\">\n<p class=\"\" data-start=\"1374\" data-end=\"1426\"><strong data-start=\"1374\" data-end=\"1385\">Origin<\/strong>: Morocco &#8211; Mrirt region, Middle Atlas<\/p>\n<\/li>\n<li class=\"\" data-start=\"1427\" data-end=\"1473\">\n<p class=\"\" data-start=\"1429\" data-end=\"1473\"><strong data-start=\"1429\" data-end=\"1440\">Material<\/strong>: 100% natural new wool<\/p>\n<\/li>\n<li class=\"\" data-start=\"1474\" data-end=\"1526\">\n<p class=\"\" data-start=\"1476\" data-end=\"1526\"><strong data-start=\"1476\" data-end=\"1489\">Technique<\/strong>: Hand-woven \/ hand-knotted<\/p>\n<\/li>\n<li class=\"\" data-start=\"1527\" data-end=\"1601\">\n<p class=\"\" data-start=\"1529\" data-end=\"1601\"><strong data-start=\"1529\" data-end=\"1543\">Dimensions<\/strong>:200&#215;280 cm<\/p>\n<\/li>\n<li class=\"\" data-start=\"1602\" data-end=\"1632\">\n<p class=\"\" data-start=\"1604\" data-end=\"1632\"><strong data-start=\"1604\" data-end=\"1616\">Colors<\/strong>: Black<\/p>\n<\/li>\n<li class=\"\" data-start=\"1633\" data-end=\"1670\">\n<p class=\"\" data-start=\"1635\" data-end=\"1670\"><strong data-start=\"1635\" data-end=\"1644\">Design<\/strong>: Geometric relief<\/p>\n<\/li>\n<li class=\"\" data-start=\"1717\" data-end=\"1768\">\n<p class=\"\" data-start=\"1719\" data-end=\"1768\"><strong data-start=\"1719\" data-end=\"1731\">Finish<\/strong>: Twisted bangs at ends<\/p>\n<\/li>\n<li class=\"\" data-start=\"1769\" data-end=\"1862\">\n<p class=\"\" data-start=\"1771\" data-end=\"1862\"><strong data-start=\"1771\" data-end=\"1784\">Maintenance<\/strong>: Vacuum regularly. Dry-cleaning or professional cleaning recommended. <\/p>\n<\/li>\n<\/ul>\n<h3 class=\"\" data-start=\"1869\" data-end=\"1913\"><strong data-start=\"1876\" data-end=\"1913\">Why choose a Mrirt rug?<\/strong><\/h3>\n<ul data-start=\"1914\" data-end=\"2155\">\n<li class=\"\" data-start=\"1914\" data-end=\"1976\">\n<p class=\"\" data-start=\"1916\" data-end=\"1976\"><strong data-start=\"1936\" data-end=\"1947\">Ethically<\/strong> made by Berber craftswomen<\/p>\n<\/li>\n<li class=\"\" data-start=\"1977\" data-end=\"2031\">\n<p class=\"\" data-start=\"1979\" data-end=\"2031\">Use of <strong data-start=\"1994\" data-end=\"2017\">natural<\/strong>, sustainable <strong data-start=\"1994\" data-end=\"2017\">materials<\/strong> <\/p>\n<\/li>\n<li class=\"\" data-start=\"2032\" data-end=\"2096\">\n<p class=\"\" data-start=\"2034\" data-end=\"2096\">Each piece is <strong data-start=\"2051\" data-end=\"2061\">unique<\/strong> &#8211; no industrial production<\/p>\n<\/li>\n<li class=\"\" data-start=\"2097\" data-end=\"2155\">\n<p class=\"\" data-start=\"2099\" data-end=\"2155\">Authentic design <strong data-start=\"2122\" data-end=\"2155\">showcasing Moroccan craftsmanship<\/strong><\/p>\n<\/li>\n<\/ul>\n","protected":false},"excerpt":{"rendered":"<p><strong>Type <\/strong>: Mrirt RUG<br \/>\n<strong>Origin <\/strong>: Middle Atlas , Morocco<br \/>\n<strong>Construction <\/strong>: Handmade<br \/>\n<strong>Material<\/strong>: Wool<br \/>\n<strong>Dimensions<\/strong>: 200&#215;280 cm<\/p>\n","protected":false},"featured_media":23598,"comment_status":"open","ping_status":"closed","template":"","meta":{"_acf_changed":false},"product_brand":[],"product_cat":[300,112,117],"product_tag":[],"class_list":{"0":"post-25616","1":"product","2":"type-product","3":"status-publish","4":"has-post-thumbnail","6":"product_cat-all-our-carpets","7":"product_cat-beni-ouarain-rugs","8":"product_cat-moroccan-rug","10":"first","11":"instock","12":"taxable","13":"shipping-taxable","14":"purchasable","15":"product-type-simple"},"acf":[],"aioseo_notices":[],"aioseo_head":"\n\t\t<!-- All in One SEO Pro 4.9.6.2 - aioseo.com -->\n\t<meta name=\"description\" content=\"D\u00e9couvrez ce Nuit- Black Moroccan Berber Carpet 200\u00d7280 cm disponible sur notre site en ligne. Ajoutez une touche d&#039;authenticit\u00e9 \u00e0 votre int\u00e9rieur avec ce All our carpets\" \/>\n\t<meta name=\"robots\" content=\"max-image-preview:large\" \/>\n\t<meta name=\"google-site-verification\" content=\"TR79bayUbOqoarOKumvWsio6rmdIusJNq3SVVCbDl8g\" \/>\n\t<link rel=\"canonical\" href=\"https:\/\/www.leslosanges.com\/en\/product\/nuit-black-moroccan-berber-carpet-200x280-cm\/\" \/>\n\t<meta name=\"generator\" content=\"All in One SEO Pro (AIOSEO) 4.9.6.2\" \/>\n\t\t<meta property=\"og:locale\" content=\"en_US\" \/>\n\t\t<meta property=\"og:site_name\" content=\"Les Losanges - La boutique sp\u00e9cialis\u00e9e de tapis berbere\" \/>\n\t\t<meta property=\"og:type\" content=\"article\" \/>\n\t\t<meta property=\"og:title\" content=\"Nuit- Black Moroccan Berber Carpet 200\u00d7280 cm Livraison gratuite\" \/>\n\t\t<meta property=\"og:description\" content=\"D\u00e9couvrez ce Nuit- Black Moroccan Berber Carpet 200\u00d7280 cm disponible sur notre site en ligne. Ajoutez une touche d&#039;authenticit\u00e9 \u00e0 votre int\u00e9rieur avec ce All our carpets\" \/>\n\t\t<meta property=\"og:url\" content=\"https:\/\/www.leslosanges.com\/en\/product\/nuit-black-moroccan-berber-carpet-200x280-cm\/\" \/>\n\t\t<meta property=\"article:published_time\" content=\"2025-07-23T10:50:51+00:00\" \/>\n\t\t<meta property=\"article:modified_time\" content=\"2025-07-23T10:50:51+00:00\" \/>\n\t\t<meta name=\"twitter:card\" content=\"summary_large_image\" \/>\n\t\t<meta name=\"twitter:title\" content=\"Nuit- Black Moroccan Berber Carpet 200\u00d7280 cm Livraison gratuite\" \/>\n\t\t<meta name=\"twitter:description\" content=\"D\u00e9couvrez ce Nuit- Black Moroccan Berber Carpet 200\u00d7280 cm disponible sur notre site en ligne. Ajoutez une touche d&#039;authenticit\u00e9 \u00e0 votre int\u00e9rieur avec ce All our carpets\" \/>\n\t\t<script type=\"application\/ld+json\" class=\"aioseo-schema\">\n\t\t\t{\"@context\":\"https:\\\/\\\/schema.org\",\"@graph\":[{\"@type\":\"BreadcrumbList\",\"@id\":\"https:\\\/\\\/www.leslosanges.com\\\/en\\\/product\\\/nuit-black-moroccan-berber-carpet-200x280-cm\\\/#breadcrumblist\",\"itemListElement\":[{\"@type\":\"ListItem\",\"@id\":\"https:\\\/\\\/www.leslosanges.com\\\/en\\\/#listItem\",\"position\":1,\"name\":\"Accueil\",\"item\":\"https:\\\/\\\/www.leslosanges.com\\\/en\\\/\",\"nextItem\":{\"@type\":\"ListItem\",\"@id\":\"https:\\\/\\\/www.leslosanges.com\\\/en\\\/shop\\\/#listItem\",\"name\":\"Shop\"}},{\"@type\":\"ListItem\",\"@id\":\"https:\\\/\\\/www.leslosanges.com\\\/en\\\/shop\\\/#listItem\",\"position\":2,\"name\":\"Shop\",\"item\":\"https:\\\/\\\/www.leslosanges.com\\\/en\\\/shop\\\/\",\"nextItem\":{\"@type\":\"ListItem\",\"@id\":\"https:\\\/\\\/www.leslosanges.com\\\/en\\\/moroccan-rug\\\/#listItem\",\"name\":\"Moroccan rug\"},\"previousItem\":{\"@type\":\"ListItem\",\"@id\":\"https:\\\/\\\/www.leslosanges.com\\\/en\\\/#listItem\",\"name\":\"Accueil\"}},{\"@type\":\"ListItem\",\"@id\":\"https:\\\/\\\/www.leslosanges.com\\\/en\\\/moroccan-rug\\\/#listItem\",\"position\":3,\"name\":\"Moroccan rug\",\"item\":\"https:\\\/\\\/www.leslosanges.com\\\/en\\\/moroccan-rug\\\/\",\"nextItem\":{\"@type\":\"ListItem\",\"@id\":\"https:\\\/\\\/www.leslosanges.com\\\/en\\\/beni-ouarain-rugs\\\/#listItem\",\"name\":\"Beni Ouarain rug\"},\"previousItem\":{\"@type\":\"ListItem\",\"@id\":\"https:\\\/\\\/www.leslosanges.com\\\/en\\\/shop\\\/#listItem\",\"name\":\"Shop\"}},{\"@type\":\"ListItem\",\"@id\":\"https:\\\/\\\/www.leslosanges.com\\\/en\\\/beni-ouarain-rugs\\\/#listItem\",\"position\":4,\"name\":\"Beni Ouarain rug\",\"item\":\"https:\\\/\\\/www.leslosanges.com\\\/en\\\/beni-ouarain-rugs\\\/\",\"nextItem\":{\"@type\":\"ListItem\",\"@id\":\"https:\\\/\\\/www.leslosanges.com\\\/en\\\/product\\\/nuit-black-moroccan-berber-carpet-200x280-cm\\\/#listItem\",\"name\":\"Nuit- Black Moroccan Berber Carpet 200&#215;280 cm\"},\"previousItem\":{\"@type\":\"ListItem\",\"@id\":\"https:\\\/\\\/www.leslosanges.com\\\/en\\\/moroccan-rug\\\/#listItem\",\"name\":\"Moroccan rug\"}},{\"@type\":\"ListItem\",\"@id\":\"https:\\\/\\\/www.leslosanges.com\\\/en\\\/product\\\/nuit-black-moroccan-berber-carpet-200x280-cm\\\/#listItem\",\"position\":5,\"name\":\"Nuit- Black Moroccan Berber Carpet 200&#215;280 cm\",\"previousItem\":{\"@type\":\"ListItem\",\"@id\":\"https:\\\/\\\/www.leslosanges.com\\\/en\\\/beni-ouarain-rugs\\\/#listItem\",\"name\":\"Beni Ouarain rug\"}}]},{\"@type\":\"Organization\",\"@id\":\"https:\\\/\\\/www.leslosanges.com\\\/en\\\/#organization\",\"name\":\"Les losanges\",\"description\":\"La boutique sp\\u00e9cialis\\u00e9e de tapis berbere\",\"url\":\"https:\\\/\\\/www.leslosanges.com\\\/en\\\/\",\"telephone\":\"+33783785254\",\"logo\":{\"@type\":\"ImageObject\",\"url\":\"https:\\\/\\\/www.leslosanges.com\\\/wp-content\\\/uploads\\\/2022\\\/11\\\/Leslosangeslogo.png\",\"@id\":\"https:\\\/\\\/www.leslosanges.com\\\/en\\\/product\\\/nuit-black-moroccan-berber-carpet-200x280-cm\\\/#organizationLogo\",\"width\":500,\"height\":300},\"image\":{\"@id\":\"https:\\\/\\\/www.leslosanges.com\\\/en\\\/product\\\/nuit-black-moroccan-berber-carpet-200x280-cm\\\/#organizationLogo\"},\"sameAs\":[\"https:\\\/\\\/www.instagram.com\\\/leslosangesshop\\\/\",\"https:\\\/\\\/www.pinterest.fr\\\/sbonnord\\\/leslosanges\\\/\"]},{\"@type\":\"Product\",\"@id\":\"https:\\\/\\\/www.leslosanges.com\\\/en\\\/product\\\/nuit-black-moroccan-berber-carpet-200x280-cm\\\/#wooCommerceProduct\",\"name\":\"Nuit- Black Moroccan Berber Carpet 200x280 cm\",\"description\":\"Type : Mrirt RUG\\nOrigin : Middle Atlas , Morocco\\nConstruction : Handmade\\nMaterial: Wool\\nDimensions: 200x280 cm\",\"url\":\"https:\\\/\\\/www.leslosanges.com\\\/en\\\/product\\\/nuit-black-moroccan-berber-carpet-200x280-cm\\\/\",\"image\":{\"@type\":\"ImageObject\",\"url\":\"https:\\\/\\\/www.leslosanges.com\\\/wp-content\\\/uploads\\\/2025\\\/07\\\/IMG_6008-Photoroom-scaled.jpeg\",\"@id\":\"https:\\\/\\\/www.leslosanges.com\\\/en\\\/product\\\/nuit-black-moroccan-berber-carpet-200x280-cm\\\/#productImage\",\"width\":2019,\"height\":2560,\"caption\":\"Berber carpet with coloured geometric motifs on a black background, with bangs at the ends\"},\"offers\":{\"@type\":\"Offer\",\"url\":\"https:\\\/\\\/www.leslosanges.com\\\/en\\\/product\\\/nuit-black-moroccan-berber-carpet-200x280-cm\\\/#wooCommerceOffer\",\"price\":900,\"priceCurrency\":\"EUR\",\"category\":\"All our carpets\",\"availability\":\"https:\\\/\\\/schema.org\\\/InStock\",\"priceSpecification\":{\"@type\":\"PriceSpecification\",\"price\":900,\"priceCurrency\":\"EUR\",\"valueAddedTaxIncluded\":\"true\"},\"seller\":{\"@type\":\"Organization\",\"@id\":\"https:\\\/\\\/www.leslosanges.com\\\/en\\\/#organization\"}}},{\"@type\":\"WebPage\",\"@id\":\"https:\\\/\\\/www.leslosanges.com\\\/en\\\/product\\\/nuit-black-moroccan-berber-carpet-200x280-cm\\\/#webpage\",\"url\":\"https:\\\/\\\/www.leslosanges.com\\\/en\\\/product\\\/nuit-black-moroccan-berber-carpet-200x280-cm\\\/\",\"name\":\"Nuit- Black Moroccan Berber Carpet 200\\u00d7280 cm Livraison gratuite\",\"description\":\"D\\u00e9couvrez ce Nuit- Black Moroccan Berber Carpet 200\\u00d7280 cm disponible sur notre site en ligne. Ajoutez une touche d'authenticit\\u00e9 \\u00e0 votre int\\u00e9rieur avec ce All our carpets\",\"inLanguage\":\"en-US\",\"isPartOf\":{\"@id\":\"https:\\\/\\\/www.leslosanges.com\\\/en\\\/#website\"},\"breadcrumb\":{\"@id\":\"https:\\\/\\\/www.leslosanges.com\\\/en\\\/product\\\/nuit-black-moroccan-berber-carpet-200x280-cm\\\/#breadcrumblist\"},\"image\":{\"@type\":\"ImageObject\",\"url\":\"https:\\\/\\\/www.leslosanges.com\\\/wp-content\\\/uploads\\\/2025\\\/07\\\/IMG_6008-Photoroom-scaled.jpeg\",\"@id\":\"https:\\\/\\\/www.leslosanges.com\\\/en\\\/product\\\/nuit-black-moroccan-berber-carpet-200x280-cm\\\/#mainImage\",\"width\":2019,\"height\":2560,\"caption\":\"Berber carpet with coloured geometric motifs on a black background, with bangs at the ends\"},\"primaryImageOfPage\":{\"@id\":\"https:\\\/\\\/www.leslosanges.com\\\/en\\\/product\\\/nuit-black-moroccan-berber-carpet-200x280-cm\\\/#mainImage\"},\"datePublished\":\"2025-07-23T12:50:51+02:00\",\"dateModified\":\"2025-07-23T12:50:51+02:00\"},{\"@type\":\"WebSite\",\"@id\":\"https:\\\/\\\/www.leslosanges.com\\\/en\\\/#website\",\"url\":\"https:\\\/\\\/www.leslosanges.com\\\/en\\\/\",\"name\":\"Les Losanges, vente de tapis berbere\",\"alternateName\":\"Les Losanges\",\"description\":\"La boutique sp\\u00e9cialis\\u00e9e de tapis berbere\",\"inLanguage\":\"en-US\",\"publisher\":{\"@id\":\"https:\\\/\\\/www.leslosanges.com\\\/en\\\/#organization\"}}]}\n\t\t<\/script>\n\t\t<!-- All in One SEO Pro -->\r\n\t\t<title>Nuit- Black Moroccan Berber Carpet 200\u00d7280 cm Livraison gratuite<\/title>\n\n","aioseo_head_json":{"title":"Nuit- Black Moroccan Berber Carpet 200\u00d7280 cm Livraison gratuite","description":"D\u00e9couvrez ce Nuit- Black Moroccan Berber Carpet 200\u00d7280 cm disponible sur notre site en ligne. Ajoutez une touche d'authenticit\u00e9 \u00e0 votre int\u00e9rieur avec ce All our carpets","canonical_url":"https:\/\/www.leslosanges.com\/en\/product\/nuit-black-moroccan-berber-carpet-200x280-cm\/","robots":"max-image-preview:large","keywords":"","webmasterTools":{"google-site-verification":"TR79bayUbOqoarOKumvWsio6rmdIusJNq3SVVCbDl8g","miscellaneous":""},"schema":{"@context":"https:\/\/schema.org","@graph":[{"@type":"BreadcrumbList","@id":"https:\/\/www.leslosanges.com\/en\/product\/nuit-black-moroccan-berber-carpet-200x280-cm\/#breadcrumblist","itemListElement":[{"@type":"ListItem","@id":"https:\/\/www.leslosanges.com\/en\/#listItem","position":1,"name":"Accueil","item":"https:\/\/www.leslosanges.com\/en\/","nextItem":{"@type":"ListItem","@id":"https:\/\/www.leslosanges.com\/en\/shop\/#listItem","name":"Shop"}},{"@type":"ListItem","@id":"https:\/\/www.leslosanges.com\/en\/shop\/#listItem","position":2,"name":"Shop","item":"https:\/\/www.leslosanges.com\/en\/shop\/","nextItem":{"@type":"ListItem","@id":"https:\/\/www.leslosanges.com\/en\/moroccan-rug\/#listItem","name":"Moroccan rug"},"previousItem":{"@type":"ListItem","@id":"https:\/\/www.leslosanges.com\/en\/#listItem","name":"Accueil"}},{"@type":"ListItem","@id":"https:\/\/www.leslosanges.com\/en\/moroccan-rug\/#listItem","position":3,"name":"Moroccan rug","item":"https:\/\/www.leslosanges.com\/en\/moroccan-rug\/","nextItem":{"@type":"ListItem","@id":"https:\/\/www.leslosanges.com\/en\/beni-ouarain-rugs\/#listItem","name":"Beni Ouarain rug"},"previousItem":{"@type":"ListItem","@id":"https:\/\/www.leslosanges.com\/en\/shop\/#listItem","name":"Shop"}},{"@type":"ListItem","@id":"https:\/\/www.leslosanges.com\/en\/beni-ouarain-rugs\/#listItem","position":4,"name":"Beni Ouarain rug","item":"https:\/\/www.leslosanges.com\/en\/beni-ouarain-rugs\/","nextItem":{"@type":"ListItem","@id":"https:\/\/www.leslosanges.com\/en\/product\/nuit-black-moroccan-berber-carpet-200x280-cm\/#listItem","name":"Nuit- Black Moroccan Berber Carpet 200&#215;280 cm"},"previousItem":{"@type":"ListItem","@id":"https:\/\/www.leslosanges.com\/en\/moroccan-rug\/#listItem","name":"Moroccan rug"}},{"@type":"ListItem","@id":"https:\/\/www.leslosanges.com\/en\/product\/nuit-black-moroccan-berber-carpet-200x280-cm\/#listItem","position":5,"name":"Nuit- Black Moroccan Berber Carpet 200&#215;280 cm","previousItem":{"@type":"ListItem","@id":"https:\/\/www.leslosanges.com\/en\/beni-ouarain-rugs\/#listItem","name":"Beni Ouarain rug"}}]},{"@type":"Organization","@id":"https:\/\/www.leslosanges.com\/en\/#organization","name":"Les losanges","description":"La boutique sp\u00e9cialis\u00e9e de tapis berbere","url":"https:\/\/www.leslosanges.com\/en\/","telephone":"+33783785254","logo":{"@type":"ImageObject","url":"https:\/\/www.leslosanges.com\/wp-content\/uploads\/2022\/11\/Leslosangeslogo.png","@id":"https:\/\/www.leslosanges.com\/en\/product\/nuit-black-moroccan-berber-carpet-200x280-cm\/#organizationLogo","width":500,"height":300},"image":{"@id":"https:\/\/www.leslosanges.com\/en\/product\/nuit-black-moroccan-berber-carpet-200x280-cm\/#organizationLogo"},"sameAs":["https:\/\/www.instagram.com\/leslosangesshop\/","https:\/\/www.pinterest.fr\/sbonnord\/leslosanges\/"]},{"@type":"Product","@id":"https:\/\/www.leslosanges.com\/en\/product\/nuit-black-moroccan-berber-carpet-200x280-cm\/#wooCommerceProduct","name":"Nuit- Black Moroccan Berber Carpet 200x280 cm","description":"Type : Mrirt RUG\nOrigin : Middle Atlas , Morocco\nConstruction : Handmade\nMaterial: Wool\nDimensions: 200x280 cm","url":"https:\/\/www.leslosanges.com\/en\/product\/nuit-black-moroccan-berber-carpet-200x280-cm\/","image":{"@type":"ImageObject","url":"https:\/\/www.leslosanges.com\/wp-content\/uploads\/2025\/07\/IMG_6008-Photoroom-scaled.jpeg","@id":"https:\/\/www.leslosanges.com\/en\/product\/nuit-black-moroccan-berber-carpet-200x280-cm\/#productImage","width":2019,"height":2560,"caption":"Berber carpet with coloured geometric motifs on a black background, with bangs at the ends"},"offers":{"@type":"Offer","url":"https:\/\/www.leslosanges.com\/en\/product\/nuit-black-moroccan-berber-carpet-200x280-cm\/#wooCommerceOffer","price":900,"priceCurrency":"EUR","category":"All our carpets","availability":"https:\/\/schema.org\/InStock","priceSpecification":{"@type":"PriceSpecification","price":900,"priceCurrency":"EUR","valueAddedTaxIncluded":"true"},"seller":{"@type":"Organization","@id":"https:\/\/www.leslosanges.com\/en\/#organization"}}},{"@type":"WebPage","@id":"https:\/\/www.leslosanges.com\/en\/product\/nuit-black-moroccan-berber-carpet-200x280-cm\/#webpage","url":"https:\/\/www.leslosanges.com\/en\/product\/nuit-black-moroccan-berber-carpet-200x280-cm\/","name":"Nuit- Black Moroccan Berber Carpet 200\u00d7280 cm Livraison gratuite","description":"D\u00e9couvrez ce Nuit- Black Moroccan Berber Carpet 200\u00d7280 cm disponible sur notre site en ligne. Ajoutez une touche d'authenticit\u00e9 \u00e0 votre int\u00e9rieur avec ce All our carpets","inLanguage":"en-US","isPartOf":{"@id":"https:\/\/www.leslosanges.com\/en\/#website"},"breadcrumb":{"@id":"https:\/\/www.leslosanges.com\/en\/product\/nuit-black-moroccan-berber-carpet-200x280-cm\/#breadcrumblist"},"image":{"@type":"ImageObject","url":"https:\/\/www.leslosanges.com\/wp-content\/uploads\/2025\/07\/IMG_6008-Photoroom-scaled.jpeg","@id":"https:\/\/www.leslosanges.com\/en\/product\/nuit-black-moroccan-berber-carpet-200x280-cm\/#mainImage","width":2019,"height":2560,"caption":"Berber carpet with coloured geometric motifs on a black background, with bangs at the ends"},"primaryImageOfPage":{"@id":"https:\/\/www.leslosanges.com\/en\/product\/nuit-black-moroccan-berber-carpet-200x280-cm\/#mainImage"},"datePublished":"2025-07-23T12:50:51+02:00","dateModified":"2025-07-23T12:50:51+02:00"},{"@type":"WebSite","@id":"https:\/\/www.leslosanges.com\/en\/#website","url":"https:\/\/www.leslosanges.com\/en\/","name":"Les Losanges, vente de tapis berbere","alternateName":"Les Losanges","description":"La boutique sp\u00e9cialis\u00e9e de tapis berbere","inLanguage":"en-US","publisher":{"@id":"https:\/\/www.leslosanges.com\/en\/#organization"}}]},"og:locale":"en_US","og:site_name":"Les Losanges - La boutique sp\u00e9cialis\u00e9e de tapis berbere","og:type":"article","og:title":"Nuit- Black Moroccan Berber Carpet 200\u00d7280 cm Livraison gratuite","og:description":"D\u00e9couvrez ce Nuit- Black Moroccan Berber Carpet 200\u00d7280 cm disponible sur notre site en ligne. Ajoutez une touche d'authenticit\u00e9 \u00e0 votre int\u00e9rieur avec ce All our carpets","og:url":"https:\/\/www.leslosanges.com\/en\/product\/nuit-black-moroccan-berber-carpet-200x280-cm\/","article:published_time":"2025-07-23T10:50:51+00:00","article:modified_time":"2025-07-23T10:50:51+00:00","twitter:card":"summary_large_image","twitter:title":"Nuit- Black Moroccan Berber Carpet 200\u00d7280 cm Livraison gratuite","twitter:description":"D\u00e9couvrez ce Nuit- Black Moroccan Berber Carpet 200\u00d7280 cm disponible sur notre site en ligne. Ajoutez une touche d'authenticit\u00e9 \u00e0 votre int\u00e9rieur avec ce All our carpets"},"aioseo_meta_data":{"post_id":"25616","title":null,"description":null,"keywords":null,"keyphrases":null,"primary_term":null,"canonical_url":null,"og_title":null,"og_description":null,"og_object_type":"default","og_image_type":"default","og_image_url":null,"og_image_width":null,"og_image_height":null,"og_image_custom_url":null,"og_image_custom_fields":null,"og_video":null,"og_custom_url":null,"og_article_section":null,"og_article_tags":null,"twitter_use_og":false,"twitter_card":"default","twitter_image_type":"default","twitter_image_url":null,"twitter_image_custom_url":null,"twitter_image_custom_fields":null,"twitter_title":null,"twitter_description":null,"schema":{"blockGraphs":[],"customGraphs":[],"default":{"data":{"Article":[],"Course":[],"Dataset":[],"FAQPage":[],"Movie":[],"Person":[],"Product":[],"ProductReview":[],"Car":[],"Recipe":[],"Service":[],"SoftwareApplication":[],"WebPage":[]},"graphName":"","isEnabled":true},"graphs":[]},"schema_type":"default","schema_type_options":null,"pillar_content":false,"robots_default":true,"robots_noindex":false,"robots_noarchive":false,"robots_nosnippet":false,"robots_nofollow":false,"robots_noimageindex":false,"robots_noodp":false,"robots_notranslate":false,"robots_max_snippet":null,"robots_max_videopreview":null,"robots_max_imagepreview":"large","priority":null,"frequency":null,"local_seo":null,"seo_analyzer_scan_date":"2025-10-09 03:12:40","breadcrumb_settings":null,"limit_modified_date":false,"open_ai":null,"ai":null,"created":"2026-01-11 12:35:02","updated":"2026-01-11 12:35:05"},"aioseo_breadcrumb":"<div class=\"aioseo-breadcrumbs\"><span class=\"aioseo-breadcrumb\">\n\t<a href=\"https:\/\/www.leslosanges.com\/en\/\" title=\"Accueil\">Accueil<\/a>\n<\/span><span class=\"aioseo-breadcrumb-separator\">\u203a<\/span><span class=\"aioseo-breadcrumb\">\n\t<a href=\"https:\/\/www.leslosanges.com\/en\/shop\/\" title=\"Shop\">Shop<\/a>\n<\/span><span class=\"aioseo-breadcrumb-separator\">\u203a<\/span><span class=\"aioseo-breadcrumb\">\n\t<a href=\"https:\/\/www.leslosanges.com\/en\/moroccan-rug\/\" title=\"Moroccan rug\">Moroccan rug<\/a>\n<\/span><span class=\"aioseo-breadcrumb-separator\">\u203a<\/span><span class=\"aioseo-breadcrumb\">\n\t<a href=\"https:\/\/www.leslosanges.com\/en\/beni-ouarain-rugs\/\" title=\"Beni Ouarain rug\">Beni Ouarain rug<\/a>\n<\/span><span class=\"aioseo-breadcrumb-separator\">\u203a<\/span><span class=\"aioseo-breadcrumb\">\n\tNuit- Black Moroccan Berber Carpet 200\u00d7280 cm\n<\/span><\/div>","aioseo_breadcrumb_json":[{"label":"Accueil","link":"https:\/\/www.leslosanges.com\/en\/"},{"label":"Shop","link":"https:\/\/www.leslosanges.com\/en\/shop\/"},{"label":"Moroccan rug","link":"https:\/\/www.leslosanges.com\/en\/moroccan-rug\/"},{"label":"Beni Ouarain rug","link":"https:\/\/www.leslosanges.com\/en\/beni-ouarain-rugs\/"},{"label":"Nuit- Black Moroccan Berber Carpet 200&#215;280 cm","link":"https:\/\/www.leslosanges.com\/en\/product\/nuit-black-moroccan-berber-carpet-200x280-cm\/"}],"_links":{"self":[{"href":"https:\/\/www.leslosanges.com\/en\/wp-json\/wp\/v2\/product\/25616","targetHints":{"allow":["GET"]}}],"collection":[{"href":"https:\/\/www.leslosanges.com\/en\/wp-json\/wp\/v2\/product"}],"about":[{"href":"https:\/\/www.leslosanges.com\/en\/wp-json\/wp\/v2\/types\/product"}],"replies":[{"embeddable":true,"href":"https:\/\/www.leslosanges.com\/en\/wp-json\/wp\/v2\/comments?post=25616"}],"wp:featuredmedia":[{"embeddable":true,"href":"https:\/\/www.leslosanges.com\/en\/wp-json\/wp\/v2\/media\/23598"}],"wp:attachment":[{"href":"https:\/\/www.leslosanges.com\/en\/wp-json\/wp\/v2\/media?parent=25616"}],"wp:term":[{"taxonomy":"product_brand","embeddable":true,"href":"https:\/\/www.leslosanges.com\/en\/wp-json\/wp\/v2\/product_brand?post=25616"},{"taxonomy":"product_cat","embeddable":true,"href":"https:\/\/www.leslosanges.com\/en\/wp-json\/wp\/v2\/product_cat?post=25616"},{"taxonomy":"product_tag","embeddable":true,"href":"https:\/\/www.leslosanges.com\/en\/wp-json\/wp\/v2\/product_tag?post=25616"}],"curies":[{"name":"wp","href":"https:\/\/api.w.org\/{rel}","templated":true}]}}